{"id":6933,"date":"2024-05-16T11:01:43","date_gmt":"2024-05-16T15:01:43","guid":{"rendered":"https:\/\/www.voluntasdei.org\/?page_id=6933"},"modified":"2024-05-16T11:18:31","modified_gmt":"2024-05-16T15:18:31","slug":"rapport-visite-francois-hamel-2","status":"publish","type":"page","link":"https:\/\/www.voluntasdei.org\/es\/rapport-visite-francois-hamel-2\/","title":{"rendered":"Le directeur g\u00e9n\u00e9ral - Rapport de visite - Marc-Andr\u00e9 Lafreni\u00e8re"},"content":{"rendered":"<h2>Nouvelles du directeur g\u00e9n\u00e9ral<\/h2>\n<h3>Rapports de visite<\/h3>\n<h3>Marc-Andr\u00e9 Lafreni\u00e8re<\/h3>\n<ul>\n<li>\n<h3>R\u00e9publique dominicaine<\/h3>\n<div>\n<p><strong>2024<\/strong><\/p>\n<\/p>\n<\/div>\n<\/li>\n<li>\n<h3>Chili<\/h3>\n<div>\n<p><strong>2024\u00a0 &#8211;\u00a0 <\/strong><strong>2023\u00a0 &#8211;\u00a0 <\/strong><strong>2022<\/strong><\/p>\n<\/p>\n<\/div>\n<\/li>\n<li>\n<h3>Vatican<\/h3>\n<div>\n<p><strong>2024<\/strong><\/p>\n<\/div>\n<\/li>\n<li>\n<h3>Cuba<\/h3>\n<div>\n<p><strong>2023<\/strong><\/p>\n<\/div>\n<\/li>\n<li>\n<h3>\u00c9tats-Unis<\/h3>\n<div>\n<p><strong>2023<\/strong><\/p>\n<\/div>\n<\/li>\n<li>\n<h3>Tamil Nadu<\/h3>\n<div>\n<p><strong>2023<\/strong><\/p>\n<\/div>\n<\/li>\n<li>\n<h3>Kerala<\/h3>\n<div>\n<p><strong>2023<\/strong><\/p>\n<\/div>\n<\/li>\n<li>\n<h3>Vietnam<\/h3>\n<div>\n<p><strong>2023<\/strong><\/p>\n<\/div>\n<\/li>\n<\/ul>\n<p>\n    <a href=\"\/le-directeur-general-ivd\/\">Nouvelles du directeur g\u00e9n\u00e9ral<\/a>\n<\/p>\n<p><!--more--><br \/>\n<!-- {\"children\":[{\"type\":\"section\",\"props\":{\"header_transparent\":\"dark\",\"image\":\"wp-content\\\/uploads\\\/2022\\\/11\\\/Nouvelle-entete_IVD.jpg\",\"image_height\":\"auto\",\"image_position\":\"center-center\",\"image_size\":\"cover\",\"overlap\":false,\"padding\":\"xsmall\",\"style\":\"default\",\"title_breakpoint\":\"xl\",\"title_position\":\"top-left\",\"title_rotation\":\"left\",\"vertical_align\":\"middle\",\"width\":\"large\"},\"children\":[{\"type\":\"row\",\"children\":[{\"type\":\"column\",\"props\":{\"image_position\":\"center-center\",\"media_overlay_gradient\":\"\",\"position_sticky_breakpoint\":\"m\",\"width_medium\":\"1-1\"},\"children\":[{\"type\":\"headline\",\"props\":{\"content\":\"Nouvelles du directeur g\\u00e9n\\u00e9ral\",\"content_en_gb\":\"Director General\\u2019s Newsletter\",\"content_es_es\":\"Noticias del director general\",\"margin_remove_bottom\":false,\"text_align\":\"center\",\"title_color\":\"success\",\"title_element\":\"h2\"}}]}]}],\"name\":\"Accueil 051122\"},{\"type\":\"section\",\"props\":{\"image_position\":\"center-center\",\"padding\":\"small\",\"style\":\"default\",\"title_breakpoint\":\"xl\",\"title_position\":\"top-left\",\"title_rotation\":\"left\",\"vertical_align\":\"middle\",\"width\":\"small\"},\"children\":[{\"type\":\"row\",\"children\":[{\"type\":\"column\",\"props\":{\"image_position\":\"center-center\",\"media_overlay_gradient\":\"\",\"position_sticky_breakpoint\":\"m\",\"width_medium\":\"\"},\"children\":[{\"type\":\"headline\",\"props\":{\"content\":\"Rapports de visite\",\"content_en_gb\":\"Visit Reports\",\"content_es_es\":\"Informe de visita\",\"title_color\":\"danger\",\"title_element\":\"h3\"}},{\"type\":\"headline\",\"props\":{\"content\":\"Marc-Andr\\u00e9 Lafreni\\u00e8re\",\"content_en_gb\":\"Fran\\u00e7ois Hamel\",\"content_es_es\":\"Fran\\u00e7ois Hamel\",\"margin_remove_top\":true,\"title_color\":\"warning\",\"title_element\":\"h3\"}},{\"type\":\"fragment\",\"children\":[{\"type\":\"row\",\"children\":[{\"type\":\"column\",\"props\":{\"image_position\":\"center-center\",\"media_overlay_gradient\":\"\",\"position_sticky_breakpoint\":\"m\"},\"children\":[{\"type\":\"description_list\",\"props\":{\"column_breakpoint\":\"m\",\"layout\":\"grid-2\",\"list_element\":\"ul\",\"list_marker_color\":\"muted\",\"list_size\":\"\",\"list_style\":\"striped\",\"meta_align\":\"below-content\",\"meta_style\":\"meta\",\"show_content\":true,\"show_link\":true,\"show_meta\":true,\"show_title\":true,\"text_align\":\"left\",\"title_color\":\"primary\",\"title_element\":\"h3\",\"title_grid_breakpoint\":\"\",\"title_grid_column_gap\":\"small\",\"title_grid_row_gap\":\"small\",\"title_grid_width\":\"medium\",\"title_style\":\"h4\"},\"children\":[{\"type\":\"description_list_item\",\"props\":{\"content\":\"\n\n<p><strong>2024<\\\/strong><\\\/p>\\n\n\n<p><\\\/p>\",\"content_en_gb\":\"\n\n<p><strong>2005<\\\/strong><\\\/p>\",\"content_es_es\":\"\n\n<p><strong><a href=\\\"https:\\\/\\\/www.voluntasdei.org\\\/wp-content\\\/uploads\\\/2021\\\/12\\\/RV2005-11_Cameroun-Congo_JHarvey-es.pdf\\\" target=\\\"_blank\\\" rel=\\\"noopener\\\">2005<\\\/a><\\\/strong><\\\/p>\",\"title\":\"R\\u00e9publique dominicaine\",\"title_en_gb\":\"R\\u00e9publique dominicaine\",\"title_es_es\":\"R\\u00e9publique dominicaine\"}},{\"type\":\"description_list_item\",\"props\":{\"content\":\"\n\n<p><strong>2024\\u00a0 -\\u00a0 <\\\/strong><strong>2023\\u00a0 -\\u00a0 <\\\/strong><strong>2022<\\\/strong><\\\/p>\\n\n\n<p><\\\/p>\",\"content_en_gb\":\"\n\n<p><strong><a href=\\\"https:\\\/\\\/www.voluntasdei.org\\\/wp-content\\\/uploads\\\/2021\\\/12\\\/RV2005-11_Cameroun-Congo_JHarvey-en.pdf\\\" target=\\\"_blank\\\" rel=\\\"noopener\\\">2005<\\\/a><\\\/strong><\\\/p>\",\"content_es_es\":\"\n\n<p><strong><a href=\\\"https:\\\/\\\/www.voluntasdei.org\\\/wp-content\\\/uploads\\\/2021\\\/12\\\/RV2005-11_Cameroun-Congo_JHarvey-es.pdf\\\" target=\\\"_blank\\\" rel=\\\"noopener\\\">2005<\\\/a><\\\/strong><\\\/p>\",\"title\":\"Chili\",\"title_en_gb\":\"Cameroun-Congo\",\"title_es_es\":\"Cameroun-Congo\"}},{\"type\":\"description_list_item\",\"props\":{\"content\":\"\n\n<p><strong>2024<\\\/strong><\\\/p>\",\"content_en_gb\":\"\n\n<p><strong><a href=\\\"https:\\\/\\\/www.voluntasdei.org\\\/wp-content\\\/uploads\\\/2021\\\/12\\\/RV2005-11_Cameroun-Congo_JHarvey-en.pdf\\\" target=\\\"_blank\\\" rel=\\\"noopener\\\">2005<\\\/a><\\\/strong><\\\/p>\",\"content_es_es\":\"\n\n<p><strong><a href=\\\"https:\\\/\\\/www.voluntasdei.org\\\/wp-content\\\/uploads\\\/2021\\\/12\\\/RV2005-11_Cameroun-Congo_JHarvey-es.pdf\\\" target=\\\"_blank\\\" rel=\\\"noopener\\\">2005<\\\/a><\\\/strong><\\\/p>\",\"title\":\"Vatican\",\"title_en_gb\":\"Cameroun-Congo\",\"title_es_es\":\"Cameroun-Congo\"}},{\"type\":\"description_list_item\",\"props\":{\"content\":\"\n\n<p><strong>2023<\\\/strong><\\\/p>\",\"content_en_gb\":\"\n\n<p><strong><a href=\\\"https:\\\/\\\/www.voluntasdei.org\\\/wp-content\\\/uploads\\\/2021\\\/12\\\/RV2005-11_Cameroun-Congo_JHarvey-en.pdf\\\" target=\\\"_blank\\\" rel=\\\"noopener\\\">2005<\\\/a><\\\/strong><\\\/p>\",\"content_es_es\":\"\n\n<p><strong><a href=\\\"https:\\\/\\\/www.voluntasdei.org\\\/wp-content\\\/uploads\\\/2021\\\/12\\\/RV2005-11_Cameroun-Congo_JHarvey-es.pdf\\\" target=\\\"_blank\\\" rel=\\\"noopener\\\">2005<\\\/a><\\\/strong><\\\/p>\",\"title\":\"Cuba\",\"title_en_gb\":\"Cameroun-Congo\",\"title_es_es\":\"Cameroun-Congo\"}},{\"type\":\"description_list_item\",\"props\":{\"content\":\"\n\n<p><strong>2023<\\\/strong><\\\/p>\",\"content_en_gb\":\"\n\n<p><strong><a href=\\\"https:\\\/\\\/www.voluntasdei.org\\\/wp-content\\\/uploads\\\/2021\\\/12\\\/RV2005-11_Cameroun-Congo_JHarvey-en.pdf\\\" target=\\\"_blank\\\" rel=\\\"noopener\\\">2005<\\\/a><\\\/strong><\\\/p>\",\"content_es_es\":\"\n\n<p><strong><a href=\\\"https:\\\/\\\/www.voluntasdei.org\\\/wp-content\\\/uploads\\\/2021\\\/12\\\/RV2005-11_Cameroun-Congo_JHarvey-es.pdf\\\" target=\\\"_blank\\\" rel=\\\"noopener\\\">2005<\\\/a><\\\/strong><\\\/p>\",\"title\":\"\\u00c9tats-Unis\",\"title_en_gb\":\"Cameroun-Congo\",\"title_es_es\":\"Cameroun-Congo\"}},{\"type\":\"description_list_item\",\"props\":{\"content\":\"\n\n<p><strong>2023<\\\/strong><\\\/p>\",\"content_en_gb\":\"\n\n<p><strong><a href=\\\"https:\\\/\\\/www.voluntasdei.org\\\/wp-content\\\/uploads\\\/2021\\\/12\\\/RV2005-11_Cameroun-Congo_JHarvey-en.pdf\\\" target=\\\"_blank\\\" rel=\\\"noopener\\\">2005<\\\/a><\\\/strong><\\\/p>\",\"content_es_es\":\"\n\n<p><strong><a href=\\\"https:\\\/\\\/www.voluntasdei.org\\\/wp-content\\\/uploads\\\/2021\\\/12\\\/RV2005-11_Cameroun-Congo_JHarvey-es.pdf\\\" target=\\\"_blank\\\" rel=\\\"noopener\\\">2005<\\\/a><\\\/strong><\\\/p>\",\"title\":\"Tamil Nadu\",\"title_en_gb\":\"Cameroun-Congo\",\"title_es_es\":\"Cameroun-Congo\"}},{\"type\":\"description_list_item\",\"props\":{\"content\":\"\n\n<p><strong>2023<\\\/strong><\\\/p>\",\"content_en_gb\":\"\n\n<p><strong><a href=\\\"https:\\\/\\\/www.voluntasdei.org\\\/wp-content\\\/uploads\\\/2021\\\/12\\\/RV2005-11_Cameroun-Congo_JHarvey-en.pdf\\\" target=\\\"_blank\\\" rel=\\\"noopener\\\">2005<\\\/a><\\\/strong><\\\/p>\",\"content_es_es\":\"\n\n<p><strong><a href=\\\"https:\\\/\\\/www.voluntasdei.org\\\/wp-content\\\/uploads\\\/2021\\\/12\\\/RV2005-11_Cameroun-Congo_JHarvey-es.pdf\\\" target=\\\"_blank\\\" rel=\\\"noopener\\\">2005<\\\/a><\\\/strong><\\\/p>\",\"title\":\"Kerala\",\"title_en_gb\":\"Cameroun-Congo\",\"title_es_es\":\"Cameroun-Congo\"}},{\"type\":\"description_list_item\",\"props\":{\"content\":\"\n\n<p><strong>2023<\\\/strong><\\\/p>\",\"content_en_gb\":\"\n\n<p><strong><a href=\\\"https:\\\/\\\/www.voluntasdei.org\\\/wp-content\\\/uploads\\\/2021\\\/12\\\/RV2005-11_Cameroun-Congo_JHarvey-en.pdf\\\" target=\\\"_blank\\\" rel=\\\"noopener\\\">2005<\\\/a><\\\/strong><\\\/p>\",\"content_es_es\":\"\n\n<p><strong><a href=\\\"https:\\\/\\\/www.voluntasdei.org\\\/wp-content\\\/uploads\\\/2021\\\/12\\\/RV2005-11_Cameroun-Congo_JHarvey-es.pdf\\\" target=\\\"_blank\\\" rel=\\\"noopener\\\">2005<\\\/a><\\\/strong><\\\/p>\",\"title\":\"Vietnam\",\"title_en_gb\":\"Cameroun-Congo\",\"title_es_es\":\"Cameroun-Congo\"}}],\"name\":\"RAPPORT DE VISITE FRAN\\u00c7OIS HAMEL\"}]}]}]},{\"type\":\"button\",\"props\":{\"grid_column_gap\":\"small\",\"grid_row_gap\":\"small\",\"margin\":\"default\"},\"children\":[{\"type\":\"button_item\",\"props\":{\"button_style\":\"primary\",\"content\":\"Nouvelles du directeur g\\u00e9n\\u00e9ral\",\"content_en_gb\":\"Director General\\u2019s Newsletter\",\"content_es_es\":\"Informes de visita\",\"icon_align\":\"left\",\"link\":\"le-directeur-general-ivd\\\/\",\"link_en_gb\":\"le-directeur-general-ivd\\\/\",\"link_es_es\":\"le-directeur-general-ivd\\\/\"}}]}]}]}],\"name\":\"Le directeur g\\u00e9n\\u00e9ral - FR\"}],\"version\":\"3.0.25\",\"type\":\"layout\",\"yooessentialsVersion\":\"1.9.1\"} --><\/p>\n","protected":false},"excerpt":{"rendered":"<p>Nouvelles du directeur g\u00e9n\u00e9ral Rapports de visite Marc-Andr\u00e9 Lafreni\u00e8re R\u00e9publique dominicaine 2024 Chili 2024\u00a0 &#8211;\u00a0 2023\u00a0 &#8211;\u00a0 2022 Vatican 2024 Cuba 2023 \u00c9tats-Unis 2023 Tamil Nadu 2023 Kerala 2023 Vietnam 2023 Nouvelles du directeur g\u00e9n\u00e9ral<\/p>\n","protected":false},"author":1,"featured_media":0,"parent":0,"menu_order":1,"comment_status":"closed","ping_status":"closed","template":"","meta":{"footnotes":""},"class_list":["post-6933","page","type-page","status-publish","hentry"],"_links":{"self":[{"href":"https:\/\/www.voluntasdei.org\/es\/wp-json\/wp\/v2\/pages\/6933","targetHints":{"allow":["GET"]}}],"collection":[{"href":"https:\/\/www.voluntasdei.org\/es\/wp-json\/wp\/v2\/pages"}],"about":[{"href":"https:\/\/www.voluntasdei.org\/es\/wp-json\/wp\/v2\/types\/page"}],"author":[{"embeddable":true,"href":"https:\/\/www.voluntasdei.org\/es\/wp-json\/wp\/v2\/users\/1"}],"replies":[{"embeddable":true,"href":"https:\/\/www.voluntasdei.org\/es\/wp-json\/wp\/v2\/comments?post=6933"}],"version-history":[{"count":18,"href":"https:\/\/www.voluntasdei.org\/es\/wp-json\/wp\/v2\/pages\/6933\/revisions"}],"predecessor-version":[{"id":6952,"href":"https:\/\/www.voluntasdei.org\/es\/wp-json\/wp\/v2\/pages\/6933\/revisions\/6952"}],"wp:attachment":[{"href":"https:\/\/www.voluntasdei.org\/es\/wp-json\/wp\/v2\/media?parent=6933"}],"curies":[{"name":"wp","href":"https:\/\/api.w.org\/{rel}","templated":true}]}}