{"id":6666,"date":"2023-01-21T11:31:30","date_gmt":"2023-01-21T16:31:30","guid":{"rendered":"https:\/\/www.voluntasdei.org\/?page_id=6666"},"modified":"2023-02-03T17:18:36","modified_gmt":"2023-02-03T22:18:36","slug":"la-spiritualite-2","status":"publish","type":"page","link":"https:\/\/www.voluntasdei.org\/es\/la-spiritualite-2\/","title":{"rendered":"La  spiritualit\u00e9"},"content":{"rendered":"<h2>La spiritualit\u00e9<\/h2>\n<ul>\n<li>\n        <a href=\"\/qui-sommes-nous-fr\/\">Qui sommes-nous?<\/a>\n    <\/li>\n<li>\n        <a href=\"\/les-membres-fr\/\">Les membres<\/a>\n    <\/li>\n<li>\n        <a href=\"\/le-charisme-fr\/\">Le charisme<\/a>\n    <\/li>\n<li>\n        <a href=\"\/la-consecration\/\">La cons\u00e9cration<\/a>\n    <\/li>\n<li>\n        <a href=\"\/la-formation-fr-2\/\">La formation<\/a>\n    <\/li>\n<li>\n        <a href=\"\/la-vie-d-equipe\/\">La vie d\u2019\u00e9quipe<\/a>\n    <\/li>\n<li>\n        <a href=\"\/la-vie-d-un-voluntas-dei\/\">La vie d&#8217;un Voluntas Dei<\/a>\n    <\/li>\n<\/ul>\n<div>\n<div class=\"texte\">\n<div class=\"texte\" style=\"text-align: justify;\">\n<div class=\"texte\" align=\"left\">\n<p style=\"text-align: justify;\"><span color=\"black\" face=\"Georgia\"><span face=\"Verdana\"><span style=\"color: #ff6600;\">\u00c0<\/span> l&#8217;id\u00e9al de vie que l&#8217;Institut Voluntas Dei propose \u00e0 <\/span><\/span><span color=\"black\" face=\"Verdana\">nos membres <em>: faire en tout la volont\u00e9 du P\u00e8re, comme le Christ <\/em><\/span><span color=\"black\" face=\"Verdana\"><em>et la Vierge Marie<\/em>, se greffe une spiritualit\u00e9 appropri\u00e9e <\/span><span color=\"black\" face=\"Verdana\">dite <strong>mystique des 5-5-5<em>.<\/em><\/strong><\/span><\/p>\n<p style=\"text-align: justify;\"><span color=\"black\" face=\"Verdana\">Par <\/span><span color=\"#ff0014\" face=\"Verdana\"><strong>le premier 5<\/strong>,<\/span><span color=\"black\" face=\"Verdana\"> nous d\u00e9veloppons une vie d&#8217;intimit\u00e9 <\/span><span color=\"black\" face=\"Verdana\">avec le Seigneur dans la pri\u00e8re quotidienne, favorisant les exercices spirituels suivants : l&#8217;oraison ou la m\u00e9ditation, la lecture de la Parole de Dieu et d&#8217;oeuvres de spiritualit\u00e9, l&#8217;Eucharistie, la d\u00e9votion au Saint-Sacrement et la d\u00e9votion <\/span><span color=\"black\" face=\"Verdana\">\u00e0 la Vierge Marie, en particulier par la m\u00e9ditation des <\/span><span color=\"black\" face=\"Verdana\">myst\u00e8res du Rosaire et la r\u00e9citation du chapelet.<\/span><\/p>\n<p style=\"text-align: justify;\"><span face=\"Verdana\"><em><span color=\"black\">Quand les circonstances de vie rendent impossible l&#8217;accomplissement d&#8217;un exercice de pi\u00e9t\u00e9 sous la forme prescrite, les membres se soucient de le remplacer par un autre, \u00e0 l&#8217;exception de l&#8217;oraison dont ils ne se dispensent jamais. . .<\/span><\/em><\/span><span color=\"black\" face=\"Verdana\"> (Const., 10)<\/span><\/p>\n<p style=\"text-align: justify;\"><span color=\"black\" face=\"Verdana\">Par<\/span><span color=\"#ff0014\" face=\"Verdana\"> <strong>le deuxi\u00e8me 5<\/strong>,<\/span><span color=\"black\" face=\"Verdana\"> nous cultivons particuli\u00e8rement l&#8217;esprit de recueillement, d&#8217;humilit\u00e9 et de charit\u00e9 fraternelle par les attitudes suivantes :<\/span><\/p>\n<p style=\"text-align: justify;\"><span color=\"#2200ff\" face=\"Verdana\"><strong>Pr\u00e9sence de Dieu <\/strong>:<\/span><span color=\"black\" face=\"Verdana\"> nous recherchons la pr\u00e9sence de Dieu en vivant le moment pr\u00e9sent; nous prenons r\u00e9guli\u00e8rement un contact int\u00e9rieur avec Lui et saisissons toutes les occasions d&#8217;intensifier cette union.<\/span><\/p>\n<p style=\"text-align: justify;\"><span color=\"#2200ff\" face=\"Verdana\"><strong>Absence de critique <\/strong>:<\/span><span color=\"black\" face=\"Verdana\"> nous portons un regard aimant sur les personnes et accueillons le Christ pr\u00e9sent en elles en \u00e9vitant toute critique destructive ext\u00e9rieure ou int\u00e9rieure.<\/span><\/p>\n<p style=\"text-align: justify;\"><span color=\"#2200ff\" face=\"Verdana\"><strong>Absence de plainte <\/strong>:<\/span><span color=\"black\" face=\"Verdana\"> nous nous ouvrons \u00e0 l&#8217;\u00e9merveillement pour d\u00e9couvrir et accueillir la pr\u00e9sence du Christ dans les \u00e9v\u00e9nements en \u00e9vitant toute plainte inutile ext\u00e9rieure ou int\u00e9rieure.<\/span><\/p>\n<p style=\"text-align: justify;\"><span color=\"#2200ff\" face=\"Verdana\"><strong>\u00catre de service <\/strong>:<\/span><span color=\"black\" face=\"Verdana\"> nous assumons pleinement nos responsabilit\u00e9s et aimons servir nos fr\u00e8res et nos soeurs avec gratuit\u00e9 et empressement \u00e0 la mani\u00e8re de J\u00e9sus, c&#8217;est-\u00e0-dire, prendre notre vie et la semer \u00e0 pleines mains, \u00e0 plein coeur.<\/span><\/p>\n<p style=\"text-align: justify;\"><span color=\"#2200ff\" face=\"Verdana\"><strong>\u00catre un artisan de paix <\/strong>:<\/span><span color=\"black\" face=\"Verdana\"> nous nous appliquons \u00e0 garder la paix du coeur, nous nous compromettons pour instaurer un climat \u00e9vang\u00e9lique de justice et de fraternit\u00e9 afin d&#8217;\u00eatre des instruments de r\u00e9conciliation dans notre milieu.<\/span>\u00a0<\/p>\n<\/div>\n<div class=\"texte\" align=\"left\">\n<p style=\"text-align: justify;\"><span color=\"black\" face=\"Verdana\">Par <\/span><span color=\"#ff0014\" face=\"Verdana\"><strong>le troisi\u00e8me 5<\/strong>,<\/span><span color=\"black\" face=\"Verdana\"> nous saisissons chaque jour cinq <\/span><span color=\"black\" face=\"Verdana\">occasions concr\u00e8tes d&#8217;exercer la charit\u00e9 fraternelle afin de <\/span><span color=\"black\" face=\"Verdana\">nous entra\u00eener \u00e0 vivre ces contacts avec autrui d&#8217;une fa\u00e7on positive, tout comme J\u00e9sus l&#8217;a enseign\u00e9.<\/span><\/p>\n<\/div>\n<p style=\"color:#FF6600;font-size:1.2em;\" class=\"citation\" align=\"center\"><span face=\"Georgia\" size=\"3\"><strong><i>&#8230; Que ta paix, Seigneur, soit visible en moi!<br \/><\/i><\/strong><\/span><\/p>\n<\/div>\n<\/div>\n<\/div>\n<p><!--more--><br \/>\n<!-- {\"children\":[{\"type\":\"section\",\"props\":{\"header_transparent\":\"dark\",\"image\":\"wp-content\\\/uploads\\\/2023\\\/01\\\/Nouvelle-entete_IVD.jpg\",\"image_height\":\"auto\",\"image_loading\":true,\"image_position\":\"center-center\",\"image_size\":\"cover\",\"overlap\":false,\"padding\":\"xsmall\",\"padding_remove_top\":false,\"style\":\"default\",\"title_breakpoint\":\"xl\",\"title_position\":\"top-left\",\"title_rotation\":\"left\",\"vertical_align\":\"middle\",\"width\":\"large\"},\"children\":[{\"type\":\"row\",\"children\":[{\"type\":\"column\",\"props\":{\"image_position\":\"center-center\",\"media_overlay_gradient\":\"\",\"position_sticky_breakpoint\":\"m\",\"width_medium\":\"1-1\"},\"children\":[{\"type\":\"headline\",\"props\":{\"content\":\"La spiritualit\\u00e9\",\"content_en_gb\":\"The spirituality\",\"content_es_es\":\"La espiritualidad\",\"css\":\".el-element{font-family:open sans,arial,sans serif;color:white;}\",\"text_align\":\"center\",\"title_color\":\"success\",\"title_element\":\"h2\"}}]}]}],\"name\":\"Accueil 051122\"},{\"type\":\"section\",\"props\":{\"image_position\":\"center-center\",\"padding\":\"xsmall\",\"style\":\"default\",\"title_breakpoint\":\"xl\",\"title_position\":\"top-left\",\"title_rotation\":\"left\",\"vertical_align\":\"middle\",\"width\":\"small\"},\"children\":[{\"type\":\"row\",\"children\":[{\"type\":\"column\",\"props\":{\"image_position\":\"center-center\",\"media_overlay_gradient\":\"\",\"position_sticky_breakpoint\":\"m\",\"width_medium\":\"1-1\"},\"children\":[{\"type\":\"subnav\",\"props\":{\"attributes\":\"\",\"margin_remove_top\":false,\"subnav_style\":\"divider\",\"text_align\":\"center\"},\"children\":[{\"type\":\"subnav_item\",\"props\":{\"active\":false,\"content\":\"Qui sommes-nous?\",\"content_en_gb\":\"Who we are?\",\"content_es_es\":\"\\u00bfQuienes somos?\",\"link\":\"qui-sommes-nous-fr\\\/\",\"link_en_gb\":\"\\\/en\\\/qui-sommes-nous-fr\\\/\",\"link_es_es\":\"\\\/es\\\/qui-sommes-nous-fr\\\/\"}},{\"type\":\"subnav_item\",\"props\":{\"active\":false,\"content\":\"Les membres\",\"content_en_gb\":\"The members\",\"content_es_es\":\"Los miembros\",\"link\":\"les-membres-fr\\\/\",\"link_en_gb\":\"\\\/en\\\/les-membres-fr\\\/\",\"link_es_es\":\"\\\/es\\\/les-membres-fr\\\/\",\"yooessentials_access_conditions\":[],\"yooessentials_access_mode\":\"AND\"}},{\"type\":\"subnav_item\",\"props\":{\"content\":\"Le charisme\",\"content_en_gb\":\"The charism\",\"content_es_es\":\"El charisma\",\"link\":\"le-charisme-fr\\\/\",\"link_en_gb\":\"\\\/en\\\/le-charisme-fr\\\/\",\"link_es_es\":\"\\\/es\\\/le-charisme-fr\\\/\"}},{\"type\":\"subnav_item\",\"props\":{\"content\":\"La cons\\u00e9cration\",\"content_en_gb\":\"The consecration\",\"content_es_es\":\"La consagraci\\u00f3n\",\"link\":\"la-consecration\\\/\",\"link_en_gb\":\"\\\/en\\\/la-consecration\\\/\",\"link_es_es\":\"\\\/es\\\/la-consecration\\\/\"}},{\"type\":\"subnav_item\",\"props\":{\"content\":\"La formation\",\"content_en_gb\":\"The formation\",\"content_es_es\":\"La formaci\\u00f3n\",\"link\":\"la-formation-fr-2\\\/\",\"link_en_gb\":\"\\\/en\\\/la-formation-fr-2\\\/\",\"link_es_es\":\"\\\/es\\\/\\\/en\\\/la-formation-fr-2\\\/\"}},{\"type\":\"subnav_item\",\"props\":{\"content\":\"La vie d\\u2019\\u00e9quipe\",\"content_en_gb\":\"The Team Life\",\"content_es_es\":\"Equipos\",\"link\":\"la-vie-d-equipe\\\/\",\"link_en_gb\":\"\\\/en\\\/la-vie-d-equipe\\\/\",\"link_es_es\":\"\\\/es\\\/la-vie-d-equipe\\\/\"}},{\"type\":\"subnav_item\",\"props\":{\"content\":\"La vie d'un Voluntas Dei\",\"content_en_gb\":\"The Life of a Voluntas Dei\",\"content_es_es\":\"La vida de un Voluntas Dei\",\"link\":\"la-vie-d-un-voluntas-dei\\\/\",\"link_en_gb\":\"\\\/en\\\/la-vie-d-un-voluntas-dei\\\/\",\"link_es_es\":\"\\\/es\\\/la-vie-d-un-voluntas-dei\\\/\"}}],\"name\":\"Sous-menu - La vie Voluntas Dei - Global 090122\"},{\"type\":\"text\",\"props\":{\"column_breakpoint\":\"m\",\"content\":\"\n\n<div class=\\\"texte\\\">\\n\n\n<div class=\\\"texte\\\" style=\\\"text-align: justify;\\\">\\n\n\n<div class=\\\"texte\\\" align=\\\"left\\\">\\n\n\n<p style=\\\"text-align: justify;\\\"><span color=\\\"black\\\" face=\\\"Georgia\\\"><span face=\\\"Verdana\\\"><span style=\\\"color: #ff6600;\\\">\\u00c0<\\\/span> l'id\\u00e9al de vie que l'Institut Voluntas Dei propose \\u00e0 <\\\/span><\\\/span><span color=\\\"black\\\" face=\\\"Verdana\\\">nos membres <em>: faire en tout la volont\\u00e9 du P\\u00e8re, comme le Christ <\\\/em><\\\/span><span color=\\\"black\\\" face=\\\"Verdana\\\"><em>et la Vierge Marie<\\\/em>, se greffe une spiritualit\\u00e9 appropri\\u00e9e <\\\/span><span color=\\\"black\\\" face=\\\"Verdana\\\">dite <strong>mystique des 5-5-5<em>.<\\\/em><\\\/strong><\\\/span><\\\/p>\\n\n\n<p style=\\\"text-align: justify;\\\"><span color=\\\"black\\\" face=\\\"Verdana\\\">Par <\\\/span><span color=\\\"#ff0014\\\" face=\\\"Verdana\\\"><strong>le premier 5<\\\/strong>,<\\\/span><span color=\\\"black\\\" face=\\\"Verdana\\\"> nous d\\u00e9veloppons une vie d'intimit\\u00e9 <\\\/span><span color=\\\"black\\\" face=\\\"Verdana\\\">avec le Seigneur dans la pri\\u00e8re quotidienne, favorisant les exercices spirituels suivants : l'oraison ou la m\\u00e9ditation, la lecture de la Parole de Dieu et d'oeuvres de spiritualit\\u00e9, l'Eucharistie, la d\\u00e9votion au Saint-Sacrement et la d\\u00e9votion <\\\/span><span color=\\\"black\\\" face=\\\"Verdana\\\">\\u00e0 la Vierge Marie, en particulier par la m\\u00e9ditation des <\\\/span><span color=\\\"black\\\" face=\\\"Verdana\\\">myst\\u00e8res du Rosaire et la r\\u00e9citation du chapelet.<\\\/span><\\\/p>\\n\n\n<p style=\\\"text-align: justify;\\\"><span face=\\\"Verdana\\\"><em><span color=\\\"black\\\">Quand les circonstances de vie rendent impossible l'accomplissement d'un exercice de pi\\u00e9t\\u00e9 sous la forme prescrite, les membres se soucient de le remplacer par un autre, \\u00e0 l'exception de l'oraison dont ils ne se dispensent jamais. . .<\\\/span><\\\/em><\\\/span><span color=\\\"black\\\" face=\\\"Verdana\\\"> (Const., 10)<\\\/span><\\\/p>\\n\n\n<p style=\\\"text-align: justify;\\\"><span color=\\\"black\\\" face=\\\"Verdana\\\">Par<\\\/span><span color=\\\"#ff0014\\\" face=\\\"Verdana\\\"> <strong>le deuxi\\u00e8me 5<\\\/strong>,<\\\/span><span color=\\\"black\\\" face=\\\"Verdana\\\"> nous cultivons particuli\\u00e8rement l'esprit de recueillement, d'humilit\\u00e9 et de charit\\u00e9 fraternelle par les attitudes suivantes :<\\\/span><\\\/p>\\n\n\n<p style=\\\"text-align: justify;\\\"><span color=\\\"#2200ff\\\" face=\\\"Verdana\\\"><strong>Pr\\u00e9sence de Dieu <\\\/strong>:<\\\/span><span color=\\\"black\\\" face=\\\"Verdana\\\"> nous recherchons la pr\\u00e9sence de Dieu en vivant le moment pr\\u00e9sent; nous prenons r\\u00e9guli\\u00e8rement un contact int\\u00e9rieur avec Lui et saisissons toutes les occasions d'intensifier cette union.<\\\/span><\\\/p>\\n\n\n<p style=\\\"text-align: justify;\\\"><span color=\\\"#2200ff\\\" face=\\\"Verdana\\\"><strong>Absence de critique <\\\/strong>:<\\\/span><span color=\\\"black\\\" face=\\\"Verdana\\\"> nous portons un regard aimant sur les personnes et accueillons le Christ pr\\u00e9sent en elles en \\u00e9vitant toute critique destructive ext\\u00e9rieure ou int\\u00e9rieure.<\\\/span><\\\/p>\\n\n\n<p style=\\\"text-align: justify;\\\"><span color=\\\"#2200ff\\\" face=\\\"Verdana\\\"><strong>Absence de plainte <\\\/strong>:<\\\/span><span color=\\\"black\\\" face=\\\"Verdana\\\"> nous nous ouvrons \\u00e0 l'\\u00e9merveillement pour d\\u00e9couvrir et accueillir la pr\\u00e9sence du Christ dans les \\u00e9v\\u00e9nements en \\u00e9vitant toute plainte inutile ext\\u00e9rieure ou int\\u00e9rieure.<\\\/span><\\\/p>\\n\n\n<p style=\\\"text-align: justify;\\\"><span color=\\\"#2200ff\\\" face=\\\"Verdana\\\"><strong>\\u00catre de service <\\\/strong>:<\\\/span><span color=\\\"black\\\" face=\\\"Verdana\\\"> nous assumons pleinement nos responsabilit\\u00e9s et aimons servir nos fr\\u00e8res et nos soeurs avec gratuit\\u00e9 et empressement \\u00e0 la mani\\u00e8re de J\\u00e9sus, c'est-\\u00e0-dire, prendre notre vie et la semer \\u00e0 pleines mains, \\u00e0 plein coeur.<\\\/span><\\\/p>\\n\n\n<p style=\\\"text-align: justify;\\\"><span color=\\\"#2200ff\\\" face=\\\"Verdana\\\"><strong>\\u00catre un artisan de paix <\\\/strong>:<\\\/span><span color=\\\"black\\\" face=\\\"Verdana\\\"> nous nous appliquons \\u00e0 garder la paix du coeur, nous nous compromettons pour instaurer un climat \\u00e9vang\\u00e9lique de justice et de fraternit\\u00e9 afin d'\\u00eatre des instruments de r\\u00e9conciliation dans notre milieu.<\\\/span>\\u00a0<\\\/p>\\n<\\\/div>\\n\n\n<div class=\\\"texte\\\" align=\\\"left\\\">\\n\n\n<p style=\\\"text-align: justify;\\\"><span color=\\\"black\\\" face=\\\"Verdana\\\">Par <\\\/span><span color=\\\"#ff0014\\\" face=\\\"Verdana\\\"><strong>le troisi\\u00e8me 5<\\\/strong>,<\\\/span><span color=\\\"black\\\" face=\\\"Verdana\\\"> nous saisissons chaque jour cinq <\\\/span><span color=\\\"black\\\" face=\\\"Verdana\\\">occasions concr\\u00e8tes d'exercer la charit\\u00e9 fraternelle afin de <\\\/span><span color=\\\"black\\\" face=\\\"Verdana\\\">nous entra\\u00eener \\u00e0 vivre ces contacts avec autrui d'une fa\\u00e7on positive, tout comme J\\u00e9sus l'a enseign\\u00e9.<\\\/span><\\\/p>\\n<\\\/div>\\n\n\n<p style=\\\"color:#FF6600;font-size:1.2em;\\\" class=\\\"citation\\\" align=\\\"center\\\"><span face=\\\"Georgia\\\" size=\\\"3\\\"><strong><i>... Que ta paix, Seigneur, soit visible en moi!<br \\\/><\\\/i><\\\/strong><\\\/span><\\\/p>\\n<\\\/div>\\n<\\\/div>\\n\",\"content_en_gb\":\"\n\n<div class=\\\"texte\\\">\\n\n\n<div class=\\\"texte\\\" align=\\\"left\\\">\\n\n\n<p style=\\\"text-align: justify;\\\"><span color=\\\"black\\\" face=\\\"Georgia\\\"><span face=\\\"Verdana\\\"><span style=\\\"color: #ff6600;\\\">A<\\\/span>t one with the ideal that the Voluntas Dei Institute proposes to its members, to do in all the will of the Father, like Christ and the Virgin Mary, is the spirituality appropriately called <span class=\\\"Apple-converted-space\\\"><\\\/span><strong><span color=\\\"#ff0000\\\"><em>the \\\"Spirituality of the Three 5s<\\\/em><\\\/span><\\\/strong><span color=\\\"#ff0000\\\"><em><strong>(5-5-5)\\\".<\\\/strong><\\\/em><\\\/span><\\\/span><\\\/span>\\u00a0<\\\/p>\\n\n\n<div class=\\\"texte\\\" align=\\\"left\\\">\\n\n\n<p style=\\\"text-align: justify;\\\"><span color=\\\"black\\\" face=\\\"Georgia\\\"><span face=\\\"Verdana\\\">The\\u00a0<span color=\\\"#ff0000\\\"><em><strong>first five\\u00a0<\\\/strong><\\\/em><\\\/span>calls the members to a life of intimacy with the Lord through daily prayer centered on the following spiritual exercises: mental prayer or meditation, reading the Word of God and works of spirituality, Eucharist, devotion to the Blessed Sacrament, and devotion to the Virgin Mary, in particular, by a fervent meditation of the mysteries of the Rosary.<br \\\/><\\\/span><\\\/span><\\\/p>\\n\n\n<p style=\\\"text-align: justify;\\\"><span color=\\\"black\\\" face=\\\"Georgia\\\"><span face=\\\"Verdana\\\">When circumstances prevent members from carrying out a spiritual activity as prescribed, they ensure that it is replaced by another activity, except for mental prayer from which they are never exempt... (Const., 10)<\\\/span><\\\/span><\\\/p>\\n\n\n<div class=\\\"texte\\\" align=\\\"left\\\">\\n\n\n<p style=\\\"text-align: justify;\\\"><span color=\\\"black\\\" face=\\\"Verdana\\\">The\\u00a0<span color=\\\"#ff0000\\\"><em><strong>second 5<span class=\\\"Apple-converted-space\\\">\\u00a0\\u00a0<\\\/span><\\\/strong><\\\/em><\\\/span>calls us to develop above all the spirit of contemplation, humility and fraternal charity through the following attitudes:<br \\\/><\\\/span><\\\/p>\\n\n\n<p style=\\\"text-align: justify;\\\"><span color=\\\"black\\\" face=\\\"Verdana\\\"><span color=\\\"#0000ff\\\"><strong>Presence of God:<span class=\\\"Apple-converted-space\\\"><\\\/span><\\\/strong><\\\/span>we seek the presence of God by living the present moment; we think of God frequently and seize every opportunity to intensify our union with Him.<br \\\/><\\\/span><\\\/p>\\n\n\n<p style=\\\"text-align: justify;\\\"><span color=\\\"black\\\" face=\\\"Verdana\\\"><span color=\\\"#0000ff\\\"><strong>Absence of Criticism:\\u00a0<\\\/strong><\\\/span>we look upon others with a positive attitude and welcome the presence of Christ in them by abstaining from all interior and exterior negative criticism.<br \\\/><\\\/span><\\\/p>\\n\n\n<p style=\\\"text-align: justify;\\\"><span color=\\\"black\\\" face=\\\"Verdana\\\"><span color=\\\"#0000ff\\\"><strong>Absence of Complaint:\\u00a0<\\\/strong><\\\/span>we develop our sense of wonder to discover and welcome the presence of Christ in events while abstaining from all destructive exterior or interior complaint.<br \\\/><\\\/span><\\\/p>\\n\n\n<p style=\\\"text-align: justify;\\\"><span color=\\\"black\\\" face=\\\"Verdana\\\"><span color=\\\"#0000ff\\\"><strong>Being of Service:\\u00a0<\\\/strong><\\\/span>we accept our responsibilities fully and love to serve our brothers and sisters freely and eagerly in the footsteps of Jesus, that is, to take our life and give it fully and lovingly.<br \\\/><\\\/span><\\\/p>\\n\n\n<p style=\\\"text-align: justify;\\\"><span color=\\\"black\\\" face=\\\"Verdana\\\"><span color=\\\"#0000ff\\\"><strong>Being Peacemakers:\\u00a0<\\\/strong><\\\/span>we strive to maintain peace of heart; we commit ourselves to establishing an evangelical climate of justice and fellowship in order to be instruments of reconciliation within our milieu.<\\\/span><\\\/p>\\n\n\n<div class=\\\"texte\\\" align=\\\"left\\\">\\n\n\n<p style=\\\"text-align: justify;\\\"><span color=\\\"black\\\" face=\\\"Verdana\\\">The\\u00a0<span color=\\\"#ff0000\\\"><em><strong>third 5\\u00a0<\\\/strong><\\\/em><\\\/span>calls us to seize the opportunity every day to perform at least five concrete acts of charity in order to practice living our contacts with others in a positive manner, as Jesus taught us.<\\\/span><\\\/p>\\n<\\\/div>\\n\n\n<p class=\\\"citation\\\" align=\\\"center\\\"><span color=\\\"#006633\\\" face=\\\"Georgia\\\" size=\\\"3\\\"><strong><em><span class=\\\"citation\\\">... May Your peace, Lord, be ever visible in me!<\\\/span><\\\/em><\\\/strong><\\\/span><\\\/p>\\n<\\\/div>\\n<\\\/div>\\n<\\\/div>\\n<\\\/div>\",\"content_es_es\":\"\n\n<div class=\\\"texte\\\">\\n\n\n<div class=\\\"texte\\\" align=\\\"left\\\">\\n\n\n<p style=\\\"text-align: justify;\\\"><span color=\\\"black\\\" face=\\\"Georgia\\\"><span face=\\\"Verdana\\\"><span style=\\\"color: #ff6600;\\\">A<\\\/span><\\\/span><\\\/span>l ideal de vida que el Instituto Voluntas Dei propone a nuestros miembros : cumplir en todo la voluntad del Padre,como Cristo y la Virgen Mar\\u00eda, se injerta una espiritualidad apropiada llamada <span class=\\\"Apple-converted-space\\\"><\\\/span><em><strong>m\\u00edstica de los 5-5-5.<\\\/strong><\\\/em><\\\/p>\\n\n\n<p style=\\\"text-align: justify;\\\">Por <span class=\\\"Apple-converted-space\\\"><\\\/span><strong><em>el primer 5<\\\/em><\\\/strong>, desarrollamos una vida de intimidad con el Se\\u00f1or por la oraci\\u00f3n cotidiana, favoreciendo los ejercicios espirituales siguientes: la oraci\\u00f3n o meditaci\\u00f3n, la lectura de la Palabra de Dios y de libros de espiritualidad, la Eucarist\\u00eda, la devoci\\u00f3n al Sant\\u00edsimo Sacramento y la devoci\\u00f3n a la Virgen Mar\\u00eda, en particular por la meditaci\\u00f3n de los misterios del Rosario y la recitaci\\u00f3n del mismo.<\\\/p>\\n\n\n<p style=\\\"text-align: justify;\\\"><em>Cuando las circunstancias de la vida hacen imposible el cumplimiento de un ejercicio de piedad bajo la forma prescrita, los miembros se preocupan por reemplazarlo con otro ejercicio, con excepci\\u00f3n de la oraci\\u00f3n de la cual no se dispensan jam\\u00e1s... (Const., 10)<\\\/em><\\\/p>\\n\n\n<p style=\\\"text-align: justify;\\\">Por <span class=\\\"Apple-converted-space\\\"><\\\/span><strong><em>el segundo 5<\\\/em><\\\/strong>, cultivamos particularmente el esp\\u00edritu de recogimiento, de humildad y de caridad fraterna, por las actitudes siguientes:<\\\/p>\\n\n\n<p style=\\\"text-align: justify;\\\"><strong>Presencia de Dios:\\u00a0<\\\/strong>buscamos la presencia de Dios viviendo el momento presente; tomamos con regularidad un contacto interior con \\u00c9l y aprovechamos todas las ocasiones de intensificar esta uni\\u00f3n con Dios.<\\\/p>\\n\n\n<p style=\\\"text-align: justify;\\\"><strong>La ausencia de cr\\u00edtica:\\u00a0<\\\/strong>tenemos una mirada cari\\u00f1osa hacia las personas y acogemos a Cristo presente en ellas, evitando toda cr\\u00edtica destructiva exterior o interior.<\\\/p>\\n\n\n<p style=\\\"text-align: justify;\\\"><strong>La ausencia de queja:\\u00a0<\\\/strong>nos abrimos a la admiraci\\u00f3n para descubrir y acoger la presencia de Cristo en los acontecimientos, evitando toda queja in\\u00fatil exterior o interior.<\\\/p>\\n\n\n<p style=\\\"text-align: justify;\\\"><strong>Ser de servicio:\\u00a0<\\\/strong>asumimos plenamente nuestras responsabilidades, gustamos servir a nuestros hermanos y hermanas con gratuidad y solicitud, a la manera de Jes\\u00fas, es decir tomar nuestra vida y sembrarla a manos llenas y a coraz\\u00f3n lleno.<\\\/p>\\n\n\n<p style=\\\"text-align: justify;\\\"><strong>Ser un artesano de paz:\\u00a0<\\\/strong>nos empe\\u00f1amos en guardar la paz del coraz\\u00f3n, nos comprometemos por instaurar un clima evang\\u00e9lico de justicia y de fraternidad con el fin de ser instrumentos de reconciliaci\\u00f3n en nuestro medio.<\\\/p>\\n\n\n<div class=\\\"texte\\\">\\n\n\n<p style=\\\"text-align: justify;\\\">Por <span class=\\\"Apple-converted-space\\\"><\\\/span><em><strong>el tercer 5<\\\/strong><\\\/em>, aprovechamos cada d\\u00eda cinco ocasiones concretas de ejercer la caridad fraterna a fin de entrenarnos para vivir estos contactos con el pr\\u00f3jimo de una manera positiva, como Jes\\u00fas lo ense\\u00f1\\u00f3.<\\\/p>\\n<\\\/div>\\n\n\n<p class=\\\"citation\\\" align=\\\"center\\\"><strong><em>... \\u00a1Que tu paz, Se\\u00f1or, sea visible en m\\u00ed!<\\\/em><\\\/strong><\\\/p>\\n\n\n<div class=\\\"texte\\\">\\u00a0<\\\/div>\\n<\\\/div>\\n<\\\/div>\",\"dropcap\":true,\"margin\":\"medium\"}}]}]}]}],\"version\":\"3.0.23\",\"type\":\"layout\",\"yooessentialsVersion\":\"1.9.3\"} --><\/p>\n","protected":false},"excerpt":{"rendered":"<p>La spiritualit\u00e9 Qui sommes-nous? Les membres Le charisme La cons\u00e9cration La formation La vie d\u2019\u00e9quipe La vie d&#8217;un Voluntas Dei \u00c0 l&#8217;id\u00e9al de vie que l&#8217;Institut Voluntas Dei propose \u00e0 nos membres : faire en tout la volont\u00e9 du P\u00e8re, comme le Christ et la Vierge Marie, se greffe une spiritualit\u00e9 appropri\u00e9e dite mystique des [&hellip;]<\/p>\n","protected":false},"author":1,"featured_media":0,"parent":0,"menu_order":1,"comment_status":"closed","ping_status":"closed","template":"","meta":{"footnotes":""},"class_list":["post-6666","page","type-page","status-publish","hentry"],"_links":{"self":[{"href":"https:\/\/www.voluntasdei.org\/es\/wp-json\/wp\/v2\/pages\/6666","targetHints":{"allow":["GET"]}}],"collection":[{"href":"https:\/\/www.voluntasdei.org\/es\/wp-json\/wp\/v2\/pages"}],"about":[{"href":"https:\/\/www.voluntasdei.org\/es\/wp-json\/wp\/v2\/types\/page"}],"author":[{"embeddable":true,"href":"https:\/\/www.voluntasdei.org\/es\/wp-json\/wp\/v2\/users\/1"}],"replies":[{"embeddable":true,"href":"https:\/\/www.voluntasdei.org\/es\/wp-json\/wp\/v2\/comments?post=6666"}],"version-history":[{"count":13,"href":"https:\/\/www.voluntasdei.org\/es\/wp-json\/wp\/v2\/pages\/6666\/revisions"}],"predecessor-version":[{"id":6794,"href":"https:\/\/www.voluntasdei.org\/es\/wp-json\/wp\/v2\/pages\/6666\/revisions\/6794"}],"wp:attachment":[{"href":"https:\/\/www.voluntasdei.org\/es\/wp-json\/wp\/v2\/media?parent=6666"}],"curies":[{"name":"wp","href":"https:\/\/api.w.org\/{rel}","templated":true}]}}