{"id":4637,"date":"2022-12-22T18:47:47","date_gmt":"2022-12-22T23:47:47","guid":{"rendered":"https:\/\/www.voluntasdei.org\/?page_id=4637"},"modified":"2023-02-03T17:19:29","modified_gmt":"2023-02-03T22:19:29","slug":"la-vie-d-un-voluntas-dei","status":"publish","type":"page","link":"https:\/\/www.voluntasdei.org\/es\/la-vie-d-un-voluntas-dei\/","title":{"rendered":"La vie d'un Voluntas Dei"},"content":{"rendered":"<h2>La vie d\u2019un Voluntas Dei<\/h2>\n<ul>\n<li>\n        <a href=\"\/qui-sommes-nous-fr\/\">Qui sommes-nous?<\/a>\n    <\/li>\n<li>\n        <a href=\"\/les-membres-fr\/\">Les membres<\/a>\n    <\/li>\n<li>\n        <a href=\"\/le-charisme-fr\/\">Le charisme<\/a>\n    <\/li>\n<li>\n        <a href=\"\/la-spiritualite-2\/\">La spiritualit\u00e9<\/a>\n    <\/li>\n<li>\n        <a href=\"\/la-consecration\/\">La cons\u00e9cration<\/a>\n    <\/li>\n<li>\n        <a href=\"\/la-formation-fr-2\/\">La formation<\/a>\n    <\/li>\n<li>\n        <a href=\"\/la-vie-d-equipe\/\">La vie d\u2019\u00e9quipe<\/a>\n    <\/li>\n<\/ul>\n<blockquote>\n<p style=\"text-align: center;\"><span>\u00ab\u00a0Ne savez-vous pas que vous \u00eates un temple de Dieu,<\/span><br \/><span>et que l\u2019Esprit de Dieu habite en vous\u00a0?\u00a0\u00bb (1 Cor 3,16)<\/span><\/p>\n<\/blockquote>\n<p><img decoding=\"async\" src=\"\/wp-content\/uploads\/2021\/12\/life-voluntas-fr.jpg\" alt=\"\"><\/p>\n<div>\n<p style=\"text-align: justify;\"><span style=\"color: #ff6600;\">L<\/span><strong>es fondations<\/strong> (en jaune)\u00a0: La vie d\u2019un Voluntas Dei doit reposer sur quelque chose de solide, de durable. Elle se construit n\u00e9cessairement sur la base d\u2019une vie chr\u00e9tienne profond\u00e9ment v\u00e9cue. Les fondements de notre vie sont donc les sacrements d\u2019initiation \u00e0 la vie chr\u00e9tienne\u00a0: le bapt\u00eame, l\u2019eucharistie et la confirmation. Nous identifiant respectivement au P\u00e8re, au Fils et \u00e0 l\u2019Esprit Saint, ces sacrements sont l\u2019expression m\u00eame de la Sainte Trinit\u00e9. Une fois bien enracin\u00e9e dans la vie chr\u00e9tienne, une personne peut \u00eatre appel\u00e9e \u00e0 consacrer sa vie \u00e0 Dieu d\u2019une fa\u00e7on plus particuli\u00e8re. Elle peut alors porter en elle le d\u00e9sir de devenir Voluntas Dei si elle adh\u00e8re \u00e0 l\u2019objectif de l\u2019Institut et veut le faire sien. Lorsque tous ces mat\u00e9riaux sont en place, nous avons des fondations bien achev\u00e9es sur lesquelles on peut commencer \u00e0 b\u00e2tir notre temple Voluntas Dei.<\/p>\n<h3 style=\"text-align: justify;\"><span style=\"color: #ff6600;\"><strong>Formation<\/strong><\/span><\/h3>\n<p style=\"text-align: justify;\"><strong>Les murs<\/strong> (en vert)\u00a0: Les murs de notre vie de Voluntas d\u00e9finissent l\u2019espace int\u00e9rieur qui est le n\u00f4tre. Ils sont ce sur quoi va reposer notre projet apostolique commun. Ils ont pour fonction de permettre ce que nous pourrions appeler une \u00ab\u00a0pratique spirituelle\u00a0\u00bb et aussi de nous prot\u00e9ger contre les \u00e9l\u00e9ments ext\u00e9rieurs pour que nous demeurions paisibles et forts dans notre marche \u00e0 la suite du Christ. Les \u00e9l\u00e9ments essentiels de notre vie de Voluntas sont r\u00e9partis en trois groupes\u00a0: 1) les cinq \u00e9tapes d\u2019incorporation\u00a0; 2) la spiritualit\u00e9 des 5-5-5 et les cinq valeurs essentielles.<\/p>\n<p style=\"text-align: justify;\"><strong>Le plafond<\/strong> (en blanc)\u00a0: Une fois les murs construits, on peut r\u00e9aliser le plafond sur lequel reposera la toiture. C\u2019est le charisme de l\u2019Institut qui donne une identit\u00e9 propre \u00e0 toute la construction. C\u2019est notre couleur sp\u00e9cifique, l\u2019aspect de la vie du Christ que nous voulons donner au monde.<\/p>\n<p style=\"text-align: justify;\">Voil\u00e0 maintenant notre construction bien avanc\u00e9e. Tous ces travaux ont permis de former notre \u00eatre Voluntas Dei. Une fois parvenu \u00e0 la stabilit\u00e9, notre demeure repose sur des fondations bien solides et nous pouvons entrer profond\u00e9ment et v\u00e9ritablement dans la cons\u00e9cration s\u00e9culi\u00e8re.<\/p>\n<h3 style=\"text-align: justify;\"><span style=\"color: #ff6600;\"><strong>T\u00e9moignage<\/strong><\/span><\/h3>\n<p style=\"text-align: justify;\"><strong>La toiture<\/strong> (en bleu)\u00a0: Elle recouvre notre vie chr\u00e9tienne et lui donne un style sp\u00e9cifique. C\u2019est \u00e0 ce niveau que nous pouvons r\u00e9ellement vivre la cons\u00e9cration s\u00e9culi\u00e8re par notre engagement \u00e0 vivre les conseils \u00e9vang\u00e9liques\u00a0: pauvret\u00e9, chastet\u00e9 et ob\u00e9issance.<\/p>\n<p style=\"text-align: justify;\"><strong>Le clocher<\/strong> (notre logo)\u00a0: Notre vie est maintenant un vrai temple Voluntas Dei. Nous sommes pr\u00eats \u00e0 t\u00e9moigner du Christ selon la couleur propre de l\u2019Institut. Les cloches appellent, invitent, interpellent ceux qui sont sur notre route. Nous sommes un \u00ab\u00a0rep\u00e8re dans le paysage pour que chacun puisse se situer\u00a0\u00bb. Nous sommes devenus lumi\u00e8re du monde, au c\u0153ur du monde.<\/p>\n<\/div>\n<p><!--more--><br \/>\n<!-- {\"children\":[{\"type\":\"section\",\"props\":{\"header_transparent\":\"dark\",\"image\":\"wp-content\\\/uploads\\\/2023\\\/01\\\/Nouvelle-entete_IVD.jpg\",\"image_height\":\"auto\",\"image_loading\":true,\"image_position\":\"center-center\",\"image_size\":\"cover\",\"overlap\":false,\"padding\":\"xsmall\",\"style\":\"default\",\"title_breakpoint\":\"xl\",\"title_position\":\"top-left\",\"title_rotation\":\"left\",\"vertical_align\":\"middle\",\"width\":\"large\"},\"children\":[{\"type\":\"row\",\"children\":[{\"type\":\"column\",\"props\":{\"image_position\":\"center-center\",\"media_overlay_gradient\":\"\",\"position_sticky_breakpoint\":\"m\",\"width_medium\":\"1-1\"},\"children\":[{\"type\":\"headline\",\"props\":{\"content\":\"La vie d\\u2019un Voluntas Dei\",\"content_en_gb\":\"The life of a Voluntas Dei\",\"content_es_es\":\"La vida de un Voluntas Dei\",\"css\":\".el-element{font-family:open sans,arial,sans serif;color:white;}\",\"text_align\":\"center\",\"title_color\":\"success\",\"title_element\":\"h2\"}}]}]}],\"name\":\"Accueil 051122\"},{\"type\":\"section\",\"props\":{\"image_position\":\"center-center\",\"padding\":\"xsmall\",\"style\":\"default\",\"title_breakpoint\":\"xl\",\"title_position\":\"top-left\",\"title_rotation\":\"left\",\"vertical_align\":\"middle\",\"width\":\"small\"},\"children\":[{\"type\":\"row\",\"children\":[{\"type\":\"column\",\"props\":{\"image_position\":\"center-center\",\"media_overlay_gradient\":\"\",\"position_sticky_breakpoint\":\"m\",\"width_medium\":\"1-1\"},\"children\":[{\"type\":\"subnav\",\"props\":{\"attributes\":\"\",\"margin_remove_top\":false,\"subnav_style\":\"divider\",\"text_align\":\"center\"},\"children\":[{\"type\":\"subnav_item\",\"props\":{\"active\":false,\"content\":\"Qui sommes-nous?\",\"content_en_gb\":\"Who we are?\",\"content_es_es\":\"\\u00bfQuienes somos?\",\"link\":\"qui-sommes-nous-fr\\\/\",\"link_en_gb\":\"\\\/en\\\/qui-sommes-nous-fr\\\/\",\"link_es_es\":\"\\\/es\\\/qui-sommes-nous-fr\\\/\"}},{\"type\":\"subnav_item\",\"props\":{\"active\":false,\"content\":\"Les membres\",\"content_en_gb\":\"The members\",\"content_es_es\":\"Los miembros\",\"link\":\"les-membres-fr\\\/\",\"link_en_gb\":\"\\\/en\\\/les-membres-fr\\\/\",\"link_es_es\":\"\\\/es\\\/les-membres-fr\\\/\",\"yooessentials_access_conditions\":[],\"yooessentials_access_mode\":\"AND\"}},{\"type\":\"subnav_item\",\"props\":{\"content\":\"Le charisme\",\"content_en_gb\":\"The charism\",\"content_es_es\":\"El charisma\",\"link\":\"le-charisme-fr\\\/\",\"link_en_gb\":\"\\\/en\\\/le-charisme-fr\\\/\",\"link_es_es\":\"\\\/es\\\/le-charisme-fr\\\/\"}},{\"type\":\"subnav_item\",\"props\":{\"content\":\"La spiritualit\\u00e9\",\"content_en_gb\":\"The spirituality\",\"content_es_es\":\"La espiritualidad\",\"link\":\"la-spiritualite-2\\\/\",\"link_en_gb\":\"\\\/en\\\/la-spiritualite-2\\\/\",\"link_es_es\":\"\\\/es\\\/la-spiritualite-2\\\/\"}},{\"type\":\"subnav_item\",\"props\":{\"content\":\"La cons\\u00e9cration\",\"content_en_gb\":\"The consecration\",\"content_es_es\":\"La consagraci\\u00f3n\",\"link\":\"la-consecration\\\/\",\"link_en_gb\":\"\\\/en\\\/la-consecration\\\/\",\"link_es_es\":\"\\\/es\\\/la-consecration\\\/\"}},{\"type\":\"subnav_item\",\"props\":{\"content\":\"La formation\",\"content_en_gb\":\"The formation\",\"content_es_es\":\"La formaci\\u00f3n\",\"link\":\"la-formation-fr-2\\\/\",\"link_en_gb\":\"\\\/en\\\/la-formation-fr-2\\\/\",\"link_es_es\":\"\\\/es\\\/la-formation-fr-2\\\/\"}},{\"type\":\"subnav_item\",\"props\":{\"content\":\"La vie d\\u2019\\u00e9quipe\",\"content_en_gb\":\"The Team Life\",\"content_es_es\":\"Equipos\",\"link\":\"la-vie-d-equipe\\\/\",\"link_en_gb\":\"\\\/en\\\/la-vie-d-equipe\\\/\",\"link_es_es\":\"\\\/es\\\/la-vie-d-equipe\\\/\"}}],\"name\":\"Sous-menu - La vie Voluntas Dei - Global 090122\"},{\"type\":\"quotation\",\"props\":{\"content\":\"\n\n<p style=\\\"text-align: center;\\\"><span>\\u00ab\\u00a0Ne savez-vous pas que vous \\u00eates un temple de Dieu,<\\\/span><br \\\/><span>et que l\\u2019Esprit de Dieu habite en vous\\u00a0?\\u00a0\\u00bb (1 Cor 3,16)<\\\/span><\\\/p>\",\"content_en_gb\":\"\n\n<p style=\\\"text-align: center;\\\">Do you not know that you are a temple of God <br \\\/>and that the Spirit of God dwells within you?\\u201d\\u00a0(1 Cor 3,16)<\\\/p>\",\"content_es_es\":\"\n\n<p><span>\\u201c\\u00bfNo saben ustedes que son un templo de Dios, y que el esp\\u00edritu de Dios habita en ustedes? (1 COR 3,16)\\u201d<\\\/span><\\\/p>\"}},{\"type\":\"image\",\"props\":{\"image\":\"wp-content\\\/uploads\\\/2021\\\/12\\\/life-voluntas-fr.jpg\",\"image_en_gb\":\"wp-content\\\/uploads\\\/2021\\\/12\\\/life-voluntas-en.jpg\",\"image_es_es\":\"wp-content\\\/uploads\\\/2021\\\/12\\\/Vie-Voluntas-ES.jpg\",\"image_svg_color\":\"emphasis\",\"margin\":\"default\",\"text_align\":\"center\"}},{\"type\":\"text\",\"props\":{\"column_breakpoint\":\"m\",\"content\":\"\n\n<p style=\\\"text-align: justify;\\\"><span style=\\\"color: #ff6600;\\\">L<\\\/span><strong>es fondations<\\\/strong> (en jaune)\\u00a0: La vie d\\u2019un Voluntas Dei doit reposer sur quelque chose de solide, de durable. Elle se construit n\\u00e9cessairement sur la base d\\u2019une vie chr\\u00e9tienne profond\\u00e9ment v\\u00e9cue. Les fondements de notre vie sont donc les sacrements d\\u2019initiation \\u00e0 la vie chr\\u00e9tienne\\u00a0: le bapt\\u00eame, l\\u2019eucharistie et la confirmation. Nous identifiant respectivement au P\\u00e8re, au Fils et \\u00e0 l\\u2019Esprit Saint, ces sacrements sont l\\u2019expression m\\u00eame de la Sainte Trinit\\u00e9. Une fois bien enracin\\u00e9e dans la vie chr\\u00e9tienne, une personne peut \\u00eatre appel\\u00e9e \\u00e0 consacrer sa vie \\u00e0 Dieu d\\u2019une fa\\u00e7on plus particuli\\u00e8re. Elle peut alors porter en elle le d\\u00e9sir de devenir Voluntas Dei si elle adh\\u00e8re \\u00e0 l\\u2019objectif de l\\u2019Institut et veut le faire sien. Lorsque tous ces mat\\u00e9riaux sont en place, nous avons des fondations bien achev\\u00e9es sur lesquelles on peut commencer \\u00e0 b\\u00e2tir notre temple Voluntas Dei.<\\\/p>\\n\n\n<h3 style=\\\"text-align: justify;\\\"><span style=\\\"color: #ff6600;\\\"><strong>Formation<\\\/strong><\\\/span><\\\/h3>\\n\n\n<p style=\\\"text-align: justify;\\\"><strong>Les murs<\\\/strong> (en vert)\\u00a0: Les murs de notre vie de Voluntas d\\u00e9finissent l\\u2019espace int\\u00e9rieur qui est le n\\u00f4tre. Ils sont ce sur quoi va reposer notre projet apostolique commun. Ils ont pour fonction de permettre ce que nous pourrions appeler une \\u00ab\\u00a0pratique spirituelle\\u00a0\\u00bb et aussi de nous prot\\u00e9ger contre les \\u00e9l\\u00e9ments ext\\u00e9rieurs pour que nous demeurions paisibles et forts dans notre marche \\u00e0 la suite du Christ. Les \\u00e9l\\u00e9ments essentiels de notre vie de Voluntas sont r\\u00e9partis en trois groupes\\u00a0: 1) les cinq \\u00e9tapes d\\u2019incorporation\\u00a0; 2) la spiritualit\\u00e9 des 5-5-5 et les cinq valeurs essentielles.<\\\/p>\\n\n\n<p style=\\\"text-align: justify;\\\"><strong>Le plafond<\\\/strong> (en blanc)\\u00a0: Une fois les murs construits, on peut r\\u00e9aliser le plafond sur lequel reposera la toiture. C\\u2019est le charisme de l\\u2019Institut qui donne une identit\\u00e9 propre \\u00e0 toute la construction. C\\u2019est notre couleur sp\\u00e9cifique, l\\u2019aspect de la vie du Christ que nous voulons donner au monde.<\\\/p>\\n\n\n<p style=\\\"text-align: justify;\\\">Voil\\u00e0 maintenant notre construction bien avanc\\u00e9e. Tous ces travaux ont permis de former notre \\u00eatre Voluntas Dei. Une fois parvenu \\u00e0 la stabilit\\u00e9, notre demeure repose sur des fondations bien solides et nous pouvons entrer profond\\u00e9ment et v\\u00e9ritablement dans la cons\\u00e9cration s\\u00e9culi\\u00e8re.<\\\/p>\\n\n\n<h3 style=\\\"text-align: justify;\\\"><span style=\\\"color: #ff6600;\\\"><strong>T\\u00e9moignage<\\\/strong><\\\/span><\\\/h3>\\n\n\n<p style=\\\"text-align: justify;\\\"><strong>La toiture<\\\/strong> (en bleu)\\u00a0: Elle recouvre notre vie chr\\u00e9tienne et lui donne un style sp\\u00e9cifique. C\\u2019est \\u00e0 ce niveau que nous pouvons r\\u00e9ellement vivre la cons\\u00e9cration s\\u00e9culi\\u00e8re par notre engagement \\u00e0 vivre les conseils \\u00e9vang\\u00e9liques\\u00a0: pauvret\\u00e9, chastet\\u00e9 et ob\\u00e9issance.<\\\/p>\\n\n\n<p style=\\\"text-align: justify;\\\"><strong>Le clocher<\\\/strong> (notre logo)\\u00a0: Notre vie est maintenant un vrai temple Voluntas Dei. Nous sommes pr\\u00eats \\u00e0 t\\u00e9moigner du Christ selon la couleur propre de l\\u2019Institut. Les cloches appellent, invitent, interpellent ceux qui sont sur notre route. Nous sommes un \\u00ab\\u00a0rep\\u00e8re dans le paysage pour que chacun puisse se situer\\u00a0\\u00bb. Nous sommes devenus lumi\\u00e8re du monde, au c\\u0153ur du monde.<\\\/p>\",\"content_en_gb\":\"\n\n<h3><span style=\\\"color: #ff6600;\\\"><strong>Foundations<\\\/strong><strong><\\\/strong>\\u00a0<\\\/span>\\u00a0<\\\/h3>\\n\n\n<p style=\\\"text-align: justify;\\\"><strong>The foundations\\u00a0<\\\/strong>(in yellow): The life of a Voluntas Dei must rest on something solid and durable. It is built fundamentally on the basis of a Christian life deeply lived. The foundations of our life are the Sacraments of Initiation into the Christian life\\u00a0: Baptism, Eucharist, Confirmation. Identifying us respectively with the Father, Son and Holy Spirit, these sacraments are the very expression of the Holy Spirit. Once well rooted in the Christian life, a person can be called to consecrate his\\\/her life to God in a particular way. This person can then carry within him\\\/her the desire to become a Voluntas Dei if he\\\/she adheres to the objective of the Institute and wishes to make it his\\\/her own. When everything is in place, we have the foundations well achieved upon which one can commence to build a Voluntas Dei temple.<\\\/p>\\n\n\n<h3 style=\\\"text-align: justify;\\\"><span style=\\\"color: #ff6600;\\\"><strong><strong><strong>Formation<\\\/strong><\\\/strong><\\\/strong><\\\/span><\\\/h3>\\n\n\n<p style=\\\"text-align: justify;\\\"><strong>The walls\\u00a0<\\\/strong>(in green): The walls of our Voluntas Dei life define the interior space that is ours. Upon these will rest our common apostolic project. They have as their function to allow what we could call a \\u00ab\\u00a0spiritual practice\\u00a0\\u00bb, and also protect us against the exterior elements so that we can remain peaceful and strong in our walk in the footsteps of Christ. The essential elements of our Voluntas life are spread throughout three groups\\u00a0: 1) the five steps of incorporation\\u00a0; 2) the spirituality of the 5-5-5 and the five essential values.<\\\/p>\\n\n\n<p style=\\\"text-align: justify;\\\">The ceiling (in white): Once the walls are built, one can realize the ceiling upon which rests the roof. This is the charism of the Institute that gives its own identity to the whole construction. It is our specific colour, the aspect of the life of Christ that we wish to give to the world.<\\\/p>\\n\n\n<p style=\\\"text-align: justify;\\\">Now our construction is well advanced. All this work permits the formation of our Voluntas Dei being. Once brought to stability, our residence rests on solid foundations and we can enter deeply and truly into secular consecration.<\\\/p>\\n\n\n<h5 style=\\\"text-align: justify;\\\"><span style=\\\"color: #ff6600;\\\"><strong><strong>Witnessing<\\\/strong><\\\/strong><\\\/span><\\\/h5>\\n\n\n<p style=\\\"text-align: justify;\\\"><strong>The roof\\u00a0<\\\/strong>(in blue): It covers our Christian life and gives to it a specific style. It is at this level that we can really live secular consecration through our commitment to live the evangelical counsels\\u00a0: poverty, chastity, obedience.<\\\/p>\\n\n\n<p style=\\\"text-align: justify;\\\"><strong>The bell tower\\u00a0<\\\/strong>(our logo): Our life is now a true Voluntas Dei temple. We are ready to witness to Christ according to the specific colour of the Institute. The bells call, invite and challenge those who are on our path. We are \\u00ab\\u00a0 reference points in the landscape in order that each may situate oneself.\\u00a0\\u00bb We have become light of the world, in the midst of the world.<\\\/p>\",\"content_es_es\":\"\n\n<div class=\\\"texte\\\">\\n\n\n<div class=\\\"texte\\\" align=\\\"left\\\">\\n\n\n<p style=\\\"text-align: justify;\\\"><em>Al ideal de vida que el Instituto Voluntas Dei propone a nuestros miembros : cumplir en todo la voluntad del Padre,como Cristo y la Virgen Mar\\u00eda<\\\/em>, se injerta una espiritualidad apropiada llamada<span class=\\\"Apple-converted-space\\\"><\\\/span><strong>m\\u00edstica de los 5-5-5.<\\\/strong><\\\/p>\\n\n\n<p style=\\\"text-align: justify;\\\">Por<span class=\\\"Apple-converted-space\\\"><\\\/span><strong><em>el primer 5<\\\/em><\\\/strong>, desarrollamos una vida de intimidad con el Se\\u00f1or por la oraci\\u00f3n cotidiana, favoreciendo los ejercicios espirituales siguientes: la oraci\\u00f3n o meditaci\\u00f3n, la lectura de la Palabra de Dios y de libros de espiritualidad, la Eucarist\\u00eda, la devoci\\u00f3n al Sant\\u00edsimo Sacramento y la devoci\\u00f3n a la Virgen Mar\\u00eda, en particular por la meditaci\\u00f3n de los misterios del Rosario y la recitaci\\u00f3n del mismo.<\\\/p>\\n\n\n<p style=\\\"text-align: justify;\\\"><em>Cuando las circunstancias de la vida hacen imposible el cumplimiento de un ejercicio de piedad bajo la forma prescrita, los miembros se preocupan por reemplazarlo con otro ejercicio, con excepci\\u00f3n de la oraci\\u00f3n de la cual no se dispensan jam\\u00e1s... (Const., 10)<\\\/em><\\\/p>\\n\n\n<p style=\\\"text-align: justify;\\\">Por<span class=\\\"Apple-converted-space\\\"><\\\/span><strong><em>el segundo 5<\\\/em><\\\/strong>, cultivamos particularmente el esp\\u00edritu de recogimiento, de humildad y de caridad fraterna, por las actitudes siguientes:<\\\/p>\\n\n\n<p style=\\\"text-align: justify;\\\"><strong>Presencia de Dios:&nbsp;<\\\/strong>buscamos la presencia de Dios viviendo el momento presente; tomamos con regularidad un contacto interior con \\u00c9l y aprovechamos todas las ocasiones de intensificar esta uni\\u00f3n con Dios.<\\\/p>\\n\n\n<p style=\\\"text-align: justify;\\\"><strong>La ausencia de cr\\u00edtica:&nbsp;<\\\/strong>tenemos una mirada cari\\u00f1osa hacia las personas y acogemos a Cristo presente en ellas, evitando toda cr\\u00edtica destructiva exterior o interior.<\\\/p>\\n\n\n<p style=\\\"text-align: justify;\\\"><strong>La ausencia de queja:&nbsp;<\\\/strong>nos abrimos a la admiraci\\u00f3n para descubrir y acoger la presencia de Cristo en los acontecimientos, evitando toda queja in\\u00fatil exterior o interior.<\\\/p>\\n\n\n<p style=\\\"text-align: justify;\\\"><strong>Ser de servicio:&nbsp;<\\\/strong>asumimos plenamente nuestras responsabilidades, gustamos servir a nuestros hermanos y hermanas con gratuidad y solicitud, a la manera de Jes\\u00fas, es decir tomar nuestra vida y sembrarla a manos llenas y a coraz\\u00f3n lleno.<\\\/p>\\n\n\n<p style=\\\"text-align: justify;\\\"><strong>Ser un artesano de paz:&nbsp;<\\\/strong>nos empe\\u00f1amos en guardar la paz del coraz\\u00f3n, nos comprometemos por instaurar un clima evang\\u00e9lico de justicia y de fraternidad con el fin de ser instrumentos de reconciliaci\\u00f3n en nuestro medio.<\\\/p>\\n\n\n<div class=\\\"texte\\\">\\n\n\n<p style=\\\"text-align: justify;\\\">Por<span class=\\\"Apple-converted-space\\\"><\\\/span><em><strong>el tercer 5<\\\/strong><\\\/em>, aprovechamos cada d\\u00eda cinco ocasiones concretas de ejercer la caridad fraterna a fin de entrenarnos para vivir estos contactos con el pr\\u00f3jimo de una manera positiva, como Jes\\u00fas lo ense\\u00f1\\u00f3.<\\\/p>\\n<\\\/div>\\n\n\n<p class=\\\"citation\\\" align=\\\"center\\\"><strong><em>... \\u00a1Que tu paz, Se\\u00f1or, sea visible en m\\u00ed!<\\\/em><\\\/strong><\\\/p>\\n\n\n<div class=\\\"texte\\\">&nbsp;<\\\/div>\\n<\\\/div>\\n<\\\/div>\",\"dropcap\":false,\"margin\":\"medium\"}}]}]}]}],\"version\":\"3.0.23\",\"type\":\"layout\",\"yooessentialsVersion\":\"1.9.3\"} --><\/p>\n","protected":false},"excerpt":{"rendered":"<p>La vie d\u2019un Voluntas Dei Qui sommes-nous? Les membres Le charisme La spiritualit\u00e9 La cons\u00e9cration La formation La vie d\u2019\u00e9quipe \u00ab\u00a0Ne savez-vous pas que vous \u00eates un temple de Dieu,et que l\u2019Esprit de Dieu habite en vous\u00a0?\u00a0\u00bb (1 Cor 3,16) Les fondations (en jaune)\u00a0: La vie d\u2019un Voluntas Dei doit reposer sur quelque chose de [&hellip;]<\/p>\n","protected":false},"author":1,"featured_media":0,"parent":0,"menu_order":1,"comment_status":"closed","ping_status":"closed","template":"","meta":{"footnotes":""},"class_list":["post-4637","page","type-page","status-publish","hentry"],"_links":{"self":[{"href":"https:\/\/www.voluntasdei.org\/es\/wp-json\/wp\/v2\/pages\/4637","targetHints":{"allow":["GET"]}}],"collection":[{"href":"https:\/\/www.voluntasdei.org\/es\/wp-json\/wp\/v2\/pages"}],"about":[{"href":"https:\/\/www.voluntasdei.org\/es\/wp-json\/wp\/v2\/types\/page"}],"author":[{"embeddable":true,"href":"https:\/\/www.voluntasdei.org\/es\/wp-json\/wp\/v2\/users\/1"}],"replies":[{"embeddable":true,"href":"https:\/\/www.voluntasdei.org\/es\/wp-json\/wp\/v2\/comments?post=4637"}],"version-history":[{"count":30,"href":"https:\/\/www.voluntasdei.org\/es\/wp-json\/wp\/v2\/pages\/4637\/revisions"}],"predecessor-version":[{"id":6798,"href":"https:\/\/www.voluntasdei.org\/es\/wp-json\/wp\/v2\/pages\/4637\/revisions\/6798"}],"wp:attachment":[{"href":"https:\/\/www.voluntasdei.org\/es\/wp-json\/wp\/v2\/media?parent=4637"}],"curies":[{"name":"wp","href":"https:\/\/api.w.org\/{rel}","templated":true}]}}