{"id":4192,"date":"2022-12-12T20:10:50","date_gmt":"2022-12-13T01:10:50","guid":{"rendered":"https:\/\/www.voluntasdei.org\/?page_id=4192"},"modified":"2023-01-09T15:00:38","modified_gmt":"2023-01-09T20:00:38","slug":"s-james-dunstan","status":"publish","type":"page","link":"https:\/\/www.voluntasdei.org\/es\/s-james-dunstan\/","title":{"rendered":"S. James Dunstan"},"content":{"rendered":"<h2><strong>S. James Dunstan<\/strong><\/h2>\n<p><img decoding=\"async\" src=\"\/wp-content\/uploads\/2021\/12\/pres-jdunstan-1.jpg\" alt=\"\"><\/p>\n<p>\n    <a href=\"\/le-directeur-general-ivd\/\">Nouvelles du directeur g\u00e9n\u00e9ral<\/a>\n<\/p>\n<div>\n<p><span style=\"color: #ff6600;\">L<\/span>e p\u00e8re Selvaratnam James Dunstan est n\u00e9 le 25 juillet 1970 \u00e0 Sillalai, connue comme une petite Rome dans Jaffna (Sri Lanka). Il est le cadet d\u2019une famille de trois enfants. Son d\u00e9sir d\u2019\u00eatre pr\u00eatre s\u2019est fait sentir d\u00e8s son enfance. Le p\u00e8re Florentine Rajaratnam, membre de l\u2019Institut Voluntas Dei, \u00e9tait cur\u00e9 de sa paroisse lorsque James a fait sa Premi\u00e8re Communion. Ce n\u2019est que plus tard qu\u2019il a connu l\u2019Institut lors d\u2019une journ\u00e9e d\u00e9di\u00e9e \u00e0 la prise de contact avec les diff\u00e9rents s\u00e9minaires de la r\u00e9gion. Il a \u00e9t\u00e9 s\u00e9duit par le deuxi\u00e8me point de la spiritualit\u00e9 des 5-5-5 \u2013 les attitudes spirituelles \u2013 et a joint l\u2019Institut en 1986 alors que le p\u00e8re Florentine Rajaratnam \u00e9tait directeur en Inde et au Sri Lanka.\u00a0\u00a0<\/p>\n<p>Le p\u00e8re James a compl\u00e9t\u00e9 ses \u00e9tudes eccl\u00e9siales au s\u00e9minaire St. Francis avec l\u2019obtention d\u2019un dipl\u00f4me en philosophie. Il d\u00e9tient aussi un baccalaur\u00e9at en th\u00e9ologie (Rome, Italie) et une ma\u00eetrise en missiologie (Ottawa, Canada). Il a \u00e9t\u00e9 ordonn\u00e9 pr\u00eatre pour l\u2019Institut Voluntas Dei le 25 juillet 1997. On reconna\u00eet chez lui le respect qu\u2019il a pour les gens et sa capacit\u00e9 \u00e0 r\u00e9pandre la paix et l\u2019amiti\u00e9. En accord avec la quatri\u00e8me attitude de la spiritualit\u00e9 de l\u2019Institut, il est une personne g\u00e9n\u00e9reuse, disponible pour quiconque a besoin. Cette qualit\u00e9 d\u2019\u00eatre a fait de lui un missionnaire qui a gravi les \u00e9chelons du service jusqu\u2019\u00e0 devenir directeur g\u00e9n\u00e9ral de l\u2019Institut. Comme pr\u00eatre, il a d\u2019abord exerc\u00e9 son minist\u00e8re quelques ann\u00e9es dans les dioc\u00e8ses de Jaffna et de Mannar pendant la difficile p\u00e9riode de la guerre civile. Puis, il a enseign\u00e9 aux grands s\u00e9minaires de Jaffna et Kandy. Il a aussi assum\u00e9 la responsabilit\u00e9 du petit et du grand s\u00e9minaire de l\u2019Institut au Sri Lanka \u00e0 titre de recteur. En 2004, le jeune pr\u00eatre sri lankais a \u00e9t\u00e9 \u00e9lu conseiller g\u00e9n\u00e9ral pour un mandat de six ans. Puis, il a \u00e9t\u00e9 \u00e9lu directeur de la r\u00e9gion Sri Lanka en 2006 et a servi \u00e0 ce titre deux ans. En 2008, la r\u00e9gion a \u00e9t\u00e9\u00a0 \u00e9lev\u00e9e au statut canonique de district en formation et le p\u00e8re James a continu\u00e9 son mandat de directeur jusqu\u2019\u00e0 son \u00e9lection comme directeur g\u00e9n\u00e9ral en juin 2010. A la 10e assembl\u00e9e g\u00e9n\u00e9rale en juillet 2016, il a \u00e9t\u00e9 r\u00e9\u00e9lu comme directeur g\u00e9n\u00e9ral pour une p\u00e9riode de six ans.<\/p>\n<p>Il r\u00e9side \u00e0 Trois-Rivi\u00e8res (Qu\u00e9bec), au si\u00e8ge social de l\u2019Institut. Pour les six prochaines ann\u00e9es, le p\u00e8re James s\u2019est donn\u00e9 comme objectifs de\u00a0: 1) rester en union avec l\u2019esprit du P\u00e8re Parent au moment de la fondation de l\u2019Institut; 2) cr\u00e9er une atmosph\u00e8re de paix et de fraternit\u00e9 entre les membres \u00e0 partir de l\u2019objectif apostolique; 3) mettre l\u2019emphase sur le deuxi\u00e8me point de la spiritualit\u00e9 de l\u2019Institut \u2013 les attitudes spirituelles \u2013 pour rencontrer le deuxi\u00e8me objectif; 4) faire conna\u00eetre davantage l\u2019Institut \u00e0 travers le monde par le moyen des nouvelles technologies; et enfin 5) apporter une aide spirituelle aux membres afin qu\u2019ils discernent dans l\u2019Esprit Saint la volont\u00e9 de Dieu et qu\u2019ils soient ainsi Voluntas Dei.<\/p>\n<\/div>\n<p><!--more--><br \/>\n<!-- {\"children\":[{\"type\":\"section\",\"props\":{\"header_transparent\":\"dark\",\"image\":\"wp-content\\\/uploads\\\/2022\\\/11\\\/Nouvelle-entete_IVD.jpg\",\"image_height\":\"auto\",\"image_position\":\"center-center\",\"image_size\":\"cover\",\"overlap\":false,\"padding\":\"xsmall\",\"style\":\"default\",\"title_breakpoint\":\"xl\",\"title_position\":\"top-left\",\"title_rotation\":\"left\",\"vertical_align\":\"middle\",\"width\":\"large\"},\"children\":[{\"type\":\"row\",\"children\":[{\"type\":\"column\",\"props\":{\"image_position\":\"center-center\",\"media_overlay_gradient\":\"\",\"position_sticky_breakpoint\":\"m\",\"width_medium\":\"1-1\"},\"children\":[{\"type\":\"headline\",\"props\":{\"content\":\"<strong>S. James Dunstan<\\\/strong>\",\"margin_remove_bottom\":false,\"text_align\":\"center\",\"title_color\":\"success\",\"title_element\":\"h2\"}}]}]}],\"name\":\"Accueil 051122\"},{\"type\":\"section\",\"props\":{\"image\":\"\",\"image_position\":\"center-center\",\"padding\":\"xsmall\",\"style\":\"default\",\"title_breakpoint\":\"xl\",\"title_position\":\"top-left\",\"title_rotation\":\"left\",\"vertical_align\":\"middle\",\"width\":\"large\"},\"children\":[{\"type\":\"row\",\"children\":[{\"type\":\"column\",\"props\":{\"image_position\":\"center-center\",\"media_overlay_gradient\":\"\",\"position_sticky_breakpoint\":\"m\",\"width_medium\":\"2-5\"},\"children\":[{\"type\":\"image\",\"props\":{\"image\":\"wp-content\\\/uploads\\\/2021\\\/12\\\/pres-jdunstan-1.jpg\",\"image_svg_color\":\"emphasis\",\"margin\":\"default\"}},{\"type\":\"button\",\"props\":{\"grid_column_gap\":\"small\",\"grid_row_gap\":\"small\",\"margin\":\"default\"},\"children\":[{\"type\":\"button_item\",\"props\":{\"button_style\":\"primary\",\"content\":\"Nouvelles du directeur g\\u00e9n\\u00e9ral\",\"content_en_gb\":\"Director General's Newletter\",\"content_es_es\":\"Noticias del director general\",\"icon_align\":\"left\",\"link\":\"le-directeur-general-ivd\\\/\"}}]}]},{\"type\":\"column\",\"props\":{\"image_position\":\"center-center\",\"media_overlay_gradient\":\"\",\"position_sticky_breakpoint\":\"m\",\"width_medium\":\"3-5\"},\"children\":[{\"type\":\"text\",\"props\":{\"column_breakpoint\":\"m\",\"content\":\"\n\n<p><span style=\\\"color: #ff6600;\\\">L<\\\/span>e p\\u00e8re Selvaratnam James Dunstan est n\\u00e9 le 25 juillet 1970 \\u00e0 Sillalai, connue comme une petite Rome dans Jaffna (Sri Lanka). Il est le cadet d\\u2019une famille de trois enfants. Son d\\u00e9sir d\\u2019\\u00eatre pr\\u00eatre s\\u2019est fait sentir d\\u00e8s son enfance. Le p\\u00e8re Florentine Rajaratnam, membre de l\\u2019Institut Voluntas Dei, \\u00e9tait cur\\u00e9 de sa paroisse lorsque James a fait sa Premi\\u00e8re Communion. Ce n\\u2019est que plus tard qu\\u2019il a connu l\\u2019Institut lors d\\u2019une journ\\u00e9e d\\u00e9di\\u00e9e \\u00e0 la prise de contact avec les diff\\u00e9rents s\\u00e9minaires de la r\\u00e9gion. Il a \\u00e9t\\u00e9 s\\u00e9duit par le deuxi\\u00e8me point de la spiritualit\\u00e9 des 5-5-5 \\u2013 les attitudes spirituelles \\u2013 et a joint l\\u2019Institut en 1986 alors que le p\\u00e8re Florentine Rajaratnam \\u00e9tait directeur en Inde et au Sri Lanka.\\u00a0\\u00a0<\\\/p>\\n\n\n<p>Le p\\u00e8re James a compl\\u00e9t\\u00e9 ses \\u00e9tudes eccl\\u00e9siales au s\\u00e9minaire St. Francis avec l\\u2019obtention d\\u2019un dipl\\u00f4me en philosophie. Il d\\u00e9tient aussi un baccalaur\\u00e9at en th\\u00e9ologie (Rome, Italie) et une ma\\u00eetrise en missiologie (Ottawa, Canada). Il a \\u00e9t\\u00e9 ordonn\\u00e9 pr\\u00eatre pour l\\u2019Institut Voluntas Dei le 25 juillet 1997. On reconna\\u00eet chez lui le respect qu\\u2019il a pour les gens et sa capacit\\u00e9 \\u00e0 r\\u00e9pandre la paix et l\\u2019amiti\\u00e9. En accord avec la quatri\\u00e8me attitude de la spiritualit\\u00e9 de l\\u2019Institut, il est une personne g\\u00e9n\\u00e9reuse, disponible pour quiconque a besoin. Cette qualit\\u00e9 d\\u2019\\u00eatre a fait de lui un missionnaire qui a gravi les \\u00e9chelons du service jusqu\\u2019\\u00e0 devenir directeur g\\u00e9n\\u00e9ral de l\\u2019Institut. Comme pr\\u00eatre, il a d\\u2019abord exerc\\u00e9 son minist\\u00e8re quelques ann\\u00e9es dans les dioc\\u00e8ses de Jaffna et de Mannar pendant la difficile p\\u00e9riode de la guerre civile. Puis, il a enseign\\u00e9 aux grands s\\u00e9minaires de Jaffna et Kandy. Il a aussi assum\\u00e9 la responsabilit\\u00e9 du petit et du grand s\\u00e9minaire de l\\u2019Institut au Sri Lanka \\u00e0 titre de recteur. En 2004, le jeune pr\\u00eatre sri lankais a \\u00e9t\\u00e9 \\u00e9lu conseiller g\\u00e9n\\u00e9ral pour un mandat de six ans. Puis, il a \\u00e9t\\u00e9 \\u00e9lu directeur de la r\\u00e9gion Sri Lanka en 2006 et a servi \\u00e0 ce titre deux ans. En 2008, la r\\u00e9gion a \\u00e9t\\u00e9\\u00a0 \\u00e9lev\\u00e9e au statut canonique de district en formation et le p\\u00e8re James a continu\\u00e9 son mandat de directeur jusqu\\u2019\\u00e0 son \\u00e9lection comme directeur g\\u00e9n\\u00e9ral en juin 2010. A la 10e assembl\\u00e9e g\\u00e9n\\u00e9rale en juillet 2016, il a \\u00e9t\\u00e9 r\\u00e9\\u00e9lu comme directeur g\\u00e9n\\u00e9ral pour une p\\u00e9riode de six ans.<\\\/p>\\n\n\n<p>Il r\\u00e9side \\u00e0 Trois-Rivi\\u00e8res (Qu\\u00e9bec), au si\\u00e8ge social de l\\u2019Institut. Pour les six prochaines ann\\u00e9es, le p\\u00e8re James s\\u2019est donn\\u00e9 comme objectifs de\\u00a0: 1) rester en union avec l\\u2019esprit du P\\u00e8re Parent au moment de la fondation de l\\u2019Institut; 2) cr\\u00e9er une atmosph\\u00e8re de paix et de fraternit\\u00e9 entre les membres \\u00e0 partir de l\\u2019objectif apostolique; 3) mettre l\\u2019emphase sur le deuxi\\u00e8me point de la spiritualit\\u00e9 de l\\u2019Institut \\u2013 les attitudes spirituelles \\u2013 pour rencontrer le deuxi\\u00e8me objectif; 4) faire conna\\u00eetre davantage l\\u2019Institut \\u00e0 travers le monde par le moyen des nouvelles technologies; et enfin 5) apporter une aide spirituelle aux membres afin qu\\u2019ils discernent dans l\\u2019Esprit Saint la volont\\u00e9 de Dieu et qu\\u2019ils soient ainsi Voluntas Dei.<\\\/p>\",\"content_en_gb\":\"\n\n<p><span size=\\\"2\\\" color=\\\"#000000\\\" face=\\\"Verdana\\\"><span face=\\\"Verdana\\\"><span size=\\\"2\\\"><span color=\\\"#000000\\\"><span style=\\\"color: #ff6600;\\\">F<\\\/span>ather Selvaratnam James Dunstan was born July 25, 1970 at Sillalai, known as the \\u201cLittle Rome\\u201d in Jaffna (Sri Lanka). He is the youngest of three children. His desire for the priesthood goes back to his childhood. Father Florentine Rajaratnam, a member of the Voluntas Dei Institute, was his parish priest when James made his first communion. It was later that he learned about the Institute at an information day on different seminaries on the region. He was struck with the second five of the Spirituality of the 5-5-5 \\u2013 the spiritual attitudes \\u2013 and he joined the Institute in 1986 at the time Father Rajaratnam was director of the Institute in India and Sri Lanka<\\\/span><\\\/span><\\\/span>.&nbsp;&nbsp;<\\\/span><\\\/p>\\n\n\n<p align=\\\"justify\\\"><span size=\\\"2\\\" face=\\\"Verdana\\\">James completed his studies at St. Francis Seminary with a diploma in philosophy. He also has a baccalaureate in theology (Rome, Italy) and masters in missiology (Ottawa, Canada). He was ordained a priest in the Voluntas Dei Institute on July 25, 1997.<\\\/span><\\\/p>\\n\n\n<p align=\\\"justify\\\"><span lang=\\\"EN-US\\\"><span face=\\\"Verdana\\\">James is known for his respect of others and his ability to bring peace and friendship. He is also a generous person who is available to anyone in need. This quality has made him a missionary who has climbed the steps of service to the position of director general of the Institute.<\\\/span><\\\/span><\\\/p>\\n\n\n<p align=\\\"justify\\\"><span lang=\\\"EN-US\\\"><span face=\\\"Verdana\\\">As a priest, he first exercised his ministry for a few years in the dioceses of Jaffna and Mannar during the difficult period of the civil war. He then taught in the major seminaries of Jaffna and Kandy. He was also rector of the Institute\\u2019s minor and major seminaries in Sri Lanka. In 2004 the young Sri Lankan priest was elected to a six-year term as general councillor. He was then elected director of the Sri Lanka Region in 2006, a position he held for two years. In 2008, the Region was given the canonical status of district-in-formation, and Father James continued in his mandate as director until his election as director general in 2010. At the 10th General Assembly&nbsp;on July 2016, he has been re-elected as the Director General for&nbsp;a period of six years.<\\\/span><\\\/span><\\\/p>\\n\n\n<p align=\\\"justify\\\">He has been living in Trois-Rivi\\u00e8res (Qu\\u00e9bec), at the Voluntas Dei headquarters. For the next six years, Father James\\u2019s objectives are: 1) to be in union with the spirit of Father Parent at the founding of the Institute; 2) according to the Institute\\u2019s apostolic objective, create an atmosphere of peace and fellowship among the membership; 3) stress the second point of the Institute\\u2019s spirituality \\u2013 the spiritual attitudes \\u2013 to connect to the second objective; 4) give the Institute greater visibility in the world through the use of new technologies; 5) bring spiritual aid to the members, to help them discern, in the Holy Spirit, the will of God, helping them in this way be true Voluntas Deis<span size=\\\"2\\\" color=\\\"#000000\\\" face=\\\"Verdana\\\">.<\\\/span><\\\/p>\",\"content_es_es\":\"\n\n<p align=\\\"justify\\\"><span lang=\\\"ES\\\"><span lang=\\\"ES\\\"><span style=\\\"color: #ff6600;\\\">E<\\\/span>l Padre Selvaratnam James Dunstan naci\\u00f3 el 25 de julio de 1970 en Sillalai, conocida como una peque\\u00f1a Roma en Jaffna (Sri Lanka). \\u00c9l es el menor de una familia de tres hijos. Su deseo de ser sacerdote se hizo sentir desde su infancia. El Padre Florentine Rajaratnam, miembro del Instituto Voluntas Dei, era p\\u00e1rroco de su parroquia cuando James hizo su Primera Comuni\\u00f3n. M\\u00e1s tarde conoci\\u00f3 el Instituto en el momento de un d\\u00eda dedicado a ponerse en contacto con los diferentes seminarios de la regi\\u00f3n. Ha sido seducido por el segundo punto de la espiritualidad de los 5-5-5 \\u2013 las actitudes espirituales \\u2013 y se uni\\u00f3 al Instituto en 1986 en el momento en que el Padre Florentine Rajaratnam era director en India y en Sri Lanka. <\\\/span><\\\/span><\\\/p>\\n\n\n<p align=\\\"justify\\\"><span lang=\\\"ES\\\">El Padre James complet\\u00f3 sus estudios eclesi\\u00e1sticos en el seminario San Francisco, con la obtenci\\u00f3n de un diploma en filosof\\u00eda. Tiene tambi\\u00e9n bachillerato en teolog\\u00eda (Roma, Italia) y una maestr\\u00eda en misionolog\\u00eda (Ottawa, Canad\\u00e1). Fue ordenado sacerdote para el Instituto Voluntas Dei, el 25 de julio de 1997. Se reconoc\\u00eda en \\u00e9l el respeto que tiene por la gente y su capacidad de esparcir la paz y la amistad. De acuerdo con la cuarta actitud de la espiritualidad del Instituto, es una persona generosa, disponible para quien tenga necesidad. Esta cualidad de ser, ha hecho de \\u00e9l un misionero que ha subido las gradas del servicio hasta llegar a ser director general del Instituto. <\\\/span><\\\/p>\\n\n\n<p align=\\\"justify\\\"><span lang=\\\"ES\\\">Como sacerdote, ejerci\\u00f3 su ministerio algunos a\\u00f1os, antes que todo en las di\\u00f3cesis de Jaffna y de Mannar, durante el dif\\u00edcil per\\u00edodo de la guerra civil. Luego, ense\\u00f1\\u00f3 en los seminarios mayores de Jaffna y Kandy. Tambi\\u00e9n asumi\\u00f3 la responsabilidad del seminario menor y del seminario mayor del Instituto en Sri Lanka a t\\u00edtulo de rector. En 2004, el joven sacerdote de Sri Lanka ha sido elegido consejero general para un mandato de seis a\\u00f1os. Luego, ha sido elegido director de la regi\\u00f3n de Sri Lanka en 2006 y ha servido con este t\\u00edtulo dos a\\u00f1os. En 2008, la regi\\u00f3n ha sido elevada al estatuto can\\u00f3nico de distrito en formaci\\u00f3n y el Padre James ha continuado su mandato de director hasta su elecci\\u00f3n como director general en junio de 2010. En la 10\\u00aa Asamblea General en julio de 2016, que ha sido re-elegido como el Director General por un per\\u00edodo de seis a\\u00f1os.<\\\/span><\\\/p>\\n\n\n<p align=\\\"justify\\\"><span lang=\\\"ES\\\">Ha residido en Trois-Rivi\\u00e8res (Quebec), en la sede social del Instituto. Para los pr\\u00f3ximos seis a\\u00f1os, el Padre James se ha dado como objetivos de: 1) Permanecer en uni\\u00f3n con el esp\\u00edritu del Padre Parent en el momento de la fundaci\\u00f3n del Instituto; 2) Crear una atm\\u00f3sfera de paz y de fraternidad entre los miembros a partir del objetivo apost\\u00f3lico; 3) Poner el \\u00e9nfasis en el segundo punto de la espiritualidad del Instituto \\u2013 las actitudes espirituales \\u2013 para encontrar el segundo objetivo; 4) Hacer conocer m\\u00e1s el Instituto a trav\\u00e9s del mundo por medio de las nuevas tecnolog\\u00edas; y finalmente; 5) Aportar una ayuda espiritual a los miembros con el fin de que ellos disciernan en el Esp\\u00edritu Santo, la voluntad de Dios y que sean as\\u00ed Voluntas Dei.<\\\/span><\\\/p>\",\"dropcap\":true,\"margin\":\"default\"}}]}],\"props\":{\"layout\":\"2-5,3-5\"}}],\"name\":\"Vatican\"}],\"version\":\"3.0.20\",\"type\":\"layout\",\"yooessentialsVersion\":\"1.9.1\"} --><\/p>\n","protected":false},"excerpt":{"rendered":"<p>S. James Dunstan Nouvelles du directeur g\u00e9n\u00e9ral Le p\u00e8re Selvaratnam James Dunstan est n\u00e9 le 25 juillet 1970 \u00e0 Sillalai, connue comme une petite Rome dans Jaffna (Sri Lanka). Il est le cadet d\u2019une famille de trois enfants. Son d\u00e9sir d\u2019\u00eatre pr\u00eatre s\u2019est fait sentir d\u00e8s son enfance. Le p\u00e8re Florentine Rajaratnam, membre de l\u2019Institut [&hellip;]<\/p>\n","protected":false},"author":1,"featured_media":0,"parent":0,"menu_order":1,"comment_status":"closed","ping_status":"closed","template":"","meta":{"footnotes":""},"class_list":["post-4192","page","type-page","status-publish","hentry"],"_links":{"self":[{"href":"https:\/\/www.voluntasdei.org\/es\/wp-json\/wp\/v2\/pages\/4192","targetHints":{"allow":["GET"]}}],"collection":[{"href":"https:\/\/www.voluntasdei.org\/es\/wp-json\/wp\/v2\/pages"}],"about":[{"href":"https:\/\/www.voluntasdei.org\/es\/wp-json\/wp\/v2\/types\/page"}],"author":[{"embeddable":true,"href":"https:\/\/www.voluntasdei.org\/es\/wp-json\/wp\/v2\/users\/1"}],"replies":[{"embeddable":true,"href":"https:\/\/www.voluntasdei.org\/es\/wp-json\/wp\/v2\/comments?post=4192"}],"version-history":[{"count":13,"href":"https:\/\/www.voluntasdei.org\/es\/wp-json\/wp\/v2\/pages\/4192\/revisions"}],"predecessor-version":[{"id":6110,"href":"https:\/\/www.voluntasdei.org\/es\/wp-json\/wp\/v2\/pages\/4192\/revisions\/6110"}],"wp:attachment":[{"href":"https:\/\/www.voluntasdei.org\/es\/wp-json\/wp\/v2\/media?parent=4192"}],"curies":[{"name":"wp","href":"https:\/\/api.w.org\/{rel}","templated":true}]}}