{"id":4169,"date":"2022-12-12T18:00:53","date_gmt":"2022-12-12T23:00:53","guid":{"rendered":"https:\/\/www.voluntasdei.org\/?page_id=4169"},"modified":"2023-01-04T16:53:26","modified_gmt":"2023-01-04T21:53:26","slug":"rene-desilets","status":"publish","type":"page","link":"https:\/\/www.voluntasdei.org\/es\/rene-desilets\/","title":{"rendered":"Ren\u00e9 D\u00e9silets"},"content":{"rendered":"<h2><strong>Ren\u00e9 D\u00e9silets<\/strong><\/h2>\n<p><img decoding=\"async\" src=\"\/wp-content\/uploads\/2021\/12\/pres-rdesilets.jpg\" alt=\"\"><\/p>\n<p>\n    <a href=\"\/le-directeur-general-ivd\/\">Nouvelles du directeur g\u00e9n\u00e9ral<\/a>\n<\/p>\n<div>\n<p><span style=\"color: #ff6600;\">L<\/span>e p\u00e8re Ren\u00e9 D\u00e9silets est n\u00e9 le 6 juin 1936 \u00e0 St-Wenceslas (Qu\u00e9bec, Canada). La famille compte onze enfants.<\/p>\n<p>Cette m\u00eame&nbsp;ann\u00e9e, le p\u00e8re D\u00e9silets devient directeur des \u00e9tudes au S\u00e9minaire de philosophie \u00e0 Trois-Rivi\u00e8res. Il occupera ce poste jusqu\u2019en&nbsp;1967.&nbsp;De 1969 \u00e0 1973, il enseigne \u00e0 l\u2019Universit\u00e9 du Qu\u00e9bec \u00e0 Trois-Rivi\u00e8res. Puis, il assure la direction de l\u2019Institut Voluntas Dei de 1970 \u00e0 1980. Il devient ainsi le premier directeur g\u00e9n\u00e9ral apr\u00e8s la direction assum\u00e9e par le fondateur. En 1981, la mission l\u2019appelle en R\u00e9publique Dominicaine. Il occupera le poste de directeur du district \u00e0 deux reprises, soit de 1981 \u00e0 1987 et de 1990 \u00e0 1998. Durant toutes ses ann\u00e9es dominicaines, il servira aussi l\u2019\u00c9glise \u00e0 titre de cur\u00e9 de paroisse. Au d\u00e9but des ann\u00e9es 2000, il revient au Canada et pr\u00eate main forte \u00e0 l\u2019administration centrale comme directeur des services administratifs (2002-2004). Il retourne par la suite en R\u00e9publique Dominicaine o\u00f9, encore aujourd\u2019hui, il continue d\u2019agir comme pr\u00eatre missionnaire.a grande majorit\u00e9 est demeur\u00e9e affect\u00e9e au travail des champs. Il fit son entr\u00e9e \u00e0 l\u2019Institut en&nbsp;juillet 1959 et il fut ordonn\u00e9 pr\u00eatre le 22 juin 1963.<\/p>\n<p>Pendant le mandat du p\u00e8re D\u00e9silets \u00e0 titre de directeur g\u00e9n\u00e9ral (1970-1980), l\u2019Institut Voluntas Dei conna\u00eet de nombreux changements. En 1971, le Grand S\u00e9minaire de Reds Rapids est ferm\u00e9. En 1972, on met sur pied l\u2019\u0152uvre des vocations et des missions pour venir en aide \u00e0 l\u2019Institut qui conna\u00eet une rapide croissance dans le monde. En 1974, on ferme le S\u00e9minaire de Philosophie de Trois-Rivi\u00e8res et \u00e0 partir de cette m\u00eame ann\u00e9e,&nbsp; on d\u00e9centralise la gestion de l\u2019Institut. On forme alors des districts et des r\u00e9gions. En 1975, la Fondation Louis-Marie Parent est cr\u00e9\u00e9e. Elle contribue aujourd\u2019hui \u00e0 la formation des s\u00e9minaristes des pays de mission. Enfin, au milieu des ann\u00e9es 70, l\u2019Institut accueille ses premiers couples mari\u00e9s.<\/p>\n<\/div>\n<p><!--more--><br \/>\n<!-- {\"children\":[{\"type\":\"section\",\"props\":{\"header_transparent\":\"dark\",\"image\":\"wp-content\\\/uploads\\\/2022\\\/11\\\/Nouvelle-entete_IVD.jpg\",\"image_height\":\"auto\",\"image_position\":\"center-center\",\"image_size\":\"cover\",\"overlap\":false,\"padding\":\"xsmall\",\"style\":\"default\",\"title_breakpoint\":\"xl\",\"title_position\":\"top-left\",\"title_rotation\":\"left\",\"vertical_align\":\"middle\",\"width\":\"large\"},\"children\":[{\"type\":\"row\",\"children\":[{\"type\":\"column\",\"props\":{\"image_position\":\"center-center\",\"media_overlay_gradient\":\"\",\"position_sticky_breakpoint\":\"m\",\"width_medium\":\"1-1\"},\"children\":[{\"type\":\"headline\",\"props\":{\"content\":\"<strong>Ren\\u00e9 D\\u00e9silets<\\\/strong>\",\"content_en_gb\":\"Ren\\u00e9 D\\u00e9silets\",\"content_es_es\":\"Ren\\u00e9 D\\u00e9silets\",\"margin_remove_bottom\":false,\"text_align\":\"center\",\"title_color\":\"success\",\"title_element\":\"h2\"}}]}]}],\"name\":\"Accueil 051122\"},{\"type\":\"section\",\"props\":{\"image\":\"\",\"image_position\":\"center-center\",\"padding\":\"xsmall\",\"style\":\"default\",\"title_breakpoint\":\"xl\",\"title_position\":\"top-left\",\"title_rotation\":\"left\",\"vertical_align\":\"middle\",\"width\":\"large\"},\"children\":[{\"type\":\"row\",\"children\":[{\"type\":\"column\",\"props\":{\"image_position\":\"center-center\",\"media_overlay_gradient\":\"\",\"position_sticky_breakpoint\":\"m\",\"width_medium\":\"2-5\"},\"children\":[{\"type\":\"image\",\"props\":{\"image\":\"wp-content\\\/uploads\\\/2021\\\/12\\\/pres-rdesilets.jpg\",\"image_svg_color\":\"emphasis\",\"margin\":\"default\"}},{\"type\":\"button\",\"props\":{\"grid_column_gap\":\"small\",\"grid_row_gap\":\"small\",\"margin\":\"default\"},\"children\":[{\"type\":\"button_item\",\"props\":{\"button_style\":\"primary\",\"content\":\"Nouvelles du directeur g\\u00e9n\\u00e9ral\",\"content_en_gb\":\"Director General's Newsletter \",\"content_es_es\":\"Noticias del director general\",\"icon_align\":\"left\",\"link\":\"le-directeur-general-ivd\\\/\"}}]}]},{\"type\":\"column\",\"props\":{\"image_position\":\"center-center\",\"media_overlay_gradient\":\"\",\"position_sticky_breakpoint\":\"m\",\"width_medium\":\"3-5\"},\"children\":[{\"type\":\"text\",\"props\":{\"column_breakpoint\":\"m\",\"content\":\"\n\n<p><span style=\\\"color: #ff6600;\\\">L<\\\/span>e p\\u00e8re Ren\\u00e9 D\\u00e9silets est n\\u00e9 le 6 juin 1936 \\u00e0 St-Wenceslas (Qu\\u00e9bec, Canada). La famille compte onze enfants.<\\\/p>\\n\n\n<p>Cette m\\u00eame&nbsp;ann\\u00e9e, le p\\u00e8re D\\u00e9silets devient directeur des \\u00e9tudes au S\\u00e9minaire de philosophie \\u00e0 Trois-Rivi\\u00e8res. Il occupera ce poste jusqu\\u2019en&nbsp;1967.&nbsp;De 1969 \\u00e0 1973, il enseigne \\u00e0 l\\u2019Universit\\u00e9 du Qu\\u00e9bec \\u00e0 Trois-Rivi\\u00e8res. Puis, il assure la direction de l\\u2019Institut Voluntas Dei de 1970 \\u00e0 1980. Il devient ainsi le premier directeur g\\u00e9n\\u00e9ral apr\\u00e8s la direction assum\\u00e9e par le fondateur. En 1981, la mission l\\u2019appelle en R\\u00e9publique Dominicaine. Il occupera le poste de directeur du district \\u00e0 deux reprises, soit de 1981 \\u00e0 1987 et de 1990 \\u00e0 1998. Durant toutes ses ann\\u00e9es dominicaines, il servira aussi l\\u2019\\u00c9glise \\u00e0 titre de cur\\u00e9 de paroisse. Au d\\u00e9but des ann\\u00e9es 2000, il revient au Canada et pr\\u00eate main forte \\u00e0 l\\u2019administration centrale comme directeur des services administratifs (2002-2004). Il retourne par la suite en R\\u00e9publique Dominicaine o\\u00f9, encore aujourd\\u2019hui, il continue d\\u2019agir comme pr\\u00eatre missionnaire.a grande majorit\\u00e9 est demeur\\u00e9e affect\\u00e9e au travail des champs. Il fit son entr\\u00e9e \\u00e0 l\\u2019Institut en&nbsp;juillet 1959 et il fut ordonn\\u00e9 pr\\u00eatre le 22 juin 1963.<\\\/p>\\n\n\n<p>Pendant le mandat du p\\u00e8re D\\u00e9silets \\u00e0 titre de directeur g\\u00e9n\\u00e9ral (1970-1980), l\\u2019Institut Voluntas Dei conna\\u00eet de nombreux changements. En 1971, le Grand S\\u00e9minaire de Reds Rapids est ferm\\u00e9. En 1972, on met sur pied l\\u2019\\u0152uvre des vocations et des missions pour venir en aide \\u00e0 l\\u2019Institut qui conna\\u00eet une rapide croissance dans le monde. En 1974, on ferme le S\\u00e9minaire de Philosophie de Trois-Rivi\\u00e8res et \\u00e0 partir de cette m\\u00eame ann\\u00e9e,&nbsp; on d\\u00e9centralise la gestion de l\\u2019Institut. On forme alors des districts et des r\\u00e9gions. En 1975, la Fondation Louis-Marie Parent est cr\\u00e9\\u00e9e. Elle contribue aujourd\\u2019hui \\u00e0 la formation des s\\u00e9minaristes des pays de mission. Enfin, au milieu des ann\\u00e9es 70, l\\u2019Institut accueille ses premiers couples mari\\u00e9s.<\\\/p>\",\"content_en_gb\":\"\n\n<p><span style=\\\"color: #ff6600;\\\">F<\\\/span>ather Ren\\u00e9 D\\u00e9silets was born June 6, 1936 in Saint-Wenceslas, Qu\\u00e9bec (Canada). He is from a family of eleven children, most of whom have remained attached to the land. Ren\\u00e9 joined the Institute in 1959 and was ordained to the priesthood June 22, 1963.<\\\/p>\\n\n\n<p>That same year, Father D\\u00e9silets was appointed director of studies at our Philosophate in Trois-Rivi\\u00e8res, a position he would hold until 1967.&nbsp;From 1969 to 1973, he taught at the Universit\\u00e9 du Qu\\u00e9bec at Trois-Rivi\\u00e8res. From 1970 to 1980, he served as Director General of the Voluntas Dei Institute, taking over from our Founder Father Louis-Marie Parent. In 1981 he left for the Dominican Republic.&nbsp; He was&nbsp; District Director&nbsp; there for&nbsp; two terms,<span class=\\\"Apple-converted-space\\\"><\\\/span>from 1981 to&nbsp;1987, and 1990 to 1998. He returned to Canada in early 2000 and helped in the central administration of the Institute as Director of Administrative Services (2002-2004). He then returned to the Dominican Republic where he is still today, labouring as a missionary priest.<\\\/p>\\n\n\n<p align=\\\"justify\\\"><span lang=\\\"FR\\\"><span color=\\\"#ff0000\\\" size=\\\"3\\\"><span lang=\\\"FR\\\"><span size=\\\"2\\\"><span face=\\\"Verdana\\\"><span size=\\\"2\\\"><span lang=\\\"EN-US\\\">Under Father D\\u00e9silet\\u2019s mandate as Director General (1970-1980), the Institute underwent many changes. In 1971, the major seminary at Red Rapids was closed. In 1972, the Vocation and Mission office was established to help the Institute in its rapid missionary development throughout the world.&nbsp; In 1974, the Philosophate at Trois-Rivi\\u00e8res was closed, and that same year the direction of the Institute was decentralised. Districts and regions were formed. In 1975, the Louis-Marie Parent Foundation was created, and it contributes to this day to the formation of seminarians in mission countries. Finally, in&nbsp;the middle of the&nbsp;Seventies&nbsp;the first couples were welcomed to the Institute<\\\/span>.<\\\/span><\\\/span><\\\/span><\\\/span><\\\/span><\\\/span><\\\/p>\",\"content_es_es\":\"\n\n<p><span style=\\\"color: #ff6600;\\\">E<\\\/span>l Padre Ren\\u00e9 D\\u00e9silets naci\\u00f3 el 6 de junio de 1936 en St-Wenceslas (Quebec, Canad\\u00e1). La familia cuenta con once hijos, de los cuales la mayor parte permaneci\\u00f3 dedicada al trabajo de los campos. \\u00c9l hizo su entrada en el Instituto en julio de 1959 y fue ordenado sacerdote el 22 de junio de 1963.<\\\/p>\\n\n\n<p>Este mismo a\\u00f1o, el Padre D\\u00e9silets llega a ser director de los estudios en el Seminario de filosof\\u00eda en Trois-Rivi6\\u00e8res. Ocupar\\u00e1 este puesto hasta 1967. De 1969 a 1973, ense\\u00f1a en la Universidad de Quebec en Trois-Rivi\\u00e8res.&nbsp;Luego, asegura la direcci\\u00f3n del Instituto Voluntas Dei de 1970 a 1980. Llega a ser as\\u00ed, el primer director general despu\\u00e9s de la direcci\\u00f3n asumida por el fundador. En 1981, la misi\\u00f3n lo llama a Rep\\u00fablica Dominicana. Ocupar\\u00e1 el puesto de director del distrito por dos veces, de 1981 a 1987 y de 1990 a 1998. Durante sus a\\u00f1os dominicanos, servir\\u00e1 tambi\\u00e9n a la Iglesia a t\\u00edtulo de p\\u00e1rroco. Al comienzo de los a\\u00f1os 2000, vuelve a Canad\\u00e1 y presta gran ayuda a la administraci\\u00f3n central como director de los servicios administrativos (2002-2004). Regresa despu\\u00e9s a Rep\\u00fablica Dominicana donde, todav\\u00eda hoy, contin\\u00faa actuando como sacerdote misionero.<\\\/p>\\n\n\n<p>Durante el mandato del Padre D\\u00e9silets a t\\u00edtulo de director general (1970-1980), el Instituto Voluntas Dei conoce numerosos cambios. En 1971, el Seminario Mayor de Reds Rapids es cerrado. En 1972, se funda la Obra de las vocaciones y de las misiones para ayudar al Instituto que conoce un r\\u00e1pido crecimiento en el mundo. En 1974, se cierra el Seminario de Filosof\\u00eda de Trois-Rivi\\u00e8res y a partir de este mismo a\\u00f1o, se descentraliza la gesti\\u00f3n del Instituto. Se forman distritos y regiones. En 1975, la Fundaci\\u00f3n Louis-Marie Parent es creada. Ella contribuye hoy a la formaci\\u00f3n de los seminaristas de los pa\\u00edses de misi\\u00f3n. Finalmente, en medio de los a\\u00f1os 70, el Instituto acoge a sus primeras parejas casadas.<\\\/p>\",\"dropcap\":true,\"margin\":\"default\"}}]}],\"props\":{\"layout\":\"2-5,3-5\"}}],\"name\":\"Vatican\"}],\"version\":\"3.0.20\",\"type\":\"layout\",\"yooessentialsVersion\":\"1.9.1\"} --><\/p>\n","protected":false},"excerpt":{"rendered":"<p>Ren\u00e9 D\u00e9silets Nouvelles du directeur g\u00e9n\u00e9ral Le p\u00e8re Ren\u00e9 D\u00e9silets est n\u00e9 le 6 juin 1936 \u00e0 St-Wenceslas (Qu\u00e9bec, Canada). La famille compte onze enfants. Cette m\u00eame&nbsp;ann\u00e9e, le p\u00e8re D\u00e9silets devient directeur des \u00e9tudes au S\u00e9minaire de philosophie \u00e0 Trois-Rivi\u00e8res. Il occupera ce poste jusqu\u2019en&nbsp;1967.&nbsp;De 1969 \u00e0 1973, il enseigne \u00e0 l\u2019Universit\u00e9 du Qu\u00e9bec \u00e0 [&hellip;]<\/p>\n","protected":false},"author":1,"featured_media":0,"parent":0,"menu_order":1,"comment_status":"closed","ping_status":"closed","template":"","meta":{"footnotes":""},"class_list":["post-4169","page","type-page","status-publish","hentry"],"_links":{"self":[{"href":"https:\/\/www.voluntasdei.org\/es\/wp-json\/wp\/v2\/pages\/4169","targetHints":{"allow":["GET"]}}],"collection":[{"href":"https:\/\/www.voluntasdei.org\/es\/wp-json\/wp\/v2\/pages"}],"about":[{"href":"https:\/\/www.voluntasdei.org\/es\/wp-json\/wp\/v2\/types\/page"}],"author":[{"embeddable":true,"href":"https:\/\/www.voluntasdei.org\/es\/wp-json\/wp\/v2\/users\/1"}],"replies":[{"embeddable":true,"href":"https:\/\/www.voluntasdei.org\/es\/wp-json\/wp\/v2\/comments?post=4169"}],"version-history":[{"count":16,"href":"https:\/\/www.voluntasdei.org\/es\/wp-json\/wp\/v2\/pages\/4169\/revisions"}],"predecessor-version":[{"id":5686,"href":"https:\/\/www.voluntasdei.org\/es\/wp-json\/wp\/v2\/pages\/4169\/revisions\/5686"}],"wp:attachment":[{"href":"https:\/\/www.voluntasdei.org\/es\/wp-json\/wp\/v2\/media?parent=4169"}],"curies":[{"name":"wp","href":"https:\/\/api.w.org\/{rel}","templated":true}]}}