{"id":4144,"date":"2022-12-12T11:35:27","date_gmt":"2022-12-12T16:35:27","guid":{"rendered":"https:\/\/www.voluntasdei.org\/?page_id=4144"},"modified":"2025-04-23T15:44:53","modified_gmt":"2025-04-23T19:44:53","slug":"nouvelles-vatican-2","status":"publish","type":"page","link":"https:\/\/www.voluntasdei.org\/es\/nouvelles-vatican-2\/","title":{"rendered":"Politique de harc\u00e8lement"},"content":{"rendered":"<h2>Politique de harc\u00e8lement 2023 \/ Harassment Policy 2023 \/ Pol\u00edtica de acoso 2023<\/h2>\n<ul>\n<li>\n<p><a href=\"\/wp-content\/uploads\/2025\/04\/Politique-harcelement-FRA_REV03-2025.pdf\"><\/p>\n<p><strong>Politique de harc\u00e8lement 2025<\/strong><\/p>\n<p><\/a><\/p>\n<\/li>\n<li>\n<p><a href=\"\/wp-content\/uploads\/2025\/04\/Harassment-Policy-ENG_REV03-2025.pdf\"><\/p>\n<p><strong>Harassment Policy 2025<\/strong><\/p>\n<p><\/a><\/p>\n<\/li>\n<li>\n<p><a href=\"\/wp-content\/uploads\/2025\/04\/Politica-de-acoso-ESP_REV03-2025.pdf\"><\/p>\n<p><strong>Pol\u00edtica del acoso 2025<\/strong><\/p>\n<p><\/a><\/p>\n<\/li>\n<\/ul>\n<hr>\n<ul>\n<li>\n<p><a href=\"\/wp-content\/uploads\/2024\/12\/Procedure-de-depot-dune-plainte-a-lAC.pdf\"><\/p>\n<p><strong>Proc\u00e9dure du d\u00e9p\u00f4t d\u2019une plainte \u00e0 l\u2019AC<\/strong><\/p>\n<p><\/a><\/p>\n<\/li>\n<li>\n<p><a href=\"\/wp-content\/uploads\/2024\/12\/Procedure-for-filing-a-complaint-at-CA.pdf\"><\/p>\n<p><strong>Procedure for filing a complaint at CA<\/strong><\/p>\n<p><\/a><\/p>\n<\/li>\n<li>\n<p><a href=\"\/wp-content\/uploads\/2024\/12\/Procedimiento-para-presentar-una-denuncia-en-la-AC.pdf\"><\/p>\n<p><strong>Procedimiento para presentar una denuncia en la AC<\/strong><\/p>\n<p><\/a><\/p>\n<\/li>\n<\/ul>\n<p><!--more--><br \/>\n<!-- {\"children\":[{\"type\":\"section\",\"props\":{\"header_transparent\":true,\"header_transparent_text_color\":\"dark\",\"image\":\"wp-content\\\/uploads\\\/2022\\\/11\\\/Nouvelle-entete_IVD.jpg\",\"image_height\":\"auto\",\"image_position\":\"center-center\",\"image_size\":\"cover\",\"overlap\":false,\"padding\":\"xsmall\",\"style\":\"default\",\"title_breakpoint\":\"xl\",\"title_position\":\"top-left\",\"title_rotation\":\"left\",\"vertical_align\":\"\",\"width\":\"large\"},\"children\":[{\"type\":\"row\",\"children\":[{\"type\":\"column\",\"props\":{\"image_position\":\"center-center\",\"position_sticky_breakpoint\":\"m\",\"width_medium\":\"1-1\"},\"children\":[{\"type\":\"headline\",\"props\":{\"content\":\"Politique de harc\\u00e8lement 2023 \\\/ Harassment Policy 2023 \\\/ Pol\\u00edtica de acoso 2023\",\"content_en_gb\":\"Politique de harc\\u00e8lement 2019 \\\/ Harassment Policy 2019 \\\/ Pol\\u00edtica de Acoso 2019\",\"content_es_es\":\"Politique de harc\\u00e8lement 2019 \\\/ Harassment Policy 2019 \\\/ Pol\\u00edtica de Acoso 2019\",\"css\":\".el-element{font-size:1.1em;font-style:bolder;}\",\"margin_remove_bottom\":false,\"text_align\":\"center\",\"title_color\":\"success\",\"title_element\":\"h2\"}}]}]}],\"name\":\"Accueil 051122\"},{\"type\":\"section\",\"props\":{\"image_position\":\"center-center\",\"padding\":\"xsmall\",\"style\":\"default\",\"title_breakpoint\":\"xl\",\"title_position\":\"top-left\",\"title_rotation\":\"left\",\"vertical_align\":\"\",\"width\":\"large\"},\"children\":[{\"type\":\"row\",\"children\":[{\"type\":\"column\",\"props\":{\"image_position\":\"center-center\",\"position_sticky_breakpoint\":\"m\",\"width_medium\":\"1-5\"}},{\"type\":\"column\",\"props\":{\"image_position\":\"center-center\",\"position_sticky_breakpoint\":\"m\",\"width_medium\":\"3-5\"},\"children\":[{\"type\":\"list\",\"props\":{\"column_breakpoint\":\"m\",\"column_divider\":true,\"icon\":\"download\",\"icon_color\":\"emphasis\",\"image_align\":\"right\",\"image_svg_color\":\"emphasis\",\"image_vertical_align\":true,\"list_element\":\"ul\",\"list_horizontal_separator\":\", \",\"list_size\":\"collapse\",\"list_style\":\"divider\",\"list_type\":\"vertical\",\"show_image\":true,\"show_link\":true},\"children\":[{\"type\":\"list_item\",\"props\":{\"content\":\"\n\n<p><strong>Politique de harc\\u00e8lement 2025<\\\/strong><\\\/p>\",\"image\":\"\",\"link\":\"wp-content\\\/uploads\\\/2025\\\/04\\\/Politique-harcelement-FRA_REV03-2025.pdf\",\"link_target\":true}},{\"type\":\"list_item\",\"props\":{\"content\":\"\n\n<p><strong>Harassment Policy 2025<\\\/strong><\\\/p>\",\"image\":\"\",\"link\":\"wp-content\\\/uploads\\\/2025\\\/04\\\/Harassment-Policy-ENG_REV03-2025.pdf\",\"link_target\":true}},{\"type\":\"list_item\",\"props\":{\"content\":\"\n\n<p><strong>Pol\\u00edtica del acoso 2025<\\\/strong><\\\/p>\",\"image\":\"\",\"link\":\"wp-content\\\/uploads\\\/2025\\\/04\\\/Politica-de-acoso-ESP_REV03-2025.pdf\",\"link_target\":true}}],\"name\":\"Choix g\\u00e9n\\u00e9ral - documents PDF\"},{\"type\":\"divider\",\"props\":{\"divider_element\":\"hr\",\"divider_style\":\"small\"}},{\"type\":\"list\",\"props\":{\"column_breakpoint\":\"m\",\"column_divider\":true,\"icon\":\"download\",\"icon_color\":\"emphasis\",\"image_align\":\"right\",\"image_svg_color\":\"emphasis\",\"image_vertical_align\":true,\"list_element\":\"ul\",\"list_horizontal_separator\":\", \",\"list_size\":\"collapse\",\"list_style\":\"divider\",\"list_type\":\"vertical\",\"show_image\":true,\"show_link\":true},\"children\":[{\"type\":\"list_item\",\"props\":{\"content\":\"\n\n<p><strong>Proc\\u00e9dure du d\\u00e9p\\u00f4t d\\u2019une plainte \\u00e0 l\\u2019AC<\\\/strong><\\\/p>\",\"image\":\"\",\"link\":\"wp-content\\\/uploads\\\/2024\\\/12\\\/Procedure-de-depot-dune-plainte-a-lAC.pdf\",\"link_target\":true}},{\"type\":\"list_item\",\"props\":{\"content\":\"\n\n<p><strong>Procedure for filing a complaint at CA<\\\/strong><\\\/p>\",\"image\":\"\",\"link\":\"wp-content\\\/uploads\\\/2024\\\/12\\\/Procedure-for-filing-a-complaint-at-CA.pdf\",\"link_target\":true}},{\"type\":\"list_item\",\"props\":{\"content\":\"\n\n<p><strong>Procedimiento para presentar una denuncia en la AC<\\\/strong><\\\/p>\",\"image\":\"\",\"link\":\"wp-content\\\/uploads\\\/2024\\\/12\\\/Procedimiento-para-presentar-una-denuncia-en-la-AC.pdf\",\"link_target\":true}}],\"name\":\"Choix g\\u00e9n\\u00e9ral - documents PDF\"}]},{\"type\":\"column\",\"props\":{\"image_position\":\"center-center\",\"position_sticky_breakpoint\":\"m\",\"width_medium\":\"1-5\"}}],\"props\":{\"layout\":\"1-5,3-5,1-5\"}}],\"name\":\"Vatican\"}],\"version\":\"4.5.14\",\"type\":\"layout\",\"yooessentialsVersion\":\"2.3.12\"} --><\/p>\n","protected":false},"excerpt":{"rendered":"<p>Politique de harc\u00e8lement 2023 \/ Harassment Policy 2023 \/ Pol\u00edtica de acoso 2023 Politique de harc\u00e8lement 2025 Harassment Policy 2025 Pol\u00edtica del acoso 2025 Proc\u00e9dure du d\u00e9p\u00f4t d\u2019une plainte \u00e0 l\u2019AC Procedure for filing a complaint at CA Procedimiento para presentar una denuncia en la AC<\/p>\n","protected":false},"author":1,"featured_media":0,"parent":0,"menu_order":1,"comment_status":"closed","ping_status":"closed","template":"","meta":{"footnotes":""},"class_list":["post-4144","page","type-page","status-publish","hentry"],"_links":{"self":[{"href":"https:\/\/www.voluntasdei.org\/es\/wp-json\/wp\/v2\/pages\/4144","targetHints":{"allow":["GET"]}}],"collection":[{"href":"https:\/\/www.voluntasdei.org\/es\/wp-json\/wp\/v2\/pages"}],"about":[{"href":"https:\/\/www.voluntasdei.org\/es\/wp-json\/wp\/v2\/types\/page"}],"author":[{"embeddable":true,"href":"https:\/\/www.voluntasdei.org\/es\/wp-json\/wp\/v2\/users\/1"}],"replies":[{"embeddable":true,"href":"https:\/\/www.voluntasdei.org\/es\/wp-json\/wp\/v2\/comments?post=4144"}],"version-history":[{"count":34,"href":"https:\/\/www.voluntasdei.org\/es\/wp-json\/wp\/v2\/pages\/4144\/revisions"}],"predecessor-version":[{"id":7155,"href":"https:\/\/www.voluntasdei.org\/es\/wp-json\/wp\/v2\/pages\/4144\/revisions\/7155"}],"wp:attachment":[{"href":"https:\/\/www.voluntasdei.org\/es\/wp-json\/wp\/v2\/media?parent=4144"}],"curies":[{"name":"wp","href":"https:\/\/api.w.org\/{rel}","templated":true}]}}