{"id":4112,"date":"2022-12-12T11:10:02","date_gmt":"2022-12-12T16:10:02","guid":{"rendered":"https:\/\/www.voluntasdei.org\/?page_id=4112"},"modified":"2023-01-09T15:59:41","modified_gmt":"2023-01-09T20:59:41","slug":"le-moment-present","status":"publish","type":"page","link":"https:\/\/www.voluntasdei.org\/es\/le-moment-present\/","title":{"rendered":"Le moment pr\u00e9sent"},"content":{"rendered":"<h2>Le moment pr\u00e9sent<\/h2>\n<h3>La publication annuelle<\/h3>\n<p><img decoding=\"async\" src=\"\/wp-content\/uploads\/2022\/12\/Pere-Parent-cadre-Dustan.jpg\" alt=\"\"><\/p>\n<ul>\n<li>\n<p><a href=\"\/wp-content\/uploads\/2023\/01\/moment-2015-fr.pdf\"><\/p>\n<p>2015<\/p>\n<p><\/a><\/p>\n<\/li>\n<li>\n<p><a href=\"\/wp-content\/uploads\/2023\/01\/moment-2014-fr.pdf\"><\/p>\n<p>2014<\/p>\n<p><\/a><\/p>\n<\/li>\n<li>\n<p><a href=\"\/wp-content\/uploads\/2023\/01\/moment-2013-fr.pdf\"><\/p>\n<p>2013<\/p>\n<p><\/a><\/p>\n<\/li>\n<li>\n<p><a href=\"\/wp-content\/uploads\/2023\/01\/moment-2012-fr.pdf\"><\/p>\n<p>2012<\/p>\n<p><\/a><\/p>\n<\/li>\n<li>\n<p><a href=\"\/wp-content\/uploads\/2023\/01\/moment-2011-fr.pdf\"><\/p>\n<p>2011<\/p>\n<p><\/a><\/p>\n<\/li>\n<li>\n<p><a href=\"\/wp-content\/uploads\/2023\/01\/moment-2010-edit-spec-fr.pdf\"><\/p>\n<p>\u00c9dition sp\u00e9ciale 2010 (P\u00e8re Parent)\u00a0<\/p>\n<p><\/a><\/p>\n<\/li>\n<li>\n<p><a href=\"\/wp-content\/uploads\/2023\/01\/moment-2010-fr.pdf\"><\/p>\n<p>2010<\/p>\n<p><\/a><\/p>\n<\/li>\n<li>\n<p><a href=\"\/wp-content\/uploads\/2023\/01\/moment-2009-fr.pdf\"><\/p>\n<p>2009<\/p>\n<p><\/a><\/p>\n<\/li>\n<li>\n<p><a href=\"\/wp-content\/uploads\/2023\/01\/moment-2008-fr.pdf\"><\/p>\n<p>2008<\/p>\n<p><\/a><\/p>\n<\/li>\n<li>\n<p><a href=\"\/wp-content\/uploads\/2023\/01\/moment-2007-fr.pdf\"><\/p>\n<p>2007<\/p>\n<p><\/a><\/p>\n<\/li>\n<li>\n<p><a href=\"\/wp-content\/uploads\/2023\/01\/moment-2006-fr.pdf\"><\/p>\n<p>2006<\/p>\n<p><\/a><\/p>\n<\/li>\n<li>\n<p><a href=\"\/wp-content\/uploads\/2023\/01\/moment-2005-fr.pdf\"><\/p>\n<p>2005<\/p>\n<p><\/a><\/p>\n<\/li>\n<li>\n<p><a href=\"\/wp-content\/uploads\/2023\/01\/moment-2004-fr.pdf\"><\/p>\n<p>2004<\/p>\n<p><\/a><\/p>\n<\/li>\n<li>\n<p><a href=\"\/wp-content\/uploads\/2023\/01\/moment-2003-fr.pdf\"><\/p>\n<p>2003<\/p>\n<p><\/a><\/p>\n<\/li>\n<li>\n<p><a href=\"\/wp-content\/uploads\/2023\/01\/moment-2002-fr.pdf\"><\/p>\n<p>2002<\/p>\n<p><\/a><\/p>\n<\/li>\n<li>\n<p><a href=\"\/wp-content\/uploads\/2023\/01\/moment-2001-fr.pdf\"><\/p>\n<p>2001<\/p>\n<p><\/a><\/p>\n<\/li>\n<li>\n<p><a href=\"\/wp-content\/uploads\/2023\/01\/moment-2000-fr.pdf\"><\/p>\n<p>2000<\/p>\n<p><\/a><\/p>\n<\/li>\n<\/ul>\n<p><!--more--><br \/>\n<!-- {\"children\":[{\"type\":\"section\",\"props\":{\"header_transparent\":\"dark\",\"image\":\"wp-content\\\/uploads\\\/2022\\\/11\\\/Nouvelle-entete_IVD.jpg\",\"image_height\":\"auto\",\"image_position\":\"center-center\",\"image_size\":\"cover\",\"overlap\":false,\"padding\":\"xsmall\",\"style\":\"default\",\"title_breakpoint\":\"xl\",\"title_position\":\"top-left\",\"title_rotation\":\"left\",\"vertical_align\":\"middle\",\"width\":\"large\"},\"children\":[{\"type\":\"row\",\"children\":[{\"type\":\"column\",\"props\":{\"image_position\":\"center-center\",\"media_overlay_gradient\":\"\",\"position_sticky_breakpoint\":\"m\",\"width_medium\":\"1-1\"},\"children\":[{\"type\":\"headline\",\"props\":{\"content\":\"Le moment pr\\u00e9sent\",\"content_en_gb\":\"The Present Moment\",\"content_es_es\":\"El momente presente\",\"margin_remove_bottom\":false,\"text_align\":\"center\",\"title_color\":\"success\",\"title_element\":\"h2\"}}]}]}],\"name\":\"Accueil 051122\"},{\"type\":\"section\",\"props\":{\"image_position\":\"center-center\",\"padding\":\"xsmall\",\"style\":\"default\",\"title_breakpoint\":\"xl\",\"title_position\":\"top-left\",\"title_rotation\":\"left\",\"vertical_align\":\"middle\",\"width\":\"large\"},\"children\":[{\"type\":\"row\",\"props\":{\"layout\":\"1-3,2-3\"},\"children\":[{\"type\":\"column\",\"props\":{\"image_position\":\"center-center\",\"media_overlay_gradient\":\"\",\"position_sticky_breakpoint\":\"m\",\"width_medium\":\"1-3\"},\"children\":[{\"type\":\"headline\",\"props\":{\"content\":\"La publication annuelle\",\"content_en_gb\":\"Annual Publication\",\"content_es_es\":\"publicaci\\u00f3n anual\",\"title_element\":\"h3\"}},{\"type\":\"image\",\"props\":{\"image\":\"wp-content\\\/uploads\\\/2022\\\/12\\\/Pere-Parent-cadre-Dustan.jpg\",\"image_svg_color\":\"emphasis\",\"margin\":\"default\"}}]},{\"type\":\"column\",\"props\":{\"image_position\":\"center-center\",\"media_overlay_gradient\":\"\",\"position_sticky_breakpoint\":\"m\",\"width_medium\":\"2-3\"},\"children\":[{\"type\":\"list\",\"props\":{\"column_breakpoint\":\"m\",\"column_divider\":true,\"css\":\".el-element{max-inline-size:350px;}\",\"icon\":\"download\",\"icon_color\":\"emphasis\",\"image_align\":\"right\",\"image_svg_color\":\"emphasis\",\"image_vertical_align\":true,\"list_element\":\"ul\",\"list_horizontal_separator\":\", \",\"list_marker\":\"\",\"list_marker_color\":\"\",\"list_size\":\"collapse\",\"list_style\":\"divider\",\"list_type\":\"vertical\",\"show_image\":true,\"show_link\":true},\"children\":[{\"type\":\"list_item\",\"props\":{\"content\":\"\n\n<p>2015<\\\/p>\",\"content_en_gb\":\"\n\n<p>2015<\\\/p>\",\"content_es_es\":\"\n\n<p>2015<\\\/p>\",\"image\":\"\",\"link\":\"wp-content\\\/uploads\\\/2023\\\/01\\\/moment-2015-fr.pdf\",\"link_en_gb\":\"wp-content\\\/uploads\\\/2023\\\/01\\\/Moment-2015-en.pdf\",\"link_es_es\":\"wp-content\\\/uploads\\\/2023\\\/01\\\/moment-2015-es.pdf\",\"link_target\":true}},{\"type\":\"list_item\",\"props\":{\"content\":\"\n\n<p>2014<\\\/p>\",\"content_en_gb\":\"\n\n<p>2014<\\\/p>\",\"content_es_es\":\"\n\n<p>2014<\\\/p>\",\"image\":\"\",\"link\":\"wp-content\\\/uploads\\\/2023\\\/01\\\/moment-2014-fr.pdf\",\"link_en_gb\":\"wp-content\\\/uploads\\\/2023\\\/01\\\/moment-2014-fr.pdf\",\"link_es_es\":\"wp-content\\\/uploads\\\/2023\\\/01\\\/moment-2014-fr.pdf\",\"link_target\":true}},{\"type\":\"list_item\",\"props\":{\"content\":\"\n\n<p>2013<\\\/p>\",\"content_en_gb\":\"\n\n<p>2013<\\\/p>\",\"content_es_es\":\"\n\n<p>2013<\\\/p>\",\"image\":\"\",\"link\":\"wp-content\\\/uploads\\\/2023\\\/01\\\/moment-2013-fr.pdf\",\"link_en_gb\":\"wp-content\\\/uploads\\\/2023\\\/01\\\/moment-2013-en.pdf\",\"link_es_es\":\"wp-content\\\/uploads\\\/2023\\\/01\\\/moment-2013-es.pdf\",\"link_target\":true}},{\"type\":\"list_item\",\"props\":{\"content\":\"\n\n<p>2012<\\\/p>\",\"content_en_gb\":\"\n\n<p>2012<\\\/p>\",\"content_es_es\":\"\n\n<p>2012<\\\/p>\",\"image\":\"\",\"link\":\"wp-content\\\/uploads\\\/2023\\\/01\\\/moment-2012-fr.pdf\",\"link_en_gb\":\"wp-content\\\/uploads\\\/2023\\\/01\\\/Moment-2012-en.pdf\",\"link_es_es\":\"wp-content\\\/uploads\\\/2023\\\/01\\\/moment-2012-es.pdf\",\"link_target\":true}},{\"type\":\"list_item\",\"props\":{\"content\":\"\n\n<p>2011<\\\/p>\",\"content_en_gb\":\"\n\n<p>2012<\\\/p>\",\"content_es_es\":\"\n\n<p>2012<\\\/p>\",\"image\":\"\",\"link\":\"wp-content\\\/uploads\\\/2023\\\/01\\\/moment-2011-fr.pdf\",\"link_en_gb\":\"wp-content\\\/uploads\\\/2023\\\/01\\\/Moment-2012-en.pdf\",\"link_es_es\":\"wp-content\\\/uploads\\\/2023\\\/01\\\/moment-2012-es.pdf\",\"link_target\":true}},{\"type\":\"list_item\",\"props\":{\"content\":\"\n\n<p>\\u00c9dition sp\\u00e9ciale 2010 (P\\u00e8re Parent)\\u00a0<\\\/p>\",\"content_en_gb\":\"\n\n<p>Special Edition 2010 (Father Parent)<\\\/p>\",\"content_es_es\":\"\n\n<p>Edici\\u00f3n especiale 2010 (Padre Parent)<\\\/p>\",\"image\":\"\",\"link\":\"wp-content\\\/uploads\\\/2023\\\/01\\\/moment-2010-edit-spec-fr.pdf\",\"link_en_gb\":\"wp-content\\\/uploads\\\/2023\\\/01\\\/moment-2010-edit-spec-en.pdf\",\"link_es_es\":\"wp-content\\\/uploads\\\/2023\\\/01\\\/moment-2010-edit-spec-es.pdf\",\"link_target\":true}},{\"type\":\"list_item\",\"props\":{\"content\":\"\n\n<p>2010<\\\/p>\",\"content_en_gb\":\"\n\n<p>2010<\\\/p>\",\"content_es_es\":\"\n\n<p>2010<\\\/p>\",\"image\":\"\",\"link\":\"wp-content\\\/uploads\\\/2023\\\/01\\\/moment-2010-fr.pdf\",\"link_en_gb\":\"wp-content\\\/uploads\\\/2023\\\/01\\\/moment-2010en.pdf\",\"link_es_es\":\"wp-content\\\/uploads\\\/2023\\\/01\\\/moment-2010-es.pdf\",\"link_target\":true}},{\"type\":\"list_item\",\"props\":{\"content\":\"\n\n<p>2009<\\\/p>\",\"content_en_gb\":\"\n\n<p>2009<\\\/p>\",\"content_es_es\":\"\n\n<p>2009<\\\/p>\",\"image\":\"\",\"link\":\"wp-content\\\/uploads\\\/2023\\\/01\\\/moment-2009-fr.pdf\",\"link_en_gb\":\"wp-content\\\/uploads\\\/2023\\\/01\\\/moment-2009-en.pdf\",\"link_es_es\":\"wp-content\\\/uploads\\\/2023\\\/01\\\/moment-2009-es.pdf\",\"link_target\":true}},{\"type\":\"list_item\",\"props\":{\"content\":\"\n\n<p>2008<\\\/p>\",\"content_en_gb\":\"\n\n<p>2008<\\\/p>\",\"content_es_es\":\"\n\n<p>2008<\\\/p>\",\"image\":\"\",\"link\":\"wp-content\\\/uploads\\\/2023\\\/01\\\/moment-2008-fr.pdf\",\"link_en_gb\":\"wp-content\\\/uploads\\\/2023\\\/01\\\/moment-2008-en.pdf\",\"link_es_es\":\"wp-content\\\/uploads\\\/2023\\\/01\\\/moment-2008-es.pdf\",\"link_target\":true}},{\"type\":\"list_item\",\"props\":{\"content\":\"\n\n<p>2007<\\\/p>\",\"content_en_gb\":\"\n\n<p>2007<\\\/p>\",\"content_es_es\":\"\n\n<p>2007<\\\/p>\",\"image\":\"\",\"link\":\"wp-content\\\/uploads\\\/2023\\\/01\\\/moment-2007-fr.pdf\",\"link_en_gb\":\"wp-content\\\/uploads\\\/2023\\\/01\\\/moment-2007-en.pdf\",\"link_es_es\":\"wp-content\\\/uploads\\\/2023\\\/01\\\/moment-2007-es.pdf\",\"link_target\":true}},{\"type\":\"list_item\",\"props\":{\"content\":\"\n\n<p>2006<\\\/p>\",\"content_en_gb\":\"\n\n<p>2006<\\\/p>\",\"content_es_es\":\"\n\n<p>2006<\\\/p>\",\"image\":\"\",\"link\":\"wp-content\\\/uploads\\\/2023\\\/01\\\/moment-2006-fr.pdf\",\"link_en_gb\":\"wp-content\\\/uploads\\\/2023\\\/01\\\/moment-2006-en.pdf\",\"link_es_es\":\"wp-content\\\/uploads\\\/2023\\\/01\\\/moment-2006-es.pdf\",\"link_target\":true}},{\"type\":\"list_item\",\"props\":{\"content\":\"\n\n<p>2005<\\\/p>\",\"content_en_gb\":\"\n\n<p>2005<\\\/p>\",\"content_es_es\":\"\n\n<p>2005<\\\/p>\",\"image\":\"\",\"link\":\"wp-content\\\/uploads\\\/2023\\\/01\\\/moment-2005-fr.pdf\",\"link_es_es\":\"wp-content\\\/uploads\\\/2023\\\/01\\\/moment-2005-es.pdf\",\"link_target\":true}},{\"type\":\"list_item\",\"props\":{\"content\":\"\n\n<p>2004<\\\/p>\",\"content_en_gb\":\"\n\n<p>2004<\\\/p>\",\"content_es_es\":\"\n\n<p>2004<\\\/p>\",\"image\":\"\",\"link\":\"wp-content\\\/uploads\\\/2023\\\/01\\\/moment-2004-fr.pdf\",\"link_en_gb\":\"wp-content\\\/uploads\\\/2023\\\/01\\\/moment-2004-en.pdf\",\"link_es_es\":\"wp-content\\\/uploads\\\/2023\\\/01\\\/moment-2004-es.pdf\",\"link_target\":true}},{\"type\":\"list_item\",\"props\":{\"content\":\"\n\n<p>2003<\\\/p>\",\"content_en_gb\":\"\n\n<p>2003<\\\/p>\",\"image\":\"\",\"link\":\"wp-content\\\/uploads\\\/2023\\\/01\\\/moment-2003-fr.pdf\",\"link_en_gb\":\"wp-content\\\/uploads\\\/2023\\\/01\\\/moment-2003-en.pdf\",\"link_es_es\":\"wp-content\\\/uploads\\\/2023\\\/01\\\/moment-2003-es.pdf\",\"link_target\":true}},{\"type\":\"list_item\",\"props\":{\"content\":\"\n\n<p>2002<\\\/p>\",\"content_en_gb\":\"\n\n<p>2002<\\\/p>\",\"content_es_es\":\"\n\n<p>2002<\\\/p>\",\"image\":\"\",\"link\":\"wp-content\\\/uploads\\\/2023\\\/01\\\/moment-2002-fr.pdf\",\"link_en_gb\":\"wp-content\\\/uploads\\\/2023\\\/01\\\/moment-2002-en.pdf\",\"link_es_es\":\"wp-content\\\/uploads\\\/2023\\\/01\\\/moment-2002-es.pdf\",\"link_target\":true}},{\"type\":\"list_item\",\"props\":{\"content\":\"\n\n<p>2001<\\\/p>\",\"image\":\"\",\"link\":\"wp-content\\\/uploads\\\/2023\\\/01\\\/moment-2001-fr.pdf\",\"link_en_gb\":\"wp-content\\\/uploads\\\/2023\\\/01\\\/moment-2001-en.pdf\",\"link_es_es\":\"wp-content\\\/uploads\\\/2023\\\/01\\\/moment-2001-es.pdf\",\"link_target\":true}},{\"type\":\"list_item\",\"props\":{\"content\":\"\n\n<p>2000<\\\/p>\",\"content_en_gb\":\"\n\n<p>2000<\\\/p>\",\"content_es_es\":\"\n\n<p>2000<\\\/p>\",\"image\":\"\",\"link\":\"wp-content\\\/uploads\\\/2023\\\/01\\\/moment-2000-fr.pdf\",\"link_en_gb\":\"wp-content\\\/uploads\\\/2023\\\/01\\\/moment-2000-en.pdf\",\"link_es_es\":\"wp-content\\\/uploads\\\/2023\\\/01\\\/moment-2000-es.pdf\",\"link_target\":true}}],\"name\":\"Choix g\\u00e9n\\u00e9ral - documents PDF\"}]}]}],\"name\":\"_OVM - OK\"}],\"version\":\"3.0.20\",\"type\":\"layout\",\"yooessentialsVersion\":\"1.9.1\"} --><\/p>\n","protected":false},"excerpt":{"rendered":"<p>Le moment pr\u00e9sent La publication annuelle 2015 2014 2013 2012 2011 \u00c9dition sp\u00e9ciale 2010 (P\u00e8re Parent)\u00a0 2010 2009 2008 2007 2006 2005 2004 2003 2002 2001 2000<\/p>\n","protected":false},"author":1,"featured_media":0,"parent":0,"menu_order":1,"comment_status":"closed","ping_status":"closed","template":"","meta":{"footnotes":""},"class_list":["post-4112","page","type-page","status-publish","hentry"],"_links":{"self":[{"href":"https:\/\/www.voluntasdei.org\/es\/wp-json\/wp\/v2\/pages\/4112","targetHints":{"allow":["GET"]}}],"collection":[{"href":"https:\/\/www.voluntasdei.org\/es\/wp-json\/wp\/v2\/pages"}],"about":[{"href":"https:\/\/www.voluntasdei.org\/es\/wp-json\/wp\/v2\/types\/page"}],"author":[{"embeddable":true,"href":"https:\/\/www.voluntasdei.org\/es\/wp-json\/wp\/v2\/users\/1"}],"replies":[{"embeddable":true,"href":"https:\/\/www.voluntasdei.org\/es\/wp-json\/wp\/v2\/comments?post=4112"}],"version-history":[{"count":99,"href":"https:\/\/www.voluntasdei.org\/es\/wp-json\/wp\/v2\/pages\/4112\/revisions"}],"predecessor-version":[{"id":6139,"href":"https:\/\/www.voluntasdei.org\/es\/wp-json\/wp\/v2\/pages\/4112\/revisions\/6139"}],"wp:attachment":[{"href":"https:\/\/www.voluntasdei.org\/es\/wp-json\/wp\/v2\/media?parent=4112"}],"curies":[{"name":"wp","href":"https:\/\/api.w.org\/{rel}","templated":true}]}}