{"id":3858,"date":"2022-12-10T14:11:03","date_gmt":"2022-12-10T19:11:03","guid":{"rendered":"https:\/\/www.voluntasdei.org\/?page_id=3858"},"modified":"2023-01-09T17:26:55","modified_gmt":"2023-01-09T22:26:55","slug":"le-charisme-fr-2-2-2-2-2","status":"publish","type":"page","link":"https:\/\/www.voluntasdei.org\/es\/le-charisme-fr-2-2-2-2-2\/","title":{"rendered":"La vie d'un Voluntas Dei"},"content":{"rendered":"<h2>La vie d&#8217;un Voluntas Dei<\/h2>\n<ul>\n<li>\n        <a href=\"\/qui-sommes-nous-fr\/\">Qui sommes-nous?<\/a>\n    <\/li>\n<li>\n        <a href=\"\/les-membres-fr\/\">Les membres<\/a>\n    <\/li>\n<li>\n        <a href=\"\/le-charisme-fr\/\">Le charisme<\/a>\n    <\/li>\n<li>\n        <a href=\"\/la-spiritualite\/\">La spiritualit\u00e9<\/a>\n    <\/li>\n<li>\n        <a href=\"\/la-consecration\/\">La cons\u00e9cration<\/a>\n    <\/li>\n<li>\n        <a href=\"\/la-formation-fr-2\/\">La formation<\/a>\n    <\/li>\n<li>\n        <a href=\"\/la-vie-d-equipe\/\">La vie d\u2019\u00e9quipe<\/a>\n    <\/li>\n<li>\n        <a href=\"\/la-vie-d-un-voluntas-dei\/\">La vie d&#8217;un voluntas Dei<\/a>\n    <\/li>\n<\/ul>\n<blockquote>\n<p style=\"text-align: center;\">\u00ab Ne savez-vous pas que vous \u00eates un temple de Dieu, <br \/>et que l&#8217;Esprit de Dieu habite en vous? \u00bb (1 Cor 2, 16)<\/p>\n<\/blockquote>\n<p><img decoding=\"async\" src=\"\/wp-content\/uploads\/2021\/12\/life-voluntas-fr.jpg\" alt=\"\"><\/p>\n<div>\n<h3><strong>Fondements<\/strong><\/h3>\n<p style=\"text-align: justify;\"><strong>Les fondations <\/strong>(en jaune)\u00a0: La vie d\u2019un Voluntas Dei doit reposer sur quelque chose de solide, de durable. Elle se construit n\u00e9cessairement sur la base d\u2019une vie chr\u00e9tienne profond\u00e9ment v\u00e9cue. Les fondements de notre vie sont donc les sacrements d\u2019initiation \u00e0 la vie chr\u00e9tienne\u00a0: le bapt\u00eame, l\u2019eucharistie et la confirmation. Nous identifiant respectivement au P\u00e8re, au Fils et \u00e0 l\u2019Esprit Saint, ces sacrements sont l\u2019expression m\u00eame de la Sainte Trinit\u00e9. Une fois bien enracin\u00e9e dans la vie chr\u00e9tienne, une personne peut \u00eatre appel\u00e9e \u00e0 consacrer sa vie \u00e0 Dieu d\u2019une fa\u00e7on plus particuli\u00e8re. Elle peut alors porter en elle le d\u00e9sir de devenir Voluntas Dei si elle adh\u00e8re \u00e0 l\u2019objectif de l\u2019Institut et veut le faire sien. Lorsque tous ces mat\u00e9riaux sont en place, nous avons des fondations bien achev\u00e9es sur lesquelles on peut commencer \u00e0 b\u00e2tir notre temple Voluntas Dei.<\/p>\n<h3 style=\"text-align: justify;\"><strong>Formation<\/strong><\/h3>\n<p style=\"text-align: justify;\"><strong>Les murs<\/strong> (en vert)\u00a0: Les murs de notre vie de Voluntas d\u00e9finissent l\u2019espace int\u00e9rieur qui est le n\u00f4tre. Ils sont ce sur quoi va reposer notre projet apostolique commun. Ils ont pour fonction de permettre ce que nous pourrions appeler une \u00ab\u00a0pratique spirituelle\u00a0\u00bb et aussi de nous prot\u00e9ger contre les \u00e9l\u00e9ments ext\u00e9rieurs pour que nous demeurions paisibles et forts dans notre marche \u00e0 la suite du Christ. Les \u00e9l\u00e9ments essentiels de notre vie de Voluntas sont r\u00e9partis en trois groupes\u00a0: 1) les cinq \u00e9tapes d\u2019incorporation\u00a0; 2) la spiritualit\u00e9 des 5-5-5 et les cinq valeurs essentielles.<\/p>\n<p style=\"text-align: justify;\"><strong>Le plafond<\/strong> (en blanc)\u00a0: Une fois les murs construits, on peut r\u00e9aliser le plafond sur lequel reposera la toiture. C\u2019est le charisme de l\u2019Institut qui donne une identit\u00e9 propre \u00e0 toute la construction. C\u2019est notre couleur sp\u00e9cifique, l\u2019aspect de la vie du Christ que nous voulons donner au monde.<\/p>\n<p style=\"text-align: justify;\">Voil\u00e0 maintenant notre construction bien avanc\u00e9e. Tous ces travaux ont permis de former notre \u00eatre Voluntas Dei. Une fois parvenu \u00e0 la stabilit\u00e9, notre demeure repose sur des fondations bien solides et nous pouvons entrer profond\u00e9ment et v\u00e9ritablement dans la cons\u00e9cration s\u00e9culi\u00e8re.<\/p>\n<h3 style=\"text-align: justify;\"><strong>T\u00e9moignage<\/strong><\/h3>\n<p style=\"text-align: justify;\"><strong>La toiture<\/strong> (en bleu)\u00a0: Elle recouvre notre vie chr\u00e9tienne et lui donne un style sp\u00e9cifique. C\u2019est \u00e0 ce niveau que nous pouvons r\u00e9ellement vivre la cons\u00e9cration s\u00e9culi\u00e8re par notre engagement \u00e0 vivre les conseils \u00e9vang\u00e9liques\u00a0: pauvret\u00e9, chastet\u00e9 et ob\u00e9issance.<\/p>\n<p style=\"text-align: justify;\"><strong>Le clocher<\/strong> (notre logo)\u00a0: Notre vie est maintenant un vrai temple Voluntas Dei. Nous sommes pr\u00eats \u00e0 t\u00e9moigner du Christ selon la couleur propre de l\u2019Institut. Les cloches appellent, invitent, interpellent ceux qui sont sur notre route. Nous sommes un \u00ab\u00a0rep\u00e8re dans le paysage pour que chacun puisse se situer\u00a0\u00bb. Nous sommes devenus lumi\u00e8re du monde, au c\u0153ur du monde.<\/p>\n<\/div>\n<p><!--more--><br \/>\n<!-- {\"children\":[{\"type\":\"section\",\"props\":{\"header_transparent\":\"dark\",\"image\":\"wp-content\\\/uploads\\\/2022\\\/11\\\/Nouvelle-entete_IVD.jpg\",\"image_height\":\"auto\",\"image_position\":\"center-center\",\"image_size\":\"cover\",\"overlap\":false,\"padding\":\"xsmall\",\"style\":\"default\",\"title_breakpoint\":\"xl\",\"title_position\":\"top-left\",\"title_rotation\":\"left\",\"vertical_align\":\"middle\",\"width\":\"large\"},\"children\":[{\"type\":\"row\",\"children\":[{\"type\":\"column\",\"props\":{\"image_position\":\"center-center\",\"media_overlay_gradient\":\"\",\"position_sticky_breakpoint\":\"m\",\"width_medium\":\"1-1\"},\"children\":[{\"type\":\"headline\",\"props\":{\"content\":\"La vie d'un Voluntas Dei\",\"margin_remove_bottom\":false,\"text_align\":\"center\",\"title_color\":\"success\",\"title_element\":\"h2\"}}]}]}],\"name\":\"Accueil 051122\"},{\"type\":\"section\",\"props\":{\"image_position\":\"center-center\",\"padding\":\"xsmall\",\"style\":\"default\",\"title_breakpoint\":\"xl\",\"title_position\":\"top-left\",\"title_rotation\":\"left\",\"vertical_align\":\"middle\",\"width\":\"small\"},\"children\":[{\"type\":\"row\",\"children\":[{\"type\":\"column\",\"props\":{\"image_position\":\"center-center\",\"media_overlay_gradient\":\"\",\"position_sticky_breakpoint\":\"m\",\"width_medium\":\"1-1\"},\"children\":[{\"type\":\"subnav\",\"props\":{\"attributes\":\"\",\"margin_remove_top\":false,\"subnav_style\":\"divider\",\"text_align\":\"center\"},\"children\":[{\"type\":\"subnav_item\",\"props\":{\"active\":false,\"content\":\"Qui sommes-nous?\",\"content_en_gb\":\"Who we are?\",\"content_es_es\":\"\\u00bfQuienes somos?\",\"link\":\"qui-sommes-nous-fr\\\/\",\"link_en_gb\":\"\\\/en\\\/qui-sommes-nous-fr\\\/\",\"link_es_es\":\"\\\/es\\\/qui-sommes-nous-fr\\\/\"}},{\"type\":\"subnav_item\",\"props\":{\"active\":false,\"content\":\"Les membres\",\"content_en_gb\":\"The members\",\"content_es_es\":\"Los miembros\",\"link\":\"les-membres-fr\\\/\",\"link_en_gb\":\"\\\/en\\\/les-membres-fr\\\/\",\"link_es_es\":\"\\\/es\\\/les-membres-fr\\\/\",\"yooessentials_access_conditions\":[],\"yooessentials_access_mode\":\"AND\"}},{\"type\":\"subnav_item\",\"props\":{\"content\":\"Le charisme\",\"content_en_gb\":\"The charism\",\"content_es_es\":\"El charisma\",\"link\":\"le-charisme-fr\\\/\",\"link_en_gb\":\"\\\/en\\\/le-charisme-fr\\\/\",\"link_es_es\":\"\\\/es\\\/le-charisme-fr\\\/\"}},{\"type\":\"subnav_item\",\"props\":{\"content\":\"La spiritualit\\u00e9\",\"content_en_gb\":\"The spirituality\",\"content_es_es\":\"La espiritualidad\",\"link\":\"la-spiritualite\\\/\",\"link_en_gb\":\"\\\/en\\\/la-spiritualite-fr\\\/\",\"link_es_es\":\"\\\/es\\\/la-spiritualite-fr\\\/\"}},{\"type\":\"subnav_item\",\"props\":{\"content\":\"La cons\\u00e9cration\",\"content_en_gb\":\"The consecration\",\"content_es_es\":\"La consagraci\\u00f3n\",\"link\":\"la-consecration\\\/\",\"link_en_gb\":\"\\\/en\\\/la-consecration\\\/\",\"link_es_es\":\"\\\/es\\\/la-consecration\\\/\"}},{\"type\":\"subnav_item\",\"props\":{\"content\":\"La formation\",\"content_en_gb\":\"The formation\",\"content_es_es\":\"La formaci\\u00f3n\",\"link\":\"la-formation-fr-2\\\/\",\"link_en_gb\":\"\\\/en\\\/la-formation-fr-2\\\/\",\"link_es_es\":\"\\\/es\\\/la-formation-fr-2\\\/\"}},{\"type\":\"subnav_item\",\"props\":{\"content\":\"La vie d\\u2019\\u00e9quipe\",\"content_en_gb\":\"The Team Life\",\"content_es_es\":\"Equipos\",\"link\":\"la-vie-d-equipe\\\/\",\"link_en_gb\":\"\\\/en\\\/la-vie-d-equipe\\\/\",\"link_es_es\":\"\\\/es\\\/la-vie-d-equipe\\\/\"}},{\"type\":\"subnav_item\",\"props\":{\"active\":true,\"content\":\"La vie d'un voluntas Dei\",\"content_en_gb\":\"The Life of a Voluntas Dei\",\"content_es_es\":\"La vida de un Voluntas Dei\",\"link\":\"la-vie-d-un-voluntas-dei\\\/\",\"link_en_gb\":\"\\\/en\\\/la-vie-d-un-voluntas-dei\\\/\",\"link_es_es\":\"\\\/es\\\/la-vie-d-un-voluntas-dei\\\/\"}}],\"name\":\"Sous-menu - La vie Voluntas Dei - Global 090122\"},{\"type\":\"quotation\",\"props\":{\"content\":\"\n\n<p style=\\\"text-align: center;\\\">\\u00ab Ne savez-vous pas que vous \\u00eates un temple de Dieu, <br \\\/>et que l'Esprit de Dieu habite en vous? \\u00bb (1 Cor 2, 16)<\\\/p>\",\"margin\":\"small\",\"margin_remove_top\":false}},{\"type\":\"image\",\"props\":{\"css\":\".el-image{margin-top:-20px;}\",\"image\":\"wp-content\\\/uploads\\\/2021\\\/12\\\/life-voluntas-fr.jpg\",\"image_svg_color\":\"emphasis\",\"margin\":\"default\",\"text_align\":\"center\"}},{\"type\":\"text\",\"props\":{\"column_breakpoint\":\"m\",\"content\":\"\n\n<h3><strong>Fondements<\\\/strong><\\\/h3>\\n\n\n<p style=\\\"text-align: justify;\\\"><strong>Les fondations <\\\/strong>(en jaune)\\u00a0: La vie d\\u2019un Voluntas Dei doit reposer sur quelque chose de solide, de durable. Elle se construit n\\u00e9cessairement sur la base d\\u2019une vie chr\\u00e9tienne profond\\u00e9ment v\\u00e9cue. Les fondements de notre vie sont donc les sacrements d\\u2019initiation \\u00e0 la vie chr\\u00e9tienne\\u00a0: le bapt\\u00eame, l\\u2019eucharistie et la confirmation. Nous identifiant respectivement au P\\u00e8re, au Fils et \\u00e0 l\\u2019Esprit Saint, ces sacrements sont l\\u2019expression m\\u00eame de la Sainte Trinit\\u00e9. Une fois bien enracin\\u00e9e dans la vie chr\\u00e9tienne, une personne peut \\u00eatre appel\\u00e9e \\u00e0 consacrer sa vie \\u00e0 Dieu d\\u2019une fa\\u00e7on plus particuli\\u00e8re. Elle peut alors porter en elle le d\\u00e9sir de devenir Voluntas Dei si elle adh\\u00e8re \\u00e0 l\\u2019objectif de l\\u2019Institut et veut le faire sien. Lorsque tous ces mat\\u00e9riaux sont en place, nous avons des fondations bien achev\\u00e9es sur lesquelles on peut commencer \\u00e0 b\\u00e2tir notre temple Voluntas Dei.<\\\/p>\\n\n\n<h3 style=\\\"text-align: justify;\\\"><strong>Formation<\\\/strong><\\\/h3>\\n\n\n<p style=\\\"text-align: justify;\\\"><strong>Les murs<\\\/strong> (en vert)\\u00a0: Les murs de notre vie de Voluntas d\\u00e9finissent l\\u2019espace int\\u00e9rieur qui est le n\\u00f4tre. Ils sont ce sur quoi va reposer notre projet apostolique commun. Ils ont pour fonction de permettre ce que nous pourrions appeler une \\u00ab\\u00a0pratique spirituelle\\u00a0\\u00bb et aussi de nous prot\\u00e9ger contre les \\u00e9l\\u00e9ments ext\\u00e9rieurs pour que nous demeurions paisibles et forts dans notre marche \\u00e0 la suite du Christ. Les \\u00e9l\\u00e9ments essentiels de notre vie de Voluntas sont r\\u00e9partis en trois groupes\\u00a0: 1) les cinq \\u00e9tapes d\\u2019incorporation\\u00a0; 2) la spiritualit\\u00e9 des 5-5-5 et les cinq valeurs essentielles.<\\\/p>\\n\n\n<p style=\\\"text-align: justify;\\\"><strong>Le plafond<\\\/strong> (en blanc)\\u00a0: Une fois les murs construits, on peut r\\u00e9aliser le plafond sur lequel reposera la toiture. C\\u2019est le charisme de l\\u2019Institut qui donne une identit\\u00e9 propre \\u00e0 toute la construction. C\\u2019est notre couleur sp\\u00e9cifique, l\\u2019aspect de la vie du Christ que nous voulons donner au monde.<\\\/p>\\n\n\n<p style=\\\"text-align: justify;\\\">Voil\\u00e0 maintenant notre construction bien avanc\\u00e9e. Tous ces travaux ont permis de former notre \\u00eatre Voluntas Dei. Une fois parvenu \\u00e0 la stabilit\\u00e9, notre demeure repose sur des fondations bien solides et nous pouvons entrer profond\\u00e9ment et v\\u00e9ritablement dans la cons\\u00e9cration s\\u00e9culi\\u00e8re.<\\\/p>\\n\n\n<h3 style=\\\"text-align: justify;\\\"><strong>T\\u00e9moignage<\\\/strong><\\\/h3>\\n\n\n<p style=\\\"text-align: justify;\\\"><strong>La toiture<\\\/strong> (en bleu)\\u00a0: Elle recouvre notre vie chr\\u00e9tienne et lui donne un style sp\\u00e9cifique. C\\u2019est \\u00e0 ce niveau que nous pouvons r\\u00e9ellement vivre la cons\\u00e9cration s\\u00e9culi\\u00e8re par notre engagement \\u00e0 vivre les conseils \\u00e9vang\\u00e9liques\\u00a0: pauvret\\u00e9, chastet\\u00e9 et ob\\u00e9issance.<\\\/p>\\n\n\n<p style=\\\"text-align: justify;\\\"><strong>Le clocher<\\\/strong> (notre logo)\\u00a0: Notre vie est maintenant un vrai temple Voluntas Dei. Nous sommes pr\\u00eats \\u00e0 t\\u00e9moigner du Christ selon la couleur propre de l\\u2019Institut. Les cloches appellent, invitent, interpellent ceux qui sont sur notre route. Nous sommes un \\u00ab\\u00a0rep\\u00e8re dans le paysage pour que chacun puisse se situer\\u00a0\\u00bb. Nous sommes devenus lumi\\u00e8re du monde, au c\\u0153ur du monde.<\\\/p>\",\"dropcap\":false,\"margin\":\"default\",\"margin_remove_top\":true}}]}]}]}],\"version\":\"3.0.20\",\"type\":\"layout\",\"yooessentialsVersion\":\"1.9.1\"} --><\/p>\n","protected":false},"excerpt":{"rendered":"<p>La vie d&#8217;un Voluntas Dei Qui sommes-nous? Les membres Le charisme La spiritualit\u00e9 La cons\u00e9cration La formation La vie d\u2019\u00e9quipe La vie d&#8217;un voluntas Dei \u00ab Ne savez-vous pas que vous \u00eates un temple de Dieu, et que l&#8217;Esprit de Dieu habite en vous? \u00bb (1 Cor 2, 16) Fondements Les fondations (en jaune)\u00a0: La [&hellip;]<\/p>\n","protected":false},"author":1,"featured_media":0,"parent":0,"menu_order":1,"comment_status":"closed","ping_status":"closed","template":"","meta":{"footnotes":""},"class_list":["post-3858","page","type-page","status-publish","hentry"],"_links":{"self":[{"href":"https:\/\/www.voluntasdei.org\/es\/wp-json\/wp\/v2\/pages\/3858","targetHints":{"allow":["GET"]}}],"collection":[{"href":"https:\/\/www.voluntasdei.org\/es\/wp-json\/wp\/v2\/pages"}],"about":[{"href":"https:\/\/www.voluntasdei.org\/es\/wp-json\/wp\/v2\/types\/page"}],"author":[{"embeddable":true,"href":"https:\/\/www.voluntasdei.org\/es\/wp-json\/wp\/v2\/users\/1"}],"replies":[{"embeddable":true,"href":"https:\/\/www.voluntasdei.org\/es\/wp-json\/wp\/v2\/comments?post=3858"}],"version-history":[{"count":17,"href":"https:\/\/www.voluntasdei.org\/es\/wp-json\/wp\/v2\/pages\/3858\/revisions"}],"predecessor-version":[{"id":6188,"href":"https:\/\/www.voluntasdei.org\/es\/wp-json\/wp\/v2\/pages\/3858\/revisions\/6188"}],"wp:attachment":[{"href":"https:\/\/www.voluntasdei.org\/es\/wp-json\/wp\/v2\/media?parent=3858"}],"curies":[{"name":"wp","href":"https:\/\/api.w.org\/{rel}","templated":true}]}}