{"id":3850,"date":"2022-12-10T14:02:34","date_gmt":"2022-12-10T19:02:34","guid":{"rendered":"https:\/\/www.voluntasdei.org\/?page_id=3850"},"modified":"2023-02-03T17:19:16","modified_gmt":"2023-02-03T22:19:16","slug":"la-vie-d-equipe","status":"publish","type":"page","link":"https:\/\/www.voluntasdei.org\/es\/equipos\/","title":{"rendered":"Equipos"},"content":{"rendered":"<h2>La vie d&#8217;\u00e9quipe<\/h2>\n<ul>\n<li>\n        <a href=\"\/qui-sommes-nous-fr\/\">Qui sommes-nous?<\/a>\n    <\/li>\n<li>\n        <a href=\"\/les-membres-fr\/\">Les membres<\/a>\n    <\/li>\n<li>\n        <a href=\"\/le-charisme-fr\/\">Le charisme<\/a>\n    <\/li>\n<li>\n        <a href=\"\/la-spiritualite-2\/\">La spiritualit\u00e9<\/a>\n    <\/li>\n<li>\n        <a href=\"\/la-consecration\/\">La cons\u00e9cration<\/a>\n    <\/li>\n<li>\n        <a href=\"\/la-formation-fr-2\/\">La formation<\/a>\n    <\/li>\n<li>\n        <a href=\"\/la-vie-d-un-voluntas-dei\/\">La vie d&#8217;un Voluntas Dei<\/a>\n    <\/li>\n<\/ul>\n<div>\n<p style=\"text-align: justify;\"><span style=\"color: #ff6600;\">A<\/span>u c\u0153ur de la s\u00e9cularit\u00e9 consacr\u00e9e, l&#8217;\u00e9quipe se veut pour nos membres Voluntas Dei un lieu n\u00e9cessaire de vie et d&#8217;\u00e9coute de la Parole de Dieu, de lecture constante des signes des temps et de discernement de la volont\u00e9 de Dieu. Elle constitue un lieu privil\u00e9gi\u00e9 de charit\u00e9 fraternelle, de formation spirituelle et apostolique.<\/p>\n<p style=\"text-align: justify;\">La vie fraternelle entre les membres de l&#8217;Institut est essentielle. Nous ne parlons point ici de vie communautaire \u00e0 la mani\u00e8re religieuse mais de rassemblements p\u00e9riodiques qui offrent un lieu de partage, de ressourcement et de motivation.<\/p>\n<p style=\"text-align: justify;\">D\u00e9sireux de consacrer leur vie \u00e0 Dieu dans un monde en changement constant, nos membres Voluntas Dei s&#8217;appliquent toute leur vie \u00e0 se fa\u00e7onner, \u00e0 se conna\u00eetre, \u00e0 dire leur foi, \u00e0 former leur image \u00e0 la ressemblance du Christ, chacun selon ses traits personnels. L&#8217;\u00e9quipe leur donne alors l&#8217;occasion de d\u00e9couvrir leurs dons et leurs charismes qu&#8217;ils apprennent \u00e0 partager entre eux et avec ceux qu&#8217;ils c\u00f4toient.\u00a0<\/p>\n<div class=\"bas_vignette\">\n<div class=\"texte\">\n<div class=\"texte\">\n<p class=\"bas_vignette\" style=\"text-align: justify;\">La vari\u00e9t\u00e9 de nos membres, au sein de l&#8217;\u00e9quipe, les distingue et leur permet de multiplier leurs forces de pens\u00e9e, d&#8217;action et de don de soi dans le but de mieux servir. En continuant d&#8217;exercer leur m\u00e9tier et leur profession ou leur minist\u00e8re dans leur milieu de vie, nos membres Voluntas Dei actualisent la mission de l&#8217;\u00c9glise au coeur du monde pour changer le monde de l&#8217;int\u00e9rieur.<\/p>\n<p class=\"bas_vignette\" style=\"text-align: justify;\">Faire \u00e9quipe demande une dose importante de maturit\u00e9 humaine et affective en plus d&#8217;un grand respect de l&#8217;autre. Les rapports au sein de l&#8217;\u00e9quipe stimulent nos membres \u00e0 d\u00e9couvrir leur solidarit\u00e9 dans le Christ avec toute personne, principalement avec les plus souffrantes et les moins favoris\u00e9es. De plus, ils les \u00e9veillent \u00e0 travailler ensemble \u00e0 l&#8217;\u00e9tablissement d&#8217;un monde plus fraternel. Enfin, l&#8217;esprit de charit\u00e9 qui anime nos \u00e9quipes d\u00e9voile aux autres la valeur et le sens de la pr\u00e9sence de l&#8217;Institut en mission d&#8217;\u00c9glise.<\/p>\n<\/div>\n<\/div>\n<\/div>\n<div class=\"texte\">\n<p style=\"color: #ff6600; font-size: 1.2em;\"><i><strong>Chaque membre de l&#8217;\u00e9quipe<br \/><\/strong><\/i><i><strong>actualise la mission de l&#8217;\u00c9glise<br \/><\/strong><i><strong>dans son milieu de vie.<\/strong><\/i><\/i><\/p>\n<\/div>\n<\/div>\n<p><!--more--><br \/>\n<!-- {\"children\":[{\"type\":\"section\",\"props\":{\"header_transparent\":\"dark\",\"image\":\"wp-content\\\/uploads\\\/2023\\\/01\\\/Nouvelle-entete_IVD.jpg\",\"image_height\":\"auto\",\"image_loading\":true,\"image_position\":\"center-center\",\"image_size\":\"cover\",\"overlap\":false,\"padding\":\"xsmall\",\"style\":\"default\",\"title_breakpoint\":\"xl\",\"title_position\":\"top-left\",\"title_rotation\":\"left\",\"vertical_align\":\"middle\",\"width\":\"large\"},\"children\":[{\"type\":\"row\",\"children\":[{\"type\":\"column\",\"props\":{\"image_position\":\"center-center\",\"media_overlay_gradient\":\"\",\"position_sticky_breakpoint\":\"m\",\"width_medium\":\"1-1\"},\"children\":[{\"type\":\"headline\",\"props\":{\"content\":\"La vie d'\\u00e9quipe\",\"content_en_gb\":\"The team Life\",\"content_es_es\":\"La vida del equipo\",\"css\":\".el-element{font-family:open sans,arial,sans serif;color:white;}\",\"text_align\":\"center\",\"title_color\":\"success\",\"title_element\":\"h2\"}}]}]}],\"name\":\"Accueil 051122\"},{\"type\":\"section\",\"props\":{\"image_position\":\"center-center\",\"padding\":\"xsmall\",\"style\":\"default\",\"title_breakpoint\":\"xl\",\"title_position\":\"top-left\",\"title_rotation\":\"left\",\"vertical_align\":\"middle\",\"width\":\"small\"},\"children\":[{\"type\":\"row\",\"children\":[{\"type\":\"column\",\"props\":{\"image_position\":\"center-center\",\"media_overlay_gradient\":\"\",\"position_sticky_breakpoint\":\"m\",\"width_medium\":\"1-1\"},\"children\":[{\"type\":\"subnav\",\"props\":{\"attributes\":\"\",\"margin_remove_top\":false,\"subnav_style\":\"divider\",\"text_align\":\"center\"},\"children\":[{\"type\":\"subnav_item\",\"props\":{\"active\":false,\"content\":\"Qui sommes-nous?\",\"content_en_gb\":\"Who we are?\",\"content_es_es\":\"\\u00bfQuienes somos?\",\"link\":\"qui-sommes-nous-fr\\\/\",\"link_en_gb\":\"\\\/en\\\/qui-sommes-nous-fr\\\/\",\"link_es_es\":\"\\\/es\\\/qui-sommes-nous-fr\\\/\"}},{\"type\":\"subnav_item\",\"props\":{\"active\":false,\"content\":\"Les membres\",\"content_en_gb\":\"The members\",\"content_es_es\":\"Los miembros\",\"link\":\"les-membres-fr\\\/\",\"link_en_gb\":\"\\\/en\\\/les-membres-fr\\\/\",\"link_es_es\":\"\\\/es\\\/les-membres-fr\\\/\",\"yooessentials_access_conditions\":[],\"yooessentials_access_mode\":\"AND\"}},{\"type\":\"subnav_item\",\"props\":{\"content\":\"Le charisme\",\"content_en_gb\":\"The charism\",\"content_es_es\":\"El charisma\",\"link\":\"le-charisme-fr\\\/\",\"link_en_gb\":\"\\\/en\\\/le-charisme-fr\\\/\",\"link_es_es\":\"\\\/es\\\/le-charisme-fr\\\/\"}},{\"type\":\"subnav_item\",\"props\":{\"content\":\"La spiritualit\\u00e9\",\"content_en_gb\":\"The spirituality\",\"content_es_es\":\"La espiritualidad\",\"link\":\"la-spiritualite-2\\\/\",\"link_en_gb\":\"\\\/en\\\/la-spiritualite-2\\\/\",\"link_es_es\":\"\\\/es\\\/la-spiritualite-2\\\/\"}},{\"type\":\"subnav_item\",\"props\":{\"content\":\"La cons\\u00e9cration\",\"content_en_gb\":\"The consecration\",\"content_es_es\":\"La consagraci\\u00f3n\",\"link\":\"la-consecration\\\/\",\"link_en_gb\":\"\\\/en\\\/la-consecration\\\/\",\"link_es_es\":\"\\\/es\\\/la-consecration\\\/\"}},{\"type\":\"subnav_item\",\"props\":{\"content\":\"La formation\",\"content_en_gb\":\"The formation\",\"content_es_es\":\"La formaci\\u00f3n\",\"link\":\"la-formation-fr-2\\\/\",\"link_en_gb\":\"\\\/en\\\/la-formation-fr-2\\\/\",\"link_es_es\":\"\\\/es\\\/la-formation-fr-2\\\/\"}},{\"type\":\"subnav_item\",\"props\":{\"content\":\"La vie d'un Voluntas Dei\",\"content_en_gb\":\"The Life of a Voluntas Dei\",\"content_es_es\":\"La vida de un Voluntas Dei\",\"link\":\"la-vie-d-un-voluntas-dei\\\/\",\"link_en_gb\":\"\\\/en\\\/la-vie-d-un-voluntas-dei\\\/\",\"link_es_es\":\"\\\/es\\\/la-vie-d-un-voluntas-dei\\\/\"}}],\"name\":\"Sous-menu - La vie Voluntas Dei - Global 090122\"},{\"type\":\"text\",\"props\":{\"column_breakpoint\":\"m\",\"content\":\"\n\n<p style=\\\"text-align: justify;\\\"><span style=\\\"color: #ff6600;\\\">A<\\\/span>u c\\u0153ur de la s\\u00e9cularit\\u00e9 consacr\\u00e9e, l'\\u00e9quipe se veut pour nos membres Voluntas Dei un lieu n\\u00e9cessaire de vie et d'\\u00e9coute de la Parole de Dieu, de lecture constante des signes des temps et de discernement de la volont\\u00e9 de Dieu. Elle constitue un lieu privil\\u00e9gi\\u00e9 de charit\\u00e9 fraternelle, de formation spirituelle et apostolique.<\\\/p>\\n\n\n<p style=\\\"text-align: justify;\\\">La vie fraternelle entre les membres de l'Institut est essentielle. Nous ne parlons point ici de vie communautaire \\u00e0 la mani\\u00e8re religieuse mais de rassemblements p\\u00e9riodiques qui offrent un lieu de partage, de ressourcement et de motivation.<\\\/p>\\n\n\n<p style=\\\"text-align: justify;\\\">D\\u00e9sireux de consacrer leur vie \\u00e0 Dieu dans un monde en changement constant, nos membres Voluntas Dei s'appliquent toute leur vie \\u00e0 se fa\\u00e7onner, \\u00e0 se conna\\u00eetre, \\u00e0 dire leur foi, \\u00e0 former leur image \\u00e0 la ressemblance du Christ, chacun selon ses traits personnels. L'\\u00e9quipe leur donne alors l'occasion de d\\u00e9couvrir leurs dons et leurs charismes qu'ils apprennent \\u00e0 partager entre eux et avec ceux qu'ils c\\u00f4toient.\\u00a0<\\\/p>\\n\n\n<div class=\\\"bas_vignette\\\">\\n\n\n<div class=\\\"texte\\\">\\n\n\n<div class=\\\"texte\\\">\\n\n\n<p class=\\\"bas_vignette\\\" style=\\\"text-align: justify;\\\">La vari\\u00e9t\\u00e9 de nos membres, au sein de l'\\u00e9quipe, les distingue et leur permet de multiplier leurs forces de pens\\u00e9e, d'action et de don de soi dans le but de mieux servir. En continuant d'exercer leur m\\u00e9tier et leur profession ou leur minist\\u00e8re dans leur milieu de vie, nos membres Voluntas Dei actualisent la mission de l'\\u00c9glise au coeur du monde pour changer le monde de l'int\\u00e9rieur.<\\\/p>\\n\n\n<p class=\\\"bas_vignette\\\" style=\\\"text-align: justify;\\\">Faire \\u00e9quipe demande une dose importante de maturit\\u00e9 humaine et affective en plus d'un grand respect de l'autre. Les rapports au sein de l'\\u00e9quipe stimulent nos membres \\u00e0 d\\u00e9couvrir leur solidarit\\u00e9 dans le Christ avec toute personne, principalement avec les plus souffrantes et les moins favoris\\u00e9es. De plus, ils les \\u00e9veillent \\u00e0 travailler ensemble \\u00e0 l'\\u00e9tablissement d'un monde plus fraternel. Enfin, l'esprit de charit\\u00e9 qui anime nos \\u00e9quipes d\\u00e9voile aux autres la valeur et le sens de la pr\\u00e9sence de l'Institut en mission d'\\u00c9glise.<\\\/p>\\n<\\\/div>\\n<\\\/div>\\n<\\\/div>\\n\n\n<div class=\\\"texte\\\">\\n\n\n<p style=\\\"color: #ff6600; font-size: 1.2em;\\\"><i><strong>Chaque membre de l'\\u00e9quipe<br \\\/><\\\/strong><\\\/i><i><strong>actualise la mission de l'\\u00c9glise<br \\\/><\\\/strong><i><strong>dans son milieu de vie.<\\\/strong><\\\/i><\\\/i><\\\/p>\\n<\\\/div>\",\"content_en_gb\":\"\n\n<div class=\\\"texte\\\">\\n\n\n<p style=\\\"text-align: justify;\\\"><span color=\\\"#000000\\\" face=\\\"Verdana\\\"><span style=\\\"color: #ff6600;\\\">F<\\\/span>raternal life among the members of the Institute is essential. This form of life is not, of course, a community life in the manner of religious orders, but rather a coming together periodically which offers an opportunity for sharing, animation and the renewing of one's motivation.<br \\\/><\\\/span><\\\/p>\\n\n\n<p style=\\\"text-align: justify;\\\"><span color=\\\"#000000\\\" face=\\\"Verdana\\\">The members seek to consecrate their life to God in a world which is constantly changing. It is therefore important that each be committed to a life-long project of self-knowledge, of personal expressions of their faith, of tailoring their attitudes and motives to those of Christ. The team provides the member with the opportunity to discover hidden gifts and talents and for each to go forth and share these in their daily work and social relationships.<\\\/span><\\\/p>\\n\n\n<p style=\\\"text-align: justify;\\\"><span color=\\\"#000000\\\" face=\\\"Verdana\\\">For our Voluntas Dei members, the team is at the heart of their consecrated life. It is where members share their living experiences, listen to the Word of God, read and understand His signs in their milieu. As a result, they discern God's will for them. It constitutes a priviledged place of fraternal charity as well as spiritual and apostolic formation.<\\\/span><\\\/p>\\n\n\n<p style=\\\"text-align: justify;\\\"><span color=\\\"#000000\\\" face=\\\"Verdana\\\">The variety of personalities found among team members permits each to be unique and allows members to complement one another in the common project of providing enhanced Christian service. While remaining fully active in their daily occupations, their professions or their ministry, our members fulfill the Church's mission at the heart of the world, changing it from within.<br \\\/><\\\/span><\\\/p>\\n\n\n<p style=\\\"text-align: justify;\\\"><span color=\\\"#000000\\\" face=\\\"Verdana\\\">Belonging to a team requires a developed human and emotional maturity as well as a great respect for others. The relationships within the team stimulates the members to discover their solidarity in Christ with everyone, principally with those who suffer the most and who are the least favoured. Moreover, they are sensitized to working together towards a more fraternal world. Finally, the spirit of charity, which animates our teams, reveals to others the value and the meaning of the Institute's presence in the mission of our Church.<\\\/span><\\\/p>\\n<\\\/div>\\n\n\n<div class=\\\"texte\\\">\\n\n\n<div class=\\\"texte\\\">\\n\n\n<div class=\\\"texte\\\">\\n\n\n<p class=\\\"citation\\\" align=\\\"center\\\"><span color=\\\"#006633\\\" face=\\\"Georgia\\\" size=\\\"3\\\"><em><strong>Each member of the team<br \\\/>fills the mission of the Church<br \\\/>within his or her milieu.<\\\/strong><\\\/em><\\\/span><\\\/p>\\n<\\\/div>\\n<\\\/div>\\n<\\\/div>\",\"content_es_es\":\"\n\n<div class=\\\"texte\\\">\\n\n\n<p style=\\\"text-align: justify;\\\"><span style=\\\"color: #ff6600;\\\">E<\\\/span>n el coraz\\u00f3n de la secularidad consagrada, el equipo quiere ser para nuestros miembros Voluntas Dei, un lugar necesario de vida y de escucha de la Palabra de Dios, de lectura constante de los signos de los tiempos y de discernimiento de la voluntad de Dios. Constituye un lugar privilegiado de caridad fraterna, de formaci\\u00f3n espiritual y apost\\u00f3lica.<\\\/p>\\n\n\n<p style=\\\"text-align: justify;\\\">La vida fraterna entre los miembros del Instituto es esencial. No hablamos aqu\\u00ed de vida comunitaria a la manera religiosa sino de reuniones peri\\u00f3dicas que ofrecen un lugar de compartir, renovaci\\u00f3n y motivaci\\u00f3n.<\\\/p>\\n\n\n<p style=\\\"text-align: justify;\\\">Deseosos de consagrar su vida a Dios en un mundo en constante cambio, nuestros miembros Voluntas Dei se esfuerzan toda su vida en modelarse, conocerse, decir su fe, formar su imagen a semejanza de Cristo, cada uno seg\\u00fan sus caracter\\u00edsticas personales. El equipo les da, entonces, la oportunidad de descubrir sus dones y sus carismas, de aprender a compartirles entre ellos y con quienes se relacionan.<\\\/p>\\n\n\n<p style=\\\"text-align: justify;\\\">La variedad de nuestros miembros en el seno del equipo los distingue y les permite multiplicar sus fuerzas de pensamiento, de acci\\u00f3n y de don de s\\u00ed con el fin de servir mejor. Continuando de ejercer su oficio y su profesi\\u00f3n o su ministerio en su medio de vida, nuestros miembros Voluntas Dei actualizan la misi\\u00f3n de la Iglesia en pleno mundo para cambiar el mundo desde el interior.<\\\/p>\\n\n\n<p style=\\\"text-align: justify;\\\">Formar equipo exige una importante dosis de madurez humana y afectiva y tambi\\u00e9n un gran respeto hacia el otro. Las relaciones en el seno del equipo estimulan nuestros miembros a descubrir su solidaridad en Cristo con toda persona, principalmente con las que m\\u00e1s sufren y las m\\u00e1s desprovistas. Adem\\u00e1s, las relaciones los ponen atentos para trabajar juntos en el establecimiento de un mundo m\\u00e1s fraterno. Por \\u00faltimo, el esp\\u00edritu de caridad que anima a nuestros equipos muestra a los dem\\u00e1s el valor y el sentido de la presencia del Instituto en misi\\u00f3n de Iglesia.<\\\/p>\\n<\\\/div>\\n\n\n<div class=\\\"texte\\\">\\n\n\n<div class=\\\"texte\\\">\\n\n\n<div class=\\\"texte\\\">\\n\n\n<p class=\\\"citation\\\" align=\\\"center\\\"><strong><em>Cada miembro del equipo<br \\\/>actualiza la misi\\u00f3n de la Iglesia&nbsp;<br \\\/>en su medio de vida.<\\\/em><\\\/strong><\\\/p>\\n<\\\/div>\\n<\\\/div>\\n<\\\/div>\",\"dropcap\":true,\"margin\":\"medium\"}}]}]}]}],\"version\":\"3.0.23\",\"type\":\"layout\",\"yooessentialsVersion\":\"1.9.3\"} --><\/p>\n","protected":false},"excerpt":{"rendered":"<p>La vie d&#8217;\u00e9quipe Qui sommes-nous? Les membres Le charisme La spiritualit\u00e9 La cons\u00e9cration La formation La vie d&#8217;un Voluntas Dei Au c\u0153ur de la s\u00e9cularit\u00e9 consacr\u00e9e, l&#8217;\u00e9quipe se veut pour nos membres Voluntas Dei un lieu n\u00e9cessaire de vie et d&#8217;\u00e9coute de la Parole de Dieu, de lecture constante des signes des temps et de [&hellip;]<\/p>\n","protected":false},"author":1,"featured_media":0,"parent":0,"menu_order":1,"comment_status":"closed","ping_status":"closed","template":"","meta":{"footnotes":""},"class_list":["post-3850","page","type-page","status-publish","hentry"],"_links":{"self":[{"href":"https:\/\/www.voluntasdei.org\/es\/wp-json\/wp\/v2\/pages\/3850","targetHints":{"allow":["GET"]}}],"collection":[{"href":"https:\/\/www.voluntasdei.org\/es\/wp-json\/wp\/v2\/pages"}],"about":[{"href":"https:\/\/www.voluntasdei.org\/es\/wp-json\/wp\/v2\/types\/page"}],"author":[{"embeddable":true,"href":"https:\/\/www.voluntasdei.org\/es\/wp-json\/wp\/v2\/users\/1"}],"replies":[{"embeddable":true,"href":"https:\/\/www.voluntasdei.org\/es\/wp-json\/wp\/v2\/comments?post=3850"}],"version-history":[{"count":32,"href":"https:\/\/www.voluntasdei.org\/es\/wp-json\/wp\/v2\/pages\/3850\/revisions"}],"predecessor-version":[{"id":6797,"href":"https:\/\/www.voluntasdei.org\/es\/wp-json\/wp\/v2\/pages\/3850\/revisions\/6797"}],"wp:attachment":[{"href":"https:\/\/www.voluntasdei.org\/es\/wp-json\/wp\/v2\/media?parent=3850"}],"curies":[{"name":"wp","href":"https:\/\/api.w.org\/{rel}","templated":true}]}}