{"id":2752,"date":"2022-11-04T07:18:52","date_gmt":"2022-11-04T11:18:52","guid":{"rendered":"https:\/\/www.voluntasdei.org\/?page_id=2752"},"modified":"2026-04-22T08:59:32","modified_gmt":"2026-04-22T12:59:32","slug":"accueil-ancien","status":"publish","type":"page","link":"https:\/\/www.voluntasdei.org\/es\/","title":{"rendered":"Inicio"},"content":{"rendered":"<h1>Accueil<\/h1>\n<ul>\n<li>\n<p>\n        <a href=\"\/le-directeur-general-ivd\/\">Nouvelles du directeur g\u00e9n\u00e9ral<\/a>\n    <\/p>\n<\/li>\n<li>\n<p>\n        <a href=\"\/ovm\/\">Lettre du mois (O.V.M)<\/a>\n    <\/p>\n<\/li>\n<li>\n<p>\n        <a href=\"\/le-moment-present\/\">Le moment pr\u00e9sent<\/a>\n    <\/p>\n<\/li>\n<li>\n<p>\n        <a href=\"\/nouvelles-vatican\/\">Vatican<\/a>\n    <\/p>\n<\/li>\n<li>\n<p>\n        <a href=\"\/nouvelles-vatican-2\/\">Politique de harc\u00e8lement<\/a>\n    <\/p>\n<\/li>\n<\/ul>\n<p><iframe src=\"https:\/\/www.youtube.com\/watch?v=TXPT-BN6Up0\"><\/iframe><\/p>\n<h3>Nouvelle lettre O.V.M &#8211; avril 2026<\/h3>\n<p><p>\n        <a href=\"\/wp-content\/uploads\/2026\/04\/Lettre-avril2026_FR.pdf\">Cliquer ici pour t\u00e9l\u00e9charger<\/a>\n    <\/p>\n<\/p>\n<p><!--more--><br \/>\n<!-- {\"type\":\"layout\",\"children\":[{\"type\":\"section\",\"props\":{\"header_transparent\":true,\"header_transparent_text_color\":\"dark\",\"image\":\"wp-content\\\/uploads\\\/2023\\\/01\\\/Nouvelle-entete_IVD.jpg\",\"image_loading\":true,\"image_position\":\"center-center\",\"image_size\":\"cover\",\"overlap\":false,\"padding\":\"xsmall\",\"style\":\"default\",\"title_breakpoint\":\"xl\",\"title_en_gb\":\"Home\",\"title_es_es\":\"Inicio\",\"title_position\":\"top-left\",\"title_rotation\":\"left\",\"vertical_align\":\"\",\"width\":\"large\"},\"children\":[{\"type\":\"row\",\"children\":[{\"type\":\"column\",\"props\":{\"image_position\":\"center-center\",\"position_sticky_breakpoint\":\"m\",\"width_medium\":\"1-1\"},\"children\":[{\"type\":\"headline\",\"props\":{\"content\":\"Accueil\",\"content_en_gb\":\"Home\",\"content_es_es\":\"Inicio\",\"css\":\".el-element{color:white;}\",\"margin_remove_bottom\":false,\"margin_remove_top\":false,\"text_align\":\"center\",\"title_element\":\"h1\"}}]}]}],\"name\":\"Accueil - FR\"},{\"type\":\"section\",\"props\":{\"css\":\".el-section{background-color:black;margin-left:auto;margin-right:auto;}\",\"image_position\":\"center-center\",\"padding\":\"xsmall\",\"padding_remove_bottom\":false,\"padding_remove_top\":false,\"style\":\"primary\",\"title_breakpoint\":\"xl\",\"title_position\":\"top-left\",\"title_rotation\":\"left\",\"vertical_align\":\"\",\"width\":\"default\"},\"children\":[{\"type\":\"row\",\"children\":[{\"type\":\"column\",\"props\":{\"image_position\":\"center-center\",\"position_sticky_breakpoint\":\"m\"},\"children\":[{\"type\":\"button\",\"props\":{\"grid_column_gap\":\"small\",\"grid_row_gap\":\"small\",\"margin\":\"default\",\"text_align\":\"center\"},\"children\":[{\"type\":\"button_item\",\"props\":{\"button_style\":\"primary\",\"content\":\"Nouvelles du directeur g\\u00e9n\\u00e9ral\",\"content_en_gb\":\"Director general's newsletter\",\"content_es_es\":\"Noticias del director general\",\"dialog_layout\":\"modal\",\"dialog_offcanvas_flip\":true,\"icon_align\":\"left\",\"link\":\"le-directeur-general-ivd\\\/\",\"link_en_gb\":\"\\\/en\\\/le-directeur-general-ivd\\\/\",\"link_es_es\":\"\\\/es\\\/le-directeur-general-ivd\\\/\",\"link_title\":\"Lettre du directeur g\\u00e9n\\u00e9ral\"}},{\"type\":\"button_item\",\"props\":{\"button_style\":\"primary\",\"content\":\"Lettre du mois (O.V.M)\",\"content_en_gb\":\"Monthly Letter (O.V.M)\",\"content_es_es\":\"Carta del mes (O.V.M.)\",\"dialog_layout\":\"modal\",\"dialog_offcanvas_flip\":true,\"icon_align\":\"left\",\"link\":\"ovm\\\/\",\"link_en_gb\":\"\\\/en\\\/ovm\\\/\",\"link_es_es\":\"\\\/es\\\/ovm\\\/\",\"link_title\":\"Lettre du directeur g\\u00e9n\\u00e9ral\"}},{\"type\":\"button_item\",\"props\":{\"button_style\":\"primary\",\"content\":\"Le moment pr\\u00e9sent\",\"content_en_gb\":\"The Present Moment\",\"content_es_es\":\"El momento presente\",\"dialog_layout\":\"modal\",\"dialog_offcanvas_flip\":true,\"icon_align\":\"left\",\"link\":\"le-moment-present\\\/\",\"link_en_gb\":\"\\\/en\\\/le-moment-present\\\/\",\"link_es_es\":\"\\\/es\\\/le-moment-present\\\/\",\"link_title\":\"Lettre du directeur g\\u00e9n\\u00e9ral\"}},{\"type\":\"button_item\",\"props\":{\"button_style\":\"primary\",\"content\":\"Vatican\",\"content_en_gb\":\"Vatican\",\"content_es_es\":\"Vaticano\",\"dialog_layout\":\"modal\",\"dialog_offcanvas_flip\":true,\"icon_align\":\"left\",\"link\":\"nouvelles-vatican\\\/\",\"link_title\":\"Lettre du directeur g\\u00e9n\\u00e9ral\"}},{\"type\":\"button_item\",\"props\":{\"button_style\":\"primary\",\"content\":\"Politique de harc\\u00e8lement\",\"content_en_gb\":\"Harassment Policy\",\"content_es_es\":\"Politica de acoso\",\"dialog_layout\":\"modal\",\"dialog_offcanvas_flip\":true,\"icon_align\":\"left\",\"link\":\"nouvelles-vatican-2\\\/\",\"link_title\":\"Lettre du directeur g\\u00e9n\\u00e9ral\"}}]}]}]}]},{\"type\":\"section\",\"props\":{\"image_position\":\"center-center\",\"padding\":\"xsmall\",\"style\":\"secondary\",\"title_breakpoint\":\"xl\",\"title_position\":\"top-left\",\"title_rotation\":\"left\",\"vertical_align\":\"\",\"width\":\"default\"},\"children\":[{\"type\":\"row\",\"children\":[{\"type\":\"column\",\"props\":{\"image_position\":\"center-center\",\"position_sticky_breakpoint\":\"m\",\"width_medium\":\"1-2\"},\"children\":[{\"type\":\"video\",\"props\":{\"margin\":\"default\",\"video\":\"https:\\\/\\\/www.youtube.com\\\/watch?v=TXPT-BN6Up0\",\"video_controls\":true,\"video_en_gb\":\"https:\\\/\\\/www.youtube.com\\\/watch?v=TXPT-BN6Up0\",\"video_es_es\":\"https:\\\/\\\/www.youtube.com\\\/watch?v=TXPT-BN6Up0\",\"video_width\":\"600\"}}]},{\"type\":\"column\",\"props\":{\"image_position\":\"center-center\",\"position_sticky_breakpoint\":\"m\",\"width_medium\":\"1-2\"},\"children\":[{\"type\":\"headline\",\"props\":{\"content\":\"Nouvelle lettre O.V.M - avril 2026\",\"content_en_gb\":\"Newsletter's O.V.M. - April 2026\",\"content_es_es\":\"La carta O.V.M. estar\\u00e1 pronto en l\\u00ednea\\u2026\",\"title_element\":\"h3\"}},{\"type\":\"button\",\"props\":{\"grid_column_gap\":\"small\",\"grid_row_gap\":\"small\",\"margin\":\"default\"},\"children\":[{\"type\":\"button_item\",\"props\":{\"button_style\":\"\",\"content\":\"Cliquer ici pour t\\u00e9l\\u00e9charger\",\"content_en_gb\":\"Click here to download\",\"content_es_es\":\"Documento descargable no disponible por el momento\",\"dialog_layout\":\"modal\",\"dialog_offcanvas_flip\":true,\"icon\":\"download\",\"icon_align\":\"right\",\"link\":\"wp-content\\\/uploads\\\/2026\\\/04\\\/Lettre-avril2026_FR.pdf\",\"link_en_gb\":\"wp-content\\\/uploads\\\/2026\\\/04\\\/Lettre-avril2026_EN.pdf\",\"link_es_es\":\"#\"}}],\"name\":\"Bouton OVM\"}]}],\"props\":{\"layout\":\"1-2,1-2\"}}],\"name\":\"Vid\\u00e9o IVD youtube\"}],\"version\":\"4.5.14\",\"yooessentialsVersion\":\"2.3.12\"} --><\/p>\n","protected":false},"excerpt":{"rendered":"<p>Accueil Nouvelles du directeur g\u00e9n\u00e9ral Lettre du mois (O.V.M) Le moment pr\u00e9sent Vatican Politique de harc\u00e8lement Nouvelle lettre O.V.M &#8211; avril 2026 Cliquer ici pour t\u00e9l\u00e9charger<\/p>\n","protected":false},"author":1,"featured_media":0,"parent":0,"menu_order":0,"comment_status":"closed","ping_status":"closed","template":"","meta":{"footnotes":""},"class_list":["post-2752","page","type-page","status-publish","hentry"],"_links":{"self":[{"href":"https:\/\/www.voluntasdei.org\/es\/wp-json\/wp\/v2\/pages\/2752","targetHints":{"allow":["GET"]}}],"collection":[{"href":"https:\/\/www.voluntasdei.org\/es\/wp-json\/wp\/v2\/pages"}],"about":[{"href":"https:\/\/www.voluntasdei.org\/es\/wp-json\/wp\/v2\/types\/page"}],"author":[{"embeddable":true,"href":"https:\/\/www.voluntasdei.org\/es\/wp-json\/wp\/v2\/users\/1"}],"replies":[{"embeddable":true,"href":"https:\/\/www.voluntasdei.org\/es\/wp-json\/wp\/v2\/comments?post=2752"}],"version-history":[{"count":166,"href":"https:\/\/www.voluntasdei.org\/es\/wp-json\/wp\/v2\/pages\/2752\/revisions"}],"predecessor-version":[{"id":7240,"href":"https:\/\/www.voluntasdei.org\/es\/wp-json\/wp\/v2\/pages\/2752\/revisions\/7240"}],"wp:attachment":[{"href":"https:\/\/www.voluntasdei.org\/es\/wp-json\/wp\/v2\/media?parent=2752"}],"curies":[{"name":"wp","href":"https:\/\/api.w.org\/{rel}","templated":true}]}}