{"id":99,"date":"2009-06-06T20:45:55","date_gmt":"2009-06-06T18:45:55","guid":{"rendered":"https:\/\/www.voluntasdei.org\/qui-sommes-nous-fr\/"},"modified":"2023-02-03T17:17:50","modified_gmt":"2023-02-03T22:17:50","slug":"qui-sommes-nous-fr","status":"publish","type":"page","link":"https:\/\/www.voluntasdei.org\/en\/qui-sommes-nous-fr\/","title":{"rendered":"Qui sommes-nous?"},"content":{"rendered":"<h2>Qui sommes-nous?<\/h2>\n<ul>\n<li>\n        <a href=\"\/les-membres-fr\/\">Les membres<\/a>\n    <\/li>\n<li>\n        <a href=\"\/le-charisme-fr\/\">Le charisme<\/a>\n    <\/li>\n<li>\n        <a href=\"\/la-spiritualite-2\/\">La spiritualit\u00e9<\/a>\n    <\/li>\n<li>\n        <a href=\"\/la-consecration\/\">La cons\u00e9cration<\/a>\n    <\/li>\n<li>\n        <a href=\"\/la-formation-fr-2\/\">La formation<\/a>\n    <\/li>\n<li>\n        <a href=\"\/la-vie-d-equipe\/\">La vie d\u2019\u00e9quipe<\/a>\n    <\/li>\n<li>\n        <a href=\"\/la-vie-d-un-voluntas-dei\/\">La vie d&#8217;un Voluntas Dei<\/a>\n    <\/li>\n<\/ul>\n<div>\n<p style=\"text-align: justify;\"><span color=\"#000000\"><span style=\"color: #ff6600;\">L\u2019<\/span>Institut Voluntas Dei est un institut s\u00e9culier de droit pontifical dans l\u2019\u00c9glise catholique<\/span>.<\/p>\n<p style=\"text-align: justify;\">Les instituts s\u00e9culiers sont une nouvelle forme de vie consacr\u00e9e qui a \u00e9t\u00e9 officiellement reconnue en 1947.<\/p>\n<p style=\"text-align: justify;\">L\u2019Institut Voluntas Dei est constitu\u00e9 de personnes baptis\u00e9es et consacr\u00e9es qui vivent au coeur du monde les conseils \u00e9vang\u00e9liques d\u2019ob\u00e9issance, de pauvret\u00e9 et de chastet\u00e9 pour \u00eatre \u00ab&nbsp;sel de la terre&nbsp;\u00bb, \u00ab&nbsp;lumi\u00e8re du monde&nbsp;\u00bb et \u00ab&nbsp;levain dans la p\u00e2te<span color=\"#000000\">&nbsp;\u00bb<\/span> .<\/p>\n<p style=\"text-align: justify;\">Comme tous les instituts s\u00e9culiers, l\u2019Institut Voluntas Dei se d\u00e9finit par&nbsp;<strong>trois \u00e9l\u00e9ments essentiels<\/strong> &nbsp;:<\/p>\n<p style=\"text-align: justify;\"><strong>Cons\u00e9cration<\/strong>&nbsp;: Les membres sont appel\u00e9s \u00e0 se donner enti\u00e8rement \u00e0 Dieu, pour son honneur et son service, au sein d\u2019un institut d\u00e9termin\u00e9, \u00e9rig\u00e9 par l\u2019\u00c9glise.<\/p>\n<p style=\"text-align: justify;\"><strong>Apostolat<\/strong>&nbsp;: Les membres sont appel\u00e9s \u00e0 travailler \u00e0 parfaire l\u2019ordre temporel et \u00e0 rendre t\u00e9moignage au Christ. Travaillant avec la puissance de l\u2019amour dans le monde et de l\u2019int\u00e9rieur du monde, ils partagent la t\u00e2che d\u2019\u00e9vang\u00e9lisation qui incombe \u00e0 l\u2019\u00c9glise.<\/p>\n<p style=\"text-align: justify;\"><strong>S\u00e9cularit\u00e9<\/strong>&nbsp;: Tous les membres du peuple de Dieu sont appel\u00e9s \u00e0 se consacrer \u00e0 Dieu et ce, peu importe qui ils sont. Ils n\u2019ont pas besoin de vivre en communaut\u00e9 comme les religieux. Ils sont en communion avec l\u2019\u00c9glise et vivent la fraternit\u00e9 avec tous les \u00eatres humains en accord avec leur style de vie s\u00e9culier.&nbsp;<\/p>\n<\/div>\n<ul>\n<li>\n<p>        <img decoding=\"async\" src=\"\/wp-content\/uploads\/2021\/12\/qui-sommes-nous-09.jpg\" alt=\"Photo 01\"><\/p>\n<h3>Photo 01<\/h3>\n<p>Photo 01<\/p>\n<\/li>\n<li>\n<p>        <img decoding=\"async\" src=\"\/wp-content\/uploads\/2021\/12\/qui-sommes-nous-08.jpg\" alt=\"Photo 02\"><\/p>\n<h3>Photo 02<\/h3>\n<p>Photo 02<\/p>\n<\/li>\n<li>\n<p>        <img decoding=\"async\" src=\"\/wp-content\/uploads\/2021\/12\/qui-sommes-nous-07.jpg\" alt=\"Photo 03\"><\/p>\n<h3>Photo 03<\/h3>\n<p>Photo 03<\/p>\n<\/li>\n<li>\n<p>        <img decoding=\"async\" src=\"\/wp-content\/uploads\/2021\/12\/qui-sommes-nous-07.jpg\" alt=\"Photo 04\"><\/p>\n<h3>Photo 04<\/h3>\n<p>Photo 04<\/p>\n<\/li>\n<li>\n<p>        <img decoding=\"async\" src=\"\/wp-content\/uploads\/2021\/12\/qui-sommes-nous-04.jpg\" alt=\"Photo 05\"><\/p>\n<h3>Photo 05<\/h3>\n<p>Photo 05<\/p>\n<\/li>\n<li>\n<p>        <img decoding=\"async\" src=\"\/wp-content\/uploads\/2021\/12\/qui-sommes-nous-03.jpg\" alt=\"Photo 06\"><\/p>\n<h3>Photo 06<\/h3>\n<p>Photo 06<\/p>\n<\/li>\n<li>\n<p>        <img decoding=\"async\" src=\"\/wp-content\/uploads\/2021\/12\/qui-sommes-nous-02.jpg\" alt=\"Photo 07\"><\/p>\n<h3>Photo 07<\/h3>\n<p>Photo 07<\/p>\n<\/li>\n<li>\n<p>        <img decoding=\"async\" src=\"\/wp-content\/uploads\/2021\/12\/qui-sommes-nous-01.jpg\" alt=\"Photo 08\"><\/p>\n<h3>Photo 08<\/h3>\n<p>Photo 08<\/p>\n<\/li>\n<\/ul>\n<p><!--more--><br \/>\n<!-- {\"children\":[{\"type\":\"section\",\"props\":{\"animation\":\"scale-up\",\"header_transparent\":\"dark\",\"height\":\"expand\",\"image\":\"wp-content\\\/uploads\\\/2023\\\/01\\\/Nouvelle-entete_IVD.jpg\",\"image_height\":\"auto\",\"image_loading\":true,\"image_position\":\"center-center\",\"image_size\":\"cover\",\"overlap\":false,\"padding\":\"xsmall\",\"style\":\"default\",\"title_breakpoint\":\"xl\",\"title_position\":\"top-left\",\"title_rotation\":\"left\",\"vertical_align\":\"middle\",\"width\":\"default\"},\"children\":[{\"type\":\"row\",\"children\":[{\"type\":\"column\",\"props\":{\"image_position\":\"center-center\",\"media_overlay_gradient\":\"\",\"position_sticky_breakpoint\":\"m\",\"width_medium\":\"1-1\"},\"children\":[{\"type\":\"headline\",\"props\":{\"content\":\"Qui sommes-nous?\",\"content_en_gb\":\"Who we are?\",\"content_es_es\":\"\\u00bfQuienes somos?\",\"css\":\".el-element{font-family:open sans,arial,sans serif;color:white;}\",\"text_align\":\"center\",\"title_element\":\"h2\"}}]}]}],\"name\":\"Accueil 051122\"},{\"type\":\"section\",\"props\":{\"image_position\":\"center-center\",\"padding\":\"xsmall\",\"padding_remove_bottom\":true,\"padding_remove_horizontal\":false,\"padding_remove_top\":false,\"style\":\"default\",\"title_breakpoint\":\"xl\",\"title_en_gb\":\"Who we are?\",\"title_position\":\"top-left\",\"title_rotation\":\"left\",\"vertical_align\":\"middle\",\"width\":\"small\"},\"children\":[{\"type\":\"row\",\"children\":[{\"type\":\"column\",\"props\":{\"image_position\":\"center-center\",\"media_overlay_gradient\":\"\",\"position_sticky_breakpoint\":\"m\",\"width_medium\":\"\"},\"children\":[{\"type\":\"subnav\",\"props\":{\"attributes\":\"\",\"margin_remove_top\":false,\"subnav_style\":\"divider\",\"text_align\":\"center\"},\"children\":[{\"type\":\"subnav_item\",\"props\":{\"active\":false,\"content\":\"Les membres\",\"content_en_gb\":\"The members\",\"content_es_es\":\"Los miembros\",\"link\":\"les-membres-fr\\\/\",\"link_en_gb\":\"\\\/en\\\/les-membres-fr\\\/\",\"link_es_es\":\"\\\/es\\\/les-membres-fr\\\/\",\"yooessentials_access_conditions\":[],\"yooessentials_access_mode\":\"AND\"}},{\"type\":\"subnav_item\",\"props\":{\"content\":\"Le charisme\",\"content_en_gb\":\"The charism\",\"content_es_es\":\"El charisma\",\"link\":\"le-charisme-fr\\\/\",\"link_en_gb\":\"\\\/en\\\/le-charisme-fr\\\/\",\"link_es_es\":\"\\\/es\\\/le-charisme-fr\\\/\"}},{\"type\":\"subnav_item\",\"props\":{\"content\":\"La spiritualit\\u00e9\",\"content_en_gb\":\"The spirituality\",\"content_es_es\":\"La espiritualidad\",\"link\":\"la-spiritualite-2\\\/\",\"link_en_gb\":\"\\\/en\\\/la-spiritualite-2\\\/\",\"link_es_es\":\"\\\/es\\\/la-spiritualite-2\\\/\"}},{\"type\":\"subnav_item\",\"props\":{\"content\":\"La cons\\u00e9cration\",\"content_en_gb\":\"The consecration\",\"content_es_es\":\"La consagraci\\u00f3n\",\"link\":\"la-consecration\\\/\",\"link_en_gb\":\"\\\/en\\\/la-consecration\\\/\",\"link_es_es\":\"\\\/es\\\/la-consecration\\\/\"}},{\"type\":\"subnav_item\",\"props\":{\"content\":\"La formation\",\"content_en_gb\":\"The formation\",\"content_es_es\":\"La formaci\\u00f3n\",\"link\":\"la-formation-fr-2\\\/\",\"link_en_gb\":\"\\\/en\\\/la-formation-fr-2\\\/\",\"link_es_es\":\"\\\/es\\\/la-formation-fr-2\\\/\"}},{\"type\":\"subnav_item\",\"props\":{\"content\":\"La vie d\\u2019\\u00e9quipe\",\"content_en_gb\":\"The Team Life\",\"content_es_es\":\"Equipos\",\"link\":\"la-vie-d-equipe\\\/\",\"link_en_gb\":\"\\\/en\\\/la-vie-d-equipe\\\/\",\"link_es_es\":\"\\\/es\\\/la-vie-d-equipe\\\/\"}},{\"type\":\"subnav_item\",\"props\":{\"content\":\"La vie d'un Voluntas Dei\",\"content_en_gb\":\"The Life of a Voluntas Dei\",\"content_es_es\":\"La vida de un Voluntas Dei\",\"link\":\"la-vie-d-un-voluntas-dei\\\/\",\"link_en_gb\":\"\\\/en\\\/la-vie-d-un-voluntas-dei\\\/\",\"link_es_es\":\"\\\/es\\\/la-vie-d-un-voluntas-dei\\\/\"}}],\"name\":\"Sous-menu - La vie Voluntas Dei - Global 090122\"},{\"type\":\"text\",\"props\":{\"column_breakpoint\":\"m\",\"content\":\"\n\n<p style=\\\"text-align: justify;\\\"><span color=\\\"#000000\\\"><span style=\\\"color: #ff6600;\\\">L\\u2019<\\\/span>Institut Voluntas Dei est un institut s\\u00e9culier de droit pontifical dans l\\u2019\\u00c9glise catholique<\\\/span>.<\\\/p>\\n\n\n<p style=\\\"text-align: justify;\\\">Les instituts s\\u00e9culiers sont une nouvelle forme de vie consacr\\u00e9e qui a \\u00e9t\\u00e9 officiellement reconnue en 1947.<\\\/p>\\n\n\n<p style=\\\"text-align: justify;\\\">L\\u2019Institut Voluntas Dei est constitu\\u00e9 de personnes baptis\\u00e9es et consacr\\u00e9es qui vivent au coeur du monde les conseils \\u00e9vang\\u00e9liques d\\u2019ob\\u00e9issance, de pauvret\\u00e9 et de chastet\\u00e9 pour \\u00eatre \\u00ab&nbsp;sel de la terre&nbsp;\\u00bb, \\u00ab&nbsp;lumi\\u00e8re du monde&nbsp;\\u00bb et \\u00ab&nbsp;levain dans la p\\u00e2te<span color=\\\"#000000\\\">&nbsp;\\u00bb<\\\/span> .<\\\/p>\\n\n\n<p style=\\\"text-align: justify;\\\">Comme tous les instituts s\\u00e9culiers, l\\u2019Institut Voluntas Dei se d\\u00e9finit par&nbsp;<strong>trois \\u00e9l\\u00e9ments essentiels<\\\/strong> &nbsp;:<\\\/p>\\n\n\n<p style=\\\"text-align: justify;\\\"><strong>Cons\\u00e9cration<\\\/strong>&nbsp;: Les membres sont appel\\u00e9s \\u00e0 se donner enti\\u00e8rement \\u00e0 Dieu, pour son honneur et son service, au sein d\\u2019un institut d\\u00e9termin\\u00e9, \\u00e9rig\\u00e9 par l\\u2019\\u00c9glise.<\\\/p>\\n\n\n<p style=\\\"text-align: justify;\\\"><strong>Apostolat<\\\/strong>&nbsp;: Les membres sont appel\\u00e9s \\u00e0 travailler \\u00e0 parfaire l\\u2019ordre temporel et \\u00e0 rendre t\\u00e9moignage au Christ. Travaillant avec la puissance de l\\u2019amour dans le monde et de l\\u2019int\\u00e9rieur du monde, ils partagent la t\\u00e2che d\\u2019\\u00e9vang\\u00e9lisation qui incombe \\u00e0 l\\u2019\\u00c9glise.<\\\/p>\\n\n\n<p style=\\\"text-align: justify;\\\"><strong>S\\u00e9cularit\\u00e9<\\\/strong>&nbsp;: Tous les membres du peuple de Dieu sont appel\\u00e9s \\u00e0 se consacrer \\u00e0 Dieu et ce, peu importe qui ils sont. Ils n\\u2019ont pas besoin de vivre en communaut\\u00e9 comme les religieux. Ils sont en communion avec l\\u2019\\u00c9glise et vivent la fraternit\\u00e9 avec tous les \\u00eatres humains en accord avec leur style de vie s\\u00e9culier.&nbsp;<\\\/p>\",\"content_en_gb\":\"\n\n<p style=\\\"text-align: justify;\\\"><span style=\\\"color: #ff6600;\\\">T<\\\/span>he Voluntas Dei Institute is a secular institute of pontifical right in the Catholic Church.<\\\/p>\\n\n\n<p style=\\\"text-align: justify;\\\">Secular Institutes are a new form of consecrated life, officially recognised since 1947.<\\\/p>\\n\n\n<p style=\\\"text-align: justify;\\\">The Voluntas Dei Institute is composed of baptised and consecrated people who live the evangelical counsels of obedience, poverty and chastity in the midst of the world in order to be \\u201csalt of the earth\\u201d, \\u201clight of the world\\u201d and \\u201cleaven in the dough.\\u201d<\\\/p>\\n\n\n<p style=\\\"text-align: justify;\\\">Like all secular institutes, the Voluntas Dei Institute is defined by&nbsp;<span class=\\\"Apple-converted-space\\\"><\\\/span><strong>three essential elements<\\\/strong>:<br \\\/><strong>Consecration<\\\/strong>: the members are called to give themselves totally to God, for His honour and service, in a given institute erected by the Church.<\\\/p>\\n\n\n<p style=\\\"text-align: justify;\\\"><span color=\\\"#000000\\\"><strong>Apostolate<\\\/strong>: The members are called to work in the temporal order and in this way witness to Christ. Working with the power of love in the world and from within the world, they share in the evangelisation task of the Church.<\\\/span><\\\/p>\\n\n\n<p style=\\\"text-align: justify;\\\"><span color=\\\"#000000\\\"><strong>Secularity<\\\/strong>:<span class=\\\"Apple-converted-space\\\"><\\\/span><span lang=\\\"EN-US\\\">All of God\\u2019s people are called to dedicate themselves to Him, wherever they are.<span class=\\\"Apple-converted-space\\\"><\\\/span><\\\/span>They do not need to live in community as the religious do.&nbsp;<span class=\\\"Apple-converted-space\\\"><\\\/span><span lang=\\\"EN-US\\\">They are in<span class=\\\"Apple-converted-space\\\"><\\\/span><br \\\/>communion with the Church and live in fellowship with their brothers and sisters,&nbsp;as it is their style of secular consecration<\\\/span>.&nbsp;<\\\/span><\\\/p>\",\"content_es_es\":\"\n\n<p style=\\\"text-align: justify;\\\"><span style=\\\"color: #ff6600;\\\">E<\\\/span>l Instituto Voluntas Dei es un instituto secular de derecho pontificio en la Iglesia cat\\u00f3lica.<\\\/p>\\n\n\n<div>\\n\n\n<p style=\\\"text-align: justify;\\\">Los institutos seculares son una nueva forma de vida consagrada que ha sido oficialmente reconocida en 1947.<br \\\/><br \\\/>El Instituto Voluntas Dei est\\u00e1 constituido por personas bautizadas y consagradas que viven en el coraz\\u00f3n del mundo los consejos evang\\u00e9licos de obediencia, de pobreza y de castidad para ser \\u00ab sal de la tierra \\u00bb, \\u00ab luz del mundo \\u00bb y \\u201clevadura en la masa\\u201d.<\\\/p>\\n\n\n<p style=\\\"text-align: justify;\\\">Como todos los institutos seculares, el Instituto Voluntas Dei se define por&nbsp;<strong>tres elementos esenciales<\\\/strong>:<br \\\/><strong><br \\\/>Consagraci\\u00f3n<\\\/strong>: Los miembros est\\u00e1n llamados a darse enteramente a Dios, para su<br \\\/>honor y su servicio, en el seno de un instituto determinando, erigido por la Iglesia.<\\\/p>\\n\n\n<p style=\\\"text-align: justify;\\\"><strong>Apostolado:<\\\/strong>Los miembros est\\u00e1n llamados a trabajar para perfeccionar el orden temporal y para dar testimonio de Cristo. Trabajando con el poder del amor en el mundo y desde el interior del mundo, ellos comparten la tarea de evangelizaci\\u00f3n&nbsp;que incumbe a la Iglesia.<\\\/p>\\n\n\n<p style=\\\"text-align: justify;\\\"><strong>Secularidad:<\\\/strong>Todos los miembros del pueblo de Dios est\\u00e1n llamados a consagrarse a&nbsp;Dios y eso, poco importa qui\\u00e9nes sean. No tienen necesidad de vivir en comunidad&nbsp;como los religiosos. Est\\u00e1n en comuni\\u00f3n con la Iglesia y viven la fraternidad con todos&nbsp;los seres humanos de acuerdo con su estilo de vida secular.<\\\/p>\\n<\\\/div>\",\"dropcap\":true,\"margin\":\"medium\"}},{\"type\":\"slideshow\",\"props\":{\"link_style\":\"default\",\"link_text\":\"Read more\",\"margin\":\"default\",\"meta_align\":\"below-title\",\"meta_element\":\"div\",\"meta_style\":\"text-meta\",\"nav\":\"\",\"nav_align\":\"center\",\"nav_below\":false,\"nav_breakpoint\":\"s\",\"nav_position\":\"center-right\",\"nav_position_margin\":\"medium\",\"overlay_animation\":\"parallax\",\"overlay_position\":\"center-left\",\"show_content\":false,\"show_link\":false,\"show_meta\":false,\"show_thumbnail\":true,\"show_title\":false,\"slidenav\":\"outside\",\"slidenav_breakpoint\":\"s\",\"slidenav_large\":true,\"slidenav_margin\":\"medium\",\"slidenav_outside_breakpoint\":\"xl\",\"slidenav_outside_color\":\"light\",\"slideshow_autoplay\":true,\"slideshow_autoplay_pause\":true,\"slideshow_min_height\":300,\"thumbnav_height\":\"75\",\"thumbnav_svg_color\":\"emphasis\",\"thumbnav_width\":\"100\",\"title_element\":\"h3\"},\"children\":[{\"type\":\"slideshow_item\",\"props\":{\"image\":\"wp-content\\\/uploads\\\/2021\\\/12\\\/qui-sommes-nous-09.jpg\",\"image_alt\":\"Photo 01\",\"meta\":\"Photo 01\",\"title\":\"Photo 01\"}},{\"type\":\"slideshow_item\",\"props\":{\"image\":\"wp-content\\\/uploads\\\/2021\\\/12\\\/qui-sommes-nous-08.jpg\",\"image_alt\":\"Photo 02\",\"meta\":\"Photo 02\",\"title\":\"Photo 02\"}},{\"type\":\"slideshow_item\",\"props\":{\"image\":\"wp-content\\\/uploads\\\/2021\\\/12\\\/qui-sommes-nous-07.jpg\",\"image_alt\":\"Photo 03\",\"meta\":\"Photo 03\",\"title\":\"Photo 03\"}},{\"type\":\"slideshow_item\",\"props\":{\"image\":\"wp-content\\\/uploads\\\/2021\\\/12\\\/qui-sommes-nous-07.jpg\",\"image_alt\":\"Photo 04\",\"meta\":\"Photo 04\",\"title\":\"Photo 04\"}},{\"type\":\"slideshow_item\",\"props\":{\"image\":\"wp-content\\\/uploads\\\/2021\\\/12\\\/qui-sommes-nous-04.jpg\",\"image_alt\":\"Photo 05\",\"meta\":\"Photo 05\",\"title\":\"Photo 05\"}},{\"type\":\"slideshow_item\",\"props\":{\"image\":\"wp-content\\\/uploads\\\/2021\\\/12\\\/qui-sommes-nous-03.jpg\",\"image_alt\":\"Photo 06\",\"meta\":\"Photo 06\",\"title\":\"Photo 06\"}},{\"type\":\"slideshow_item\",\"props\":{\"image\":\"wp-content\\\/uploads\\\/2021\\\/12\\\/qui-sommes-nous-02.jpg\",\"image_alt\":\"Photo 07\",\"meta\":\"Photo 07\",\"title\":\"Photo 07\"}},{\"type\":\"slideshow_item\",\"props\":{\"image\":\"wp-content\\\/uploads\\\/2021\\\/12\\\/qui-sommes-nous-01.jpg\",\"image_alt\":\"Photo 08\",\"meta\":\"Photo 08\",\"title\":\"Photo 08\"}}]}]}]}],\"name\":\"Qui sommes-nous?\"}],\"version\":\"3.0.23\",\"type\":\"layout\",\"yooessentialsVersion\":\"1.9.3\"} --><\/p>\n","protected":false},"excerpt":{"rendered":"<p>Qui sommes-nous? Les membres Le charisme La spiritualit\u00e9 La cons\u00e9cration La formation La vie d\u2019\u00e9quipe La vie d&#8217;un Voluntas Dei L\u2019Institut Voluntas Dei est un institut s\u00e9culier de droit pontifical dans l\u2019\u00c9glise catholique. Les instituts s\u00e9culiers sont une nouvelle forme de vie consacr\u00e9e qui a \u00e9t\u00e9 officiellement reconnue en 1947. L\u2019Institut Voluntas Dei est constitu\u00e9 [&hellip;]<\/p>\n","protected":false},"author":1,"featured_media":0,"parent":0,"menu_order":3,"comment_status":"closed","ping_status":"closed","template":"","meta":{"footnotes":""},"class_list":["post-99","page","type-page","status-publish","hentry"],"_links":{"self":[{"href":"https:\/\/www.voluntasdei.org\/en\/wp-json\/wp\/v2\/pages\/99","targetHints":{"allow":["GET"]}}],"collection":[{"href":"https:\/\/www.voluntasdei.org\/en\/wp-json\/wp\/v2\/pages"}],"about":[{"href":"https:\/\/www.voluntasdei.org\/en\/wp-json\/wp\/v2\/types\/page"}],"author":[{"embeddable":true,"href":"https:\/\/www.voluntasdei.org\/en\/wp-json\/wp\/v2\/users\/1"}],"replies":[{"embeddable":true,"href":"https:\/\/www.voluntasdei.org\/en\/wp-json\/wp\/v2\/comments?post=99"}],"version-history":[{"count":82,"href":"https:\/\/www.voluntasdei.org\/en\/wp-json\/wp\/v2\/pages\/99\/revisions"}],"predecessor-version":[{"id":6791,"href":"https:\/\/www.voluntasdei.org\/en\/wp-json\/wp\/v2\/pages\/99\/revisions\/6791"}],"wp:attachment":[{"href":"https:\/\/www.voluntasdei.org\/en\/wp-json\/wp\/v2\/media?parent=99"}],"curies":[{"name":"wp","href":"https:\/\/api.w.org\/{rel}","templated":true}]}}