{"id":4202,"date":"2022-12-12T20:18:31","date_gmt":"2022-12-13T01:18:31","guid":{"rendered":"https:\/\/www.voluntasdei.org\/?page_id=4202"},"modified":"2023-02-06T11:13:58","modified_gmt":"2023-02-06T16:13:58","slug":"contactez-nous-2","status":"publish","type":"page","link":"https:\/\/www.voluntasdei.org\/en\/contactez-nous-2\/","title":{"rendered":"Autres liens"},"content":{"rendered":"<h2><strong>Autres liens<\/strong><\/h2>\n<h2>\n<h3><span><span face=\"Georgia\"><span class=\"Titre\"><strong><span color=\"#0000ff\" size=\"3\">Autres sites Voluntas Dei<\/span><\/strong><\/span><\/span><\/span><\/h3>\n<\/h2>\n<ul>\n<li>\n<p><a href=\"https:\/\/www.ivdei.org\/welcome\"><\/p>\n<p>Institut Voluntas Dei \u2013 District Canada<\/p>\n<p><\/a><\/p>\n<\/li>\n<li>\n<p><a href=\"http:\/\/www.voluntasdei.cl\/\"><\/p>\n<p>Institut Voluntas Dei \u2013 District Chili<\/p>\n<p><\/a><\/p>\n<\/li>\n<li>\n<p><a href=\"https:\/\/voluntasdeiusa.org\/\"><\/p>\n<p>Institut Voluntas Dei \u2013 District \u00c9tats-Unis<\/p>\n<p><\/a><\/p>\n<\/li>\n<li>\n<p><a href=\"https:\/\/ivdei555.wixsite.com\/ivdsrilanka\"><\/p>\n<p>Institut Voluntas Dei \u2013 District Sri Lanka<\/p>\n<p><\/a><\/p>\n<\/li>\n<li>\n<p><a href=\"https:\/\/www.voluntasdeicolombia.com\/\"><\/p>\n<p>Institut Voluntas Dei \u2013 District Columbia<\/p>\n<p><\/a><\/p>\n<\/li>\n<\/ul>\n<h2>\n<h3>Autres groupes reli\u00e9s au P\u00e8re Louis-Marie Parent, O.M.I.<\/h3>\n<\/h2>\n<ul>\n<li>\n<p><a href=\"https:\/\/www.ommi-is.org\/\"><\/p>\n<p>Institut S\u00e9culier des Oblates missionnaires de Marie-Immacul\u00e9e<\/p>\n<p><\/a><\/p>\n<\/li>\n<li>\n<p><a href=\"https:\/\/reclusesmiss.org\/wp\/accueil\/\"><\/p>\n<p>Les Recluses missionnaires<\/p>\n<p><\/a><\/p>\n<\/li>\n<li>\n<p><a href=\"https:\/\/www.cmis-int.org\/fr\/\"><\/p>\n<p>Oblats missionaires de Marie Immacul\u00e9e. Administration g\u00e9n\u00e9rale<\/p>\n<p><\/a><\/p>\n<\/li>\n<\/ul>\n<h2>\n<h3><span><span face=\"Georgia\"><span class=\"Titre\"><strong><span color=\"#0000ff\" size=\"3\">Autres liens utiles<\/span><\/strong><\/span><\/span><\/span><\/h3>\n<\/h2>\n<ul>\n<li>\n<p><a href=\"https:\/\/secularinstitutes.org\/\"><\/p>\n<p>Conf\u00e9rence mondiale des Instituts S\u00e9culiers<\/p>\n<p><\/a><\/p>\n<\/li>\n<li>\n<p><a href=\"http:\/\/www.ccis-ccsi.ca\/\"><\/p>\n<p>Conf\u00e9rence canadienne des Instituts s\u00e9culiers<\/p>\n<p><\/a><\/p>\n<\/li>\n<li>\n<p><a href=\"https:\/\/secularinstitutes.org\/\"><\/p>\n<p>United States Conference of Secular Institutes (Anglais)<\/p>\n<p><\/a><\/p>\n<\/li>\n<li>\n<p><a href=\"https:\/\/www.vatican.va\/content\/vatican\/fr.html\"><\/p>\n<p>Vatican<\/p>\n<p><\/a><\/p>\n<\/li>\n<\/ul>\n<p><!--more--><br \/>\n<!-- {\"children\":[{\"type\":\"section\",\"props\":{\"header_transparent\":\"dark\",\"image\":\"wp-content\\\/uploads\\\/2022\\\/11\\\/Nouvelle-entete_IVD.jpg\",\"image_height\":\"auto\",\"image_loading\":true,\"image_position\":\"center-center\",\"image_size\":\"cover\",\"overlap\":false,\"padding\":\"xsmall\",\"padding_remove_bottom\":false,\"style\":\"default\",\"title_breakpoint\":\"xl\",\"title_position\":\"top-left\",\"title_rotation\":\"left\",\"vertical_align\":\"middle\",\"width\":\"large\"},\"children\":[{\"type\":\"row\",\"children\":[{\"type\":\"column\",\"props\":{\"image_position\":\"center-center\",\"media_overlay_gradient\":\"\",\"position_sticky_breakpoint\":\"m\",\"width_medium\":\"1-1\"},\"children\":[{\"type\":\"headline\",\"props\":{\"content\":\"<strong>Autres liens<\\\/strong>\",\"content_en_gb\":\"Other links\",\"content_es_es\":\"Otros alences\",\"css\":\".el-element{font-family:open sans,arial,sans serif;color:white;}\",\"margin_remove_bottom\":false,\"text_align\":\"center\",\"title_color\":\"success\",\"title_element\":\"h2\"}}]}]}],\"name\":\"Accueil 051122\"},{\"type\":\"section\",\"props\":{\"css\":\".el-section{block-inline-width:200px;}\",\"image_position\":\"center-center\",\"padding\":\"xsmall\",\"padding_remove_top\":true,\"style\":\"default\",\"title_breakpoint\":\"xl\",\"title_position\":\"top-left\",\"title_rotation\":\"left\",\"vertical_align\":\"middle\",\"width\":\"small\"},\"children\":[{\"type\":\"row\",\"children\":[{\"type\":\"column\",\"props\":{\"image_position\":\"center-center\",\"media_overlay_gradient\":\"\",\"position_sticky_breakpoint\":\"m\",\"width_medium\":\"1-1\"},\"children\":[{\"type\":\"headline\",\"props\":{\"content\":\"\n\n<h3><span><span face=\\\"Georgia\\\"><span class=\\\"Titre\\\"><strong><span color=\\\"#0000ff\\\" size=\\\"3\\\">Autres sites Voluntas Dei<\\\/span><\\\/strong><\\\/span><\\\/span><\\\/span><\\\/h3>\",\"content_en_gb\":\"\n\n<h3><span><span face=\\\"Georgia\\\"><span class=\\\"Titre\\\"><strong><span color=\\\"#0000ff\\\" size=\\\"3\\\">Others Voluntas Dei Sites<\\\/span><\\\/strong><\\\/span><\\\/span><\\\/span><\\\/h3>\",\"content_es_es\":\"\n\n<h3><span><span face=\\\"Georgia\\\"><span class=\\\"Titre\\\"><strong><span color=\\\"#0000ff\\\" size=\\\"3\\\">Otros portales Voluntas Dei<\\\/span><\\\/strong><\\\/span><\\\/span><\\\/span><\\\/h3>\",\"title_element\":\"h2\"},\"name\":\"Headline\"},{\"type\":\"list\",\"props\":{\"column_breakpoint\":\"m\",\"column_divider\":true,\"icon\":\"world\",\"icon_color\":\"emphasis\",\"image_align\":\"right\",\"image_svg_color\":\"emphasis\",\"image_vertical_align\":true,\"list_element\":\"ul\",\"list_horizontal_separator\":\", \",\"list_marker\":\"\",\"list_marker_color\":\"\",\"list_size\":\"collapse\",\"list_style\":\"divider\",\"list_type\":\"vertical\",\"show_image\":true,\"show_link\":true},\"children\":[{\"type\":\"list_item\",\"props\":{\"content\":\"\n\n<p>Institut Voluntas Dei \\u2013 District Canada<\\\/p>\",\"content_en_gb\":\"Voluntas Dei Institute - District Canada\",\"content_es_es\":\"Instituto Voluntas Dei - District Canad\\u00e1\",\"image\":\"\",\"link\":\"https:\\\/\\\/www.ivdei.org\\\/welcome\",\"link_en_gb\":\"https:\\\/\\\/www.ivdei.org\\\/welcome\",\"link_es_es\":\"https:\\\/\\\/www.ivdei.org\\\/welcome\",\"link_target\":true}},{\"type\":\"list_item\",\"props\":{\"content\":\"\n\n<p>Institut Voluntas Dei \\u2013 District Chili<\\\/p>\",\"content_en_gb\":\"Voluntas Dei Institute - District Chile\",\"content_es_es\":\"Instituto Voluntas Dei - District Chile\",\"image\":\"\",\"link\":\"http:\\\/\\\/www.voluntasdei.cl\\\/\",\"link_en_gb\":\"http:\\\/\\\/www.voluntasdei.cl\\\/\",\"link_es_es\":\"http:\\\/\\\/www.voluntasdei.cl\\\/\",\"link_target\":true}},{\"type\":\"list_item\",\"props\":{\"content\":\"\n\n<p>Institut Voluntas Dei \\u2013 District \\u00c9tats-Unis<\\\/p>\",\"content_en_gb\":\"Voluntas Dei Institute - District United States\",\"content_es_es\":\"Instituto Voluntas Dei - District Estados Unidos\",\"image\":\"\",\"link\":\"https:\\\/\\\/voluntasdeiusa.org\\\/\",\"link_en_gb\":\"https:\\\/\\\/voluntasdeiusa.org\\\/\",\"link_es_es\":\"https:\\\/\\\/voluntasdeiusa.org\\\/\",\"link_target\":true}},{\"type\":\"list_item\",\"props\":{\"content\":\"\n\n<p>Institut Voluntas Dei \\u2013 District Sri Lanka<\\\/p>\",\"content_en_gb\":\"Voluntas Dei Institute - District Sri Lanka\",\"content_es_es\":\"Instituto Voluntas Dei - District Sri Lanka\",\"image\":\"\",\"link\":\"https:\\\/\\\/ivdei555.wixsite.com\\\/ivdsrilanka\",\"link_en_gb\":\"https:\\\/\\\/ivdei555.wixsite.com\\\/ivdsrilanka\",\"link_es_es\":\"https:\\\/\\\/ivdei555.wixsite.com\\\/ivdsrilanka\",\"link_target\":true}},{\"type\":\"list_item\",\"props\":{\"content\":\"\n\n<p>Institut Voluntas Dei \\u2013 District Columbia<\\\/p>\",\"content_en_gb\":\"Voluntas Dei Institute - District Columbia\",\"content_es_es\":\"Instituto Voluntas Dei - District Columbia\",\"image\":\"\",\"link\":\"https:\\\/\\\/www.voluntasdeicolombia.com\\\/\",\"link_en_gb\":\"https:\\\/\\\/www.voluntasdeicolombia.com\\\/\",\"link_es_es\":\"https:\\\/\\\/www.voluntasdeicolombia.com\\\/\",\"link_target\":true}}],\"name\":\"Autres sites IVD\"},{\"type\":\"headline\",\"props\":{\"content\":\"\n\n<h3>Autres groupes reli\\u00e9s au P\\u00e8re Louis-Marie Parent, O.M.I.<\\\/h3>\",\"content_en_gb\":\"\n\n<h3>Others Groups related to Father Louis-Marie Parent, O.M.I.<\\\/h3>\",\"content_es_es\":\"\n\n<h3>Otros grupos teniendo v\\u00ednculos con el Padre Louis-Marie Parent, o.m.i.\\n<\\\/h3>\",\"margin_remove_bottom\":false,\"title_element\":\"h2\"}},{\"type\":\"list\",\"props\":{\"column_breakpoint\":\"m\",\"column_divider\":true,\"css\":\".uk-h4, h4 {\\n    font-size: 20px;\\n    line-height: 26px;\\n    font-family: Oswald;\\n    font-weight: 400;\\n    text-transform: none;\\n    letter-spacing: 1px;\\n}\",\"icon\":\"world\",\"icon_color\":\"emphasis\",\"image_align\":\"right\",\"image_svg_color\":\"emphasis\",\"image_vertical_align\":true,\"list_element\":\"ul\",\"list_horizontal_separator\":\", \",\"list_marker\":\"\",\"list_marker_color\":\"\",\"list_size\":\"collapse\",\"list_style\":\"divider\",\"list_type\":\"vertical\",\"show_image\":true,\"show_link\":true},\"children\":[{\"type\":\"list_item\",\"props\":{\"content\":\"\n\n<p>Institut S\\u00e9culier des Oblates missionnaires de Marie-Immacul\\u00e9e<\\\/p>\",\"content_en_gb\":\"Secular Institute of The Oblate Missionaries of Mary Immaculate \",\"content_es_es\":\"Instituto secular Las Oblatas Misioneras de Maria Immaculada\",\"image\":\"\",\"link\":\"https:\\\/\\\/www.ommi-is.org\\\/\",\"link_en_gb\":\"https:\\\/\\\/www.ommi-is.org\\\/\",\"link_es_es\":\"https:\\\/\\\/www.ommi-is.org\\\/\",\"link_target\":true}},{\"type\":\"list_item\",\"props\":{\"content\":\"\n\n<p>Les Recluses missionnaires<\\\/p>\",\"content_en_gb\":\"The Recluse Sisters \",\"content_es_es\":\"The Recluse Sisters - Les Recluses Missionnaires\",\"image\":\"\",\"link\":\"https:\\\/\\\/reclusesmiss.org\\\/wp\\\/accueil\\\/\",\"link_en_gb\":\"https:\\\/\\\/reclusesmiss.org\\\/wp\\\/accueil\\\/\",\"link_es_es\":\"https:\\\/\\\/reclusesmiss.org\\\/wp\\\/accueil\\\/\",\"link_target\":true}},{\"type\":\"list_item\",\"props\":{\"content\":\"\n\n<p>Oblats missionaires de Marie Immacul\\u00e9e. Administration g\\u00e9n\\u00e9rale<\\\/p>\",\"content_en_gb\":\"Missionary Oblates of Mary Immaculate. General Administration\",\"content_es_es\":\"Misioneros Oblatos de Mar\\u00eda Inmaculada. Administraci\\u00f3n g\\u00e9neral\",\"image\":\"\",\"link\":\"https:\\\/\\\/www.cmis-int.org\\\/fr\\\/\",\"link_en_gb\":\"https:\\\/\\\/www.cmis-int.org\\\/en\\\/\",\"link_es_es\":\"https:\\\/\\\/www.cmis-int.org\\\/\",\"link_target\":true}}],\"name\":\"Autres groupes reli\\u00e9s au P\\u00e8re Louis-Marie Parent\"},{\"type\":\"headline\",\"props\":{\"content\":\"\n\n<h3><span><span face=\\\"Georgia\\\"><span class=\\\"Titre\\\"><strong><span color=\\\"#0000ff\\\" size=\\\"3\\\">Autres liens utiles<\\\/span><\\\/strong><\\\/span><\\\/span><\\\/span><\\\/h3>\",\"content_en_gb\":\"\n\n<h3><span><span face=\\\"Georgia\\\"><span class=\\\"Titre\\\"><strong><span color=\\\"#0000ff\\\" size=\\\"3\\\">Other useful links<\\\/span><\\\/strong><\\\/span><\\\/span><\\\/span><\\\/h3>\",\"content_es_es\":\"\n\n<h3><span><span face=\\\"Georgia\\\"><span class=\\\"Titre\\\"><strong><span color=\\\"#0000ff\\\" size=\\\"3\\\">Otros contactos \\u00fatiles<\\\/span><\\\/strong><\\\/span><\\\/span><\\\/span><\\\/h3>\",\"title_element\":\"h2\"}},{\"type\":\"list\",\"props\":{\"column_breakpoint\":\"m\",\"column_divider\":true,\"css\":\".uk-h4, h4 {\\n    font-size: 20px;\\n    line-height: 26px;\\n    font-family: Oswald;\\n    font-weight: 400;\\n    text-transform: none;\\n    letter-spacing: 1px;\\n}\",\"icon\":\"world\",\"icon_color\":\"emphasis\",\"image_align\":\"right\",\"image_svg_color\":\"emphasis\",\"image_vertical_align\":true,\"list_element\":\"ul\",\"list_horizontal_separator\":\", \",\"list_marker\":\"\",\"list_marker_color\":\"\",\"list_size\":\"collapse\",\"list_style\":\"divider\",\"list_type\":\"vertical\",\"show_image\":true,\"show_link\":true},\"children\":[{\"type\":\"list_item\",\"props\":{\"content\":\"\n\n<p>Conf\\u00e9rence mondiale des Instituts S\\u00e9culiers<\\\/p>\",\"content_en_gb\":\"World Conference of Secular Institutes\",\"content_es_es\":\"World Conference of Secular Institutes\",\"image\":\"\",\"link\":\"https:\\\/\\\/secularinstitutes.org\\\/\",\"link_en_gb\":\"https:\\\/\\\/secularinstitutes.org\\\/\",\"link_es_es\":\"https:\\\/\\\/secularinstitutes.org\\\/\",\"link_target\":true}},{\"type\":\"list_item\",\"props\":{\"content\":\"\n\n<p>Conf\\u00e9rence canadienne des Instituts s\\u00e9culiers<\\\/p>\",\"content_en_gb\":\"Canadian Conference of Secular Institutes\",\"image\":\"\",\"link\":\"http:\\\/\\\/www.ccis-ccsi.ca\\\/\",\"link_target\":true}},{\"type\":\"list_item\",\"props\":{\"content\":\"\n\n<p>United States Conference of Secular Institutes (Anglais)<\\\/p>\",\"content_en_gb\":\"United States Conference of Secular Institutes\",\"content_es_es\":\"United States Conference of Secular Institutes (english)\",\"image\":\"\",\"link\":\"https:\\\/\\\/secularinstitutes.org\\\/\",\"link_en_gb\":\"https:\\\/\\\/secularinstitutes.org\\\/\",\"link_es_es\":\"https:\\\/\\\/secularinstitutes.org\\\/\",\"link_target\":true}},{\"type\":\"list_item\",\"props\":{\"content\":\"\n\n<p>Vatican<\\\/p>\",\"content_en_gb\":\"Vatican\",\"content_es_es\":\"Vaticano\",\"image\":\"\",\"link\":\"https:\\\/\\\/www.vatican.va\\\/content\\\/vatican\\\/fr.html\",\"link_en_gb\":\"https:\\\/\\\/www.vatican.va\\\/content\\\/vatican\\\/en.html\",\"link_es_es\":\"https:\\\/\\\/www.vatican.va\\\/content\\\/vatican\\\/es.html\",\"link_target\":true}}],\"name\":\"Autres liens utiles\"}]}]}],\"name\":\"Contactez-nous - FR\"}],\"version\":\"3.0.23\",\"type\":\"layout\",\"yooessentialsVersion\":\"1.9.3\"} --><\/p>\n","protected":false},"excerpt":{"rendered":"<p>Autres liens Autres sites Voluntas Dei Institut Voluntas Dei \u2013 District Canada Institut Voluntas Dei \u2013 District Chili Institut Voluntas Dei \u2013 District \u00c9tats-Unis Institut Voluntas Dei \u2013 District Sri Lanka Institut Voluntas Dei \u2013 District Columbia Autres groupes reli\u00e9s au P\u00e8re Louis-Marie Parent, O.M.I. Institut S\u00e9culier des Oblates missionnaires de Marie-Immacul\u00e9e Les Recluses missionnaires [&hellip;]<\/p>\n","protected":false},"author":1,"featured_media":0,"parent":0,"menu_order":1,"comment_status":"closed","ping_status":"closed","template":"","meta":{"footnotes":""},"class_list":["post-4202","page","type-page","status-publish","hentry"],"_links":{"self":[{"href":"https:\/\/www.voluntasdei.org\/en\/wp-json\/wp\/v2\/pages\/4202","targetHints":{"allow":["GET"]}}],"collection":[{"href":"https:\/\/www.voluntasdei.org\/en\/wp-json\/wp\/v2\/pages"}],"about":[{"href":"https:\/\/www.voluntasdei.org\/en\/wp-json\/wp\/v2\/types\/page"}],"author":[{"embeddable":true,"href":"https:\/\/www.voluntasdei.org\/en\/wp-json\/wp\/v2\/users\/1"}],"replies":[{"embeddable":true,"href":"https:\/\/www.voluntasdei.org\/en\/wp-json\/wp\/v2\/comments?post=4202"}],"version-history":[{"count":102,"href":"https:\/\/www.voluntasdei.org\/en\/wp-json\/wp\/v2\/pages\/4202\/revisions"}],"predecessor-version":[{"id":6888,"href":"https:\/\/www.voluntasdei.org\/en\/wp-json\/wp\/v2\/pages\/4202\/revisions\/6888"}],"wp:attachment":[{"href":"https:\/\/www.voluntasdei.org\/en\/wp-json\/wp\/v2\/media?parent=4202"}],"curies":[{"name":"wp","href":"https:\/\/api.w.org\/{rel}","templated":true}]}}