{"id":4181,"date":"2022-12-12T20:05:19","date_gmt":"2022-12-13T01:05:19","guid":{"rendered":"https:\/\/www.voluntasdei.org\/?page_id=4181"},"modified":"2023-01-04T17:05:49","modified_gmt":"2023-01-04T22:05:49","slug":"yvon-carpentier","status":"publish","type":"page","link":"https:\/\/www.voluntasdei.org\/en\/yvon-carpentier\/","title":{"rendered":"Yvon Carpentier"},"content":{"rendered":"<h2><strong>Yvon Carpentier<\/strong><\/h2>\n<p><img decoding=\"async\" src=\"\/wp-content\/uploads\/2021\/12\/pres-ycarpentier.jpg\" alt=\"\"><\/p>\n<p>\n    <a href=\"\/le-directeur-general-ivd\/\">Nouvelles du directeur g\u00e9n\u00e9ral<\/a>\n<\/p>\n<div>\n<p><span face=\"Verdana\"><span size=\"2\"><span style=\"color: #ff6600;\">L<\/span>e p\u00e8re Yvon Carpentier est n\u00e9 le 5 ao\u00fbt 1932 \u00e0 Trois-Rivi\u00e8res. Il est le deuxi\u00e8me d\u2019une famille de quatre enfants. En 1964, membre de l\u2019Institut et nouvellement ordonn\u00e9, il a pris le chemin de Red Rapids dans la province du Nouveau-Brunswick avec d\u2019autres confr\u00e8res pour fonder un grand s\u00e9minaire. Apr\u00e8s un an d\u2019enseignement, il est devenu responsable du grand s\u00e9minaire, tout en assumant la charge de trois petites missions. Il a quitt\u00e9 Red Rapids en 1970 et, par la suite, il a \u0153uvr\u00e9 \u00e0 titre de cur\u00e9 de paroisse pendant de nombreuses ann\u00e9es. Ainsi, il a \u00e9t\u00e9 responsable de paroisse aux Iles-de-la-Madeleine de 1970 \u00e0 1976, et depuis<\/span><\/span>\u00a0il a \u0153uvr\u00e9 \u00e0 Trois-Rivi\u00e8res et dans les alentours. Lors de l\u2019assembl\u00e9e g\u00e9n\u00e9rale de 1992, il a \u00e9t\u00e9 \u00e9lu directeur g\u00e9n\u00e9ral de l\u2019Institut, t\u00e2che qu\u2019il a assum\u00e9e pendant six ans. Par la suite, il a repris sa charge de cur\u00e9 de paroisse. \u00c0 la retraite depuis 2008, il assume la messe quotidienne chez les Fr\u00e8res de l\u2019Instruction Chr\u00e9tienne \u00e0 Pointe-du-Lac, il assure les remplacements dans plusieurs paroisses de Trois-Rivi\u00e8res et continue de rendre diff\u00e9rents services avec joie.<\/p>\n<p align=\"right\" style=\"text-align: left;\"><span size=\"3\" color=\"#ff0000\"><span size=\"2\"><span face=\"Verdana\"><span size=\"2\">Le p\u00e8re Carpentier a joint l\u2019Institut un an apr\u00e8s sa fondation, soit \u00e0 l\u2019\u00e9t\u00e9 1959.\u00a0 Une rencontre\u00a0 avec le P\u00e8re Parent a d\u00e9cid\u00e9 de son sort. Il avait d\u00e9j\u00e0 fait ses deux ann\u00e9es de philosophie et il \u00e9tait sur le march\u00e9 du travail. Il devait commencer sa formation en th\u00e9ologie mais le P\u00e8re Parent lui a demand\u00e9 de retarder d\u2019un an son retour aux \u00e9tudes, pour assurer la direction de la maison \u00e0 la Salette. En septembre 1960, il entrait donc au S\u00e9minaire St-Paul d\u2019Ottawa pour ses quatre ann\u00e9es de th\u00e9ologie. Il a \u00e9t\u00e9 ordonn\u00e9 pr\u00eatre \u00e0 Trois-Rivi\u00e8res le 6 juin 1964. <\/span><\/span><\/span><\/span><\/p>\n<p class=\"Default\"><span size=\"2\" face=\"Verdana\">Directeur g\u00e9n\u00e9ral de l\u2019Institut, il a apport\u00e9 son exp\u00e9rience de cur\u00e9 de paroisse. Comme pasteur, il visitait chaque famille pour les conna\u00eetre, les aimer et les inviter \u00e0 l\u2019Eucharistie de sorte qu\u2019il savait \u00e0 qui il s\u2019adressait le dimanche. Ainsi, comme directeur de l\u2019Institut, il a accord\u00e9 beaucoup d\u2019importance \u00e0 la visite des districts, mais aussi \u00e0 la rencontre de chaque membre parce que chacun a une place, un r\u00f4le, une responsabilit\u00e9 dans l\u2019Institut et dans l\u2019\u00c9glise.\u00a0 Durant son mandat, les Voluntas Dei ont connu une grande expansion dans certains pays de sorte qu\u2019il devait pr\u00e9voir, demeurer prudent et surtout envisager les moyens financiers de subvenir \u00e0 tous ces changements et projets. Cons\u00e9quemment, il a port\u00e9 une attention particuli\u00e8re aux bienfaiteurs de l\u2019Institut.\u00a0 Le p\u00e8re Carpentier a aussi investi beaucoup de temps \u00e0 la pr\u00e9dication missionnaire, l\u2019Institut \u00e9tant de plus en plus accept\u00e9 comme groupe dans plusieurs dioc\u00e8ses.<\/span><\/p>\n<\/div>\n<p><!--more--><br \/>\n<!-- {\"children\":[{\"type\":\"section\",\"props\":{\"header_transparent\":\"dark\",\"image\":\"wp-content\\\/uploads\\\/2022\\\/11\\\/Nouvelle-entete_IVD.jpg\",\"image_height\":\"auto\",\"image_position\":\"center-center\",\"image_size\":\"cover\",\"overlap\":false,\"padding\":\"xsmall\",\"style\":\"default\",\"title_breakpoint\":\"xl\",\"title_position\":\"top-left\",\"title_rotation\":\"left\",\"vertical_align\":\"middle\",\"width\":\"large\"},\"children\":[{\"type\":\"row\",\"children\":[{\"type\":\"column\",\"props\":{\"image_position\":\"center-center\",\"media_overlay_gradient\":\"\",\"position_sticky_breakpoint\":\"m\",\"width_medium\":\"1-1\"},\"children\":[{\"type\":\"headline\",\"props\":{\"content\":\"<strong>Yvon Carpentier<\\\/strong>\",\"margin_remove_bottom\":false,\"text_align\":\"center\",\"title_color\":\"success\",\"title_element\":\"h2\"}}]}]}],\"name\":\"Accueil 051122\"},{\"type\":\"section\",\"props\":{\"image\":\"\",\"image_position\":\"center-center\",\"padding\":\"xsmall\",\"style\":\"default\",\"title_breakpoint\":\"xl\",\"title_position\":\"top-left\",\"title_rotation\":\"left\",\"vertical_align\":\"middle\",\"width\":\"large\"},\"children\":[{\"type\":\"row\",\"children\":[{\"type\":\"column\",\"props\":{\"image_position\":\"center-center\",\"media_overlay_gradient\":\"\",\"position_sticky_breakpoint\":\"m\",\"width_medium\":\"2-5\"},\"children\":[{\"type\":\"image\",\"props\":{\"image\":\"wp-content\\\/uploads\\\/2021\\\/12\\\/pres-ycarpentier.jpg\",\"image_svg_color\":\"emphasis\",\"margin\":\"default\"}},{\"type\":\"button\",\"props\":{\"grid_column_gap\":\"small\",\"grid_row_gap\":\"small\",\"margin\":\"default\"},\"children\":[{\"type\":\"button_item\",\"props\":{\"button_style\":\"primary\",\"content\":\"Nouvelles du directeur g\\u00e9n\\u00e9ral\",\"content_en_gb\":\"Director General\\u2019s News\",\"content_es_es\":\"Noticias de director general\",\"icon_align\":\"left\",\"link\":\"le-directeur-general-ivd\\\/\"}}],\"name\":\"Bouton - Nouvelles du directeur g\\u00e9n\\u00e9ral\"}]},{\"type\":\"column\",\"props\":{\"image_position\":\"center-center\",\"media_overlay_gradient\":\"\",\"position_sticky_breakpoint\":\"m\",\"width_medium\":\"3-5\"},\"children\":[{\"type\":\"text\",\"props\":{\"column_breakpoint\":\"m\",\"content\":\"\n\n<p><span face=\\\"Verdana\\\"><span size=\\\"2\\\"><span style=\\\"color: #ff6600;\\\">L<\\\/span>e p\\u00e8re Yvon Carpentier est n\\u00e9 le 5 ao\\u00fbt 1932 \\u00e0 Trois-Rivi\\u00e8res. Il est le deuxi\\u00e8me d\\u2019une famille de quatre enfants. En 1964, membre de l\\u2019Institut et nouvellement ordonn\\u00e9, il a pris le chemin de Red Rapids dans la province du Nouveau-Brunswick avec d\\u2019autres confr\\u00e8res pour fonder un grand s\\u00e9minaire. Apr\\u00e8s un an d\\u2019enseignement, il est devenu responsable du grand s\\u00e9minaire, tout en assumant la charge de trois petites missions. Il a quitt\\u00e9 Red Rapids en 1970 et, par la suite, il a \\u0153uvr\\u00e9 \\u00e0 titre de cur\\u00e9 de paroisse pendant de nombreuses ann\\u00e9es. Ainsi, il a \\u00e9t\\u00e9 responsable de paroisse aux Iles-de-la-Madeleine de 1970 \\u00e0 1976, et depuis<\\\/span><\\\/span>\\u00a0il a \\u0153uvr\\u00e9 \\u00e0 Trois-Rivi\\u00e8res et dans les alentours. Lors de l\\u2019assembl\\u00e9e g\\u00e9n\\u00e9rale de 1992, il a \\u00e9t\\u00e9 \\u00e9lu directeur g\\u00e9n\\u00e9ral de l\\u2019Institut, t\\u00e2che qu\\u2019il a assum\\u00e9e pendant six ans. Par la suite, il a repris sa charge de cur\\u00e9 de paroisse. \\u00c0 la retraite depuis 2008, il assume la messe quotidienne chez les Fr\\u00e8res de l\\u2019Instruction Chr\\u00e9tienne \\u00e0 Pointe-du-Lac, il assure les remplacements dans plusieurs paroisses de Trois-Rivi\\u00e8res et continue de rendre diff\\u00e9rents services avec joie.<\\\/p>\\n\n\n<p align=\\\"right\\\" style=\\\"text-align: left;\\\"><span size=\\\"3\\\" color=\\\"#ff0000\\\"><span size=\\\"2\\\"><span face=\\\"Verdana\\\"><span size=\\\"2\\\">Le p\\u00e8re Carpentier a joint l\\u2019Institut un an apr\\u00e8s sa fondation, soit \\u00e0 l\\u2019\\u00e9t\\u00e9 1959.\\u00a0 Une rencontre\\u00a0 avec le P\\u00e8re Parent a d\\u00e9cid\\u00e9 de son sort. Il avait d\\u00e9j\\u00e0 fait ses deux ann\\u00e9es de philosophie et il \\u00e9tait sur le march\\u00e9 du travail. Il devait commencer sa formation en th\\u00e9ologie mais le P\\u00e8re Parent lui a demand\\u00e9 de retarder d\\u2019un an son retour aux \\u00e9tudes, pour assurer la direction de la maison \\u00e0 la Salette. En septembre 1960, il entrait donc au S\\u00e9minaire St-Paul d\\u2019Ottawa pour ses quatre ann\\u00e9es de th\\u00e9ologie. Il a \\u00e9t\\u00e9 ordonn\\u00e9 pr\\u00eatre \\u00e0 Trois-Rivi\\u00e8res le 6 juin 1964. <\\\/span><\\\/span><\\\/span><\\\/span><\\\/p>\\n\n\n<p class=\\\"Default\\\"><span size=\\\"2\\\" face=\\\"Verdana\\\">Directeur g\\u00e9n\\u00e9ral de l\\u2019Institut, il a apport\\u00e9 son exp\\u00e9rience de cur\\u00e9 de paroisse. Comme pasteur, il visitait chaque famille pour les conna\\u00eetre, les aimer et les inviter \\u00e0 l\\u2019Eucharistie de sorte qu\\u2019il savait \\u00e0 qui il s\\u2019adressait le dimanche. Ainsi, comme directeur de l\\u2019Institut, il a accord\\u00e9 beaucoup d\\u2019importance \\u00e0 la visite des districts, mais aussi \\u00e0 la rencontre de chaque membre parce que chacun a une place, un r\\u00f4le, une responsabilit\\u00e9 dans l\\u2019Institut et dans l\\u2019\\u00c9glise.\\u00a0 Durant son mandat, les Voluntas Dei ont connu une grande expansion dans certains pays de sorte qu\\u2019il devait pr\\u00e9voir, demeurer prudent et surtout envisager les moyens financiers de subvenir \\u00e0 tous ces changements et projets. Cons\\u00e9quemment, il a port\\u00e9 une attention particuli\\u00e8re aux bienfaiteurs de l\\u2019Institut.\\u00a0 Le p\\u00e8re Carpentier a aussi investi beaucoup de temps \\u00e0 la pr\\u00e9dication missionnaire, l\\u2019Institut \\u00e9tant de plus en plus accept\\u00e9 comme groupe dans plusieurs dioc\\u00e8ses.<\\\/span><\\\/p>\",\"content_en_gb\":\"\n\n<p><span style=\\\"color: #ff6600;\\\">F<\\\/span>ather Yvon Carpentier was born August 5, 1932 in Trois-Rivi\\u00e8res, Qu\\u00e9bec, the second child in a family of four. In 1964, as a newly-ordained priest in the Institute, he went to Red Rapids, New Brunswick with other confreres to start a major seminary. After one year of teaching he became rector of the seminary, with the added responsibility of three small missions. He left Red Rapids in 1970, and for many years thereafter he worked in parishes. He served as pastor at Fatima in the&nbsp; Magdalen Islands from 1970 to 1976, and he has since ministered in Trois-Rivi\\u00e8res and surrounding areas. He was elected director general of the Institute in 1992, a position he held until 1998. At the end of his term he returned to parish work. Retired since 2008 he has daily Mass with the Brothers of Christian Instruction at Pointe-du-Lac. He also helps in a number of parishes in Trois-Rivi\\u00e8res and continues to be of service.<\\\/p>\\n\n\n<p>Father Carpentier joined the Institute one year after its foundation, that is, in October 1959. A chance meeting with Father Parent was to alter his life direction. He had already done two years of philosophy, and he was looking for work. He was scheduled to begin his theology studies, but Father Parent asked him to postpone for a year in order to assume the direction of our house at LaSalette. In September 1960 he went to the Ottawa Seminary for four years of theology. He was ordained to the priesthood at Trois-Rivi\\u00e8res June 6, 1964.&nbsp;<\\\/p>\\n\n\n<p>Father Carpentier brought his experience as parish priest to his position of director general of the Institute. As a pastor, he visited every family in his parish in order to get to know them, love them, and invite them to attend Mass, so that he would know who he was addressing, on Sunday. As director of the Institute, he gave great importance to visiting the districts and to meeting every member because each one has his place, his role to play, and a responsibility in the Institute and the Church. During his term as director general, the Institute enjoyed great expansion in certain countries so that we had to look ahead while being prudent and ensure the financial wherewithal to respond to all these changes and projects. It was with this in mind that he paid particular attention to the Institute\\u2019s benefactors. Father Carpentier also invested much in preaching on behalf of the missions, as the Institute was becoming better and better accepted in several dioceses.<\\\/p>\",\"content_es_es\":\"\n\n<p><span style=\\\"color: #ff6600;\\\">E<\\\/span>l Instituto Voluntas Dei es un instituto secular fundado en 1958 por el Padre Louis-Marie Parent, o.m.i., en Trois-Rivi\\u00e8res, en la provincia de Quebec, en Canad\\u00e1. Fue reconocido como instituto secular de derecho pontificio en 1987. Sus miembros son sacerdotes, hombres solteros y parejas casadas que tienden a la perfecci\\u00f3n cristiana por la pr\\u00e1ctica de la pobreza, de la castidad y de la obediencia, e intentan trabajar al servicio de la Iglesia permaneciendo en su medio de vida y contin\\u00faan ejerciendo sus ocupaciones y su profesi\\u00f3n. No viven en comunidad como los religiosos y religiosas, pero participan en la vida de equipo. Tienden a la santidad personal viviendo el carisma del Instituto y la espiritualidad de los 5-5-5 en medio del mundo como sal, luz y levadura en la masa sobre la base del mensaje evang\\u00e9lico y de la justicia social.<\\\/p>\\n\n\n<p align=\\\"justify\\\"><span lang=\\\"ES\\\"><span lang=\\\"ES\\\">El Padre Carpentier se uni\\u00f3 al Instituto un a\\u00f1o despu\\u00e9s de su fundaci\\u00f3n, en el verano de 1959. Un encuentro con el Padre Parent decidi\\u00f3 su suerte. \\u00c9l ya hab\\u00eda hecho dos a\\u00f1os de filosof\\u00eda y trabajaba. Deb\\u00eda comenzar su formaci\\u00f3n en teolog\\u00eda pero el Padre Parent le pidi\\u00f3 que retrasara un a\\u00f1o su regreso a los estudios, para asegurar la direcci\\u00f3n de la casa en la Salette. En septiembre de 1960, entraba, por tanto, en el Seminario St-Paul de Ottawa para sus cuatro a\\u00f1os de teolog\\u00eda. Fue ordenado sacerdote en Trois-Rivi\\u00e8res el 6 de junio de 1964.<\\\/span><\\\/span><\\\/p>\\n\n\n<p align=\\\"justify\\\"><span lang=\\\"ES\\\"><span lang=\\\"ES\\\"><span lang=\\\"ES\\\"><span lang=\\\"ES\\\"><span lang=\\\"ES\\\">El Instituto Voluntas Dei es un instituto secular fundado en 1958 por el Padre Louis-Marie Parent, o.m.i., en Trois-Rivi\\u00e8res, en la provincia de Quebec, en Canad\\u00e1. Fue reconocido como instituto secular de derecho pontificio en 1987. Sus miembros son sacerdotes, hombres solteros y parejas casadas que tienden a la perfecci\\u00f3n cristiana por la pr\\u00e1ctica de la pobreza, de la castidad y de la obediencia, e intentan trabajar al servicio de la Iglesia permaneciendo en su medio de vida y contin\\u00faan ejerciendo sus ocupaciones y su profesi\\u00f3n. No viven en comunidad como los religiosos y religiosas, pero participan en la vida de equipo. Tienden a la santidad personal viviendo el carisma del Instituto y la espiritualidad de los 5-5-5 en medio del mundo como sal, luz y levadura en la masa sobre la base del mensaje evang\\u00e9lico y de la justicia social.<\\\/span><\\\/span><\\\/span><\\\/span><\\\/span><\\\/p>\",\"dropcap\":true,\"margin\":\"default\"}}]}],\"props\":{\"layout\":\"2-5,3-5\"}}],\"name\":\"Vatican\"}],\"version\":\"3.0.20\",\"type\":\"layout\",\"yooessentialsVersion\":\"1.9.1\"} --><\/p>\n","protected":false},"excerpt":{"rendered":"<p>Yvon Carpentier Nouvelles du directeur g\u00e9n\u00e9ral Le p\u00e8re Yvon Carpentier est n\u00e9 le 5 ao\u00fbt 1932 \u00e0 Trois-Rivi\u00e8res. Il est le deuxi\u00e8me d\u2019une famille de quatre enfants. En 1964, membre de l\u2019Institut et nouvellement ordonn\u00e9, il a pris le chemin de Red Rapids dans la province du Nouveau-Brunswick avec d\u2019autres confr\u00e8res pour fonder un grand [&hellip;]<\/p>\n","protected":false},"author":1,"featured_media":0,"parent":0,"menu_order":1,"comment_status":"closed","ping_status":"closed","template":"","meta":{"footnotes":""},"class_list":["post-4181","page","type-page","status-publish","hentry"],"_links":{"self":[{"href":"https:\/\/www.voluntasdei.org\/en\/wp-json\/wp\/v2\/pages\/4181","targetHints":{"allow":["GET"]}}],"collection":[{"href":"https:\/\/www.voluntasdei.org\/en\/wp-json\/wp\/v2\/pages"}],"about":[{"href":"https:\/\/www.voluntasdei.org\/en\/wp-json\/wp\/v2\/types\/page"}],"author":[{"embeddable":true,"href":"https:\/\/www.voluntasdei.org\/en\/wp-json\/wp\/v2\/users\/1"}],"replies":[{"embeddable":true,"href":"https:\/\/www.voluntasdei.org\/en\/wp-json\/wp\/v2\/comments?post=4181"}],"version-history":[{"count":9,"href":"https:\/\/www.voluntasdei.org\/en\/wp-json\/wp\/v2\/pages\/4181\/revisions"}],"predecessor-version":[{"id":5692,"href":"https:\/\/www.voluntasdei.org\/en\/wp-json\/wp\/v2\/pages\/4181\/revisions\/5692"}],"wp:attachment":[{"href":"https:\/\/www.voluntasdei.org\/en\/wp-json\/wp\/v2\/media?parent=4181"}],"curies":[{"name":"wp","href":"https:\/\/api.w.org\/{rel}","templated":true}]}}