{"id":3844,"date":"2022-12-10T12:50:19","date_gmt":"2022-12-10T17:50:19","guid":{"rendered":"https:\/\/www.voluntasdei.org\/?page_id=3844"},"modified":"2023-02-03T17:19:01","modified_gmt":"2023-02-03T22:19:01","slug":"la-formation-fr-2","status":"publish","type":"page","link":"https:\/\/www.voluntasdei.org\/en\/la-formation-fr-2\/","title":{"rendered":"The formation"},"content":{"rendered":"<h2>La formation<\/h2>\n<ul>\n<li>\n        <a href=\"\/qui-sommes-nous-fr\/\">Qui sommes-nous?<\/a>\n    <\/li>\n<li>\n        <a href=\"\/les-membres-fr\/\">Les membres<\/a>\n    <\/li>\n<li>\n        <a href=\"\/le-charisme-fr\/\">Le charisme<\/a>\n    <\/li>\n<li>\n        <a href=\"\/la-spiritualite-2\/\">La spiritualit\u00e9<\/a>\n    <\/li>\n<li>\n        <a href=\"\/la-consecration\/\">La cons\u00e9cration<\/a>\n    <\/li>\n<li>\n        <a href=\"\/la-vie-d-equipe\/\">La vie d\u2019\u00e9quipe<\/a>\n    <\/li>\n<li>\n        <a href=\"\/la-vie-d-un-voluntas-dei\/\">La vie d&#8217;un Voluntas Dei<\/a>\n    <\/li>\n<\/ul>\n<div>\n<div class=\"texte\">\n<div class=\"texte\" style=\"text-align: justify;\">\n<h3 style=\"color: #ff6600;\"><span><strong>La formation Voluntas Dei se compose de cinq \u00e9tapes :<\/strong> <\/span><\/h3>\n<p><strong>1.<\/strong> Candidature ou p\u00e9riode d\u2019observation (six mois \u00e0 deux ans)<\/p>\n<p><strong>2.<\/strong> Aspirant (six mois \u00e0 deux ans)<\/p>\n<p><strong>3.<\/strong> Probation (deux \u00e0 quatre ans)<\/p>\n<p><strong>4.<\/strong> Profession \/ engagement (cinq \u00e0 sept ans)<\/p>\n<p><strong>5.<\/strong> Stabilit\u00e9 (\u00e9tape permanente)<\/p>\n<p>Apr\u00e8s la stabilit\u00e9, chaque membre est appel\u00e9 \u00e0 renouveler ses v\u0153ux \/ ses engagements chaque ann\u00e9e \u00e0 la date de ses v\u0153ux ou ses engagements.<\/p>\n<p>Il peut aussi les renouveler un mois avant ou apr\u00e8s la date appropri\u00e9e tout en gardant toujours la m\u00eame date officielle de ses v\u0153ux ou engagements.<\/p>\n<\/div>\n<\/div>\n<\/div>\n<p><!--more--><br \/>\n<!-- {\"children\":[{\"type\":\"section\",\"props\":{\"header_transparent\":\"dark\",\"image\":\"wp-content\\\/uploads\\\/2023\\\/01\\\/Nouvelle-entete_IVD.jpg\",\"image_height\":\"auto\",\"image_loading\":true,\"image_position\":\"center-center\",\"image_size\":\"cover\",\"overlap\":false,\"padding\":\"xsmall\",\"padding_remove_top\":false,\"style\":\"default\",\"title_breakpoint\":\"xl\",\"title_position\":\"top-left\",\"title_rotation\":\"left\",\"vertical_align\":\"middle\",\"width\":\"large\"},\"children\":[{\"type\":\"row\",\"children\":[{\"type\":\"column\",\"props\":{\"image_position\":\"center-center\",\"media_overlay_gradient\":\"\",\"position_sticky_breakpoint\":\"m\",\"width_medium\":\"1-1\"},\"children\":[{\"type\":\"headline\",\"props\":{\"content\":\"La formation\",\"content_en_gb\":\"The formation\",\"content_es_es\":\"La formaci\\u00f3n\",\"css\":\".el-element{font-family:open sans,arial,sans serif;color:white;}\",\"text_align\":\"center\",\"title_color\":\"success\",\"title_element\":\"h2\"}}]}]}],\"name\":\"Accueil 051122\"},{\"type\":\"section\",\"props\":{\"image_position\":\"center-center\",\"padding\":\"xsmall\",\"style\":\"default\",\"title_breakpoint\":\"xl\",\"title_position\":\"top-left\",\"title_rotation\":\"left\",\"vertical_align\":\"middle\",\"width\":\"small\"},\"children\":[{\"type\":\"row\",\"children\":[{\"type\":\"column\",\"props\":{\"image_position\":\"center-center\",\"media_overlay_gradient\":\"\",\"position_sticky_breakpoint\":\"m\",\"width_medium\":\"1-1\"},\"children\":[{\"type\":\"subnav\",\"props\":{\"attributes\":\"\",\"margin_remove_top\":false,\"subnav_style\":\"divider\",\"text_align\":\"center\"},\"children\":[{\"type\":\"subnav_item\",\"props\":{\"active\":false,\"content\":\"Qui sommes-nous?\",\"content_en_gb\":\"Who we are?\",\"content_es_es\":\"\\u00bfQuienes somos?\",\"link\":\"qui-sommes-nous-fr\\\/\",\"link_en_gb\":\"\\\/en\\\/qui-sommes-nous-fr\\\/\",\"link_es_es\":\"\\\/es\\\/qui-sommes-nous-fr\\\/\"}},{\"type\":\"subnav_item\",\"props\":{\"active\":false,\"content\":\"Les membres\",\"content_en_gb\":\"The members\",\"content_es_es\":\"Los miembros\",\"link\":\"les-membres-fr\\\/\",\"link_en_gb\":\"\\\/en\\\/les-membres-fr\\\/\",\"link_es_es\":\"\\\/es\\\/les-membres-fr\\\/\",\"yooessentials_access_conditions\":[],\"yooessentials_access_mode\":\"AND\"}},{\"type\":\"subnav_item\",\"props\":{\"content\":\"Le charisme\",\"content_en_gb\":\"The charism\",\"content_es_es\":\"El charisma\",\"link\":\"le-charisme-fr\\\/\",\"link_en_gb\":\"\\\/en\\\/le-charisme-fr\\\/\",\"link_es_es\":\"\\\/es\\\/le-charisme-fr\\\/\"}},{\"type\":\"subnav_item\",\"props\":{\"content\":\"La spiritualit\\u00e9\",\"content_en_gb\":\"The spirituality\",\"content_es_es\":\"La espiritualidad\",\"link\":\"la-spiritualite-2\\\/\",\"link_en_gb\":\"\\\/en\\\/la-spiritualite-2\\\/\",\"link_es_es\":\"\\\/es\\\/la-spiritualite-2\\\/\"}},{\"type\":\"subnav_item\",\"props\":{\"content\":\"La cons\\u00e9cration\",\"content_en_gb\":\"The consecration\",\"content_es_es\":\"La consagraci\\u00f3n\",\"link\":\"la-consecration\\\/\",\"link_en_gb\":\"\\\/en\\\/la-consecration\\\/\",\"link_es_es\":\"\\\/es\\\/la-consecration\\\/\"}},{\"type\":\"subnav_item\",\"props\":{\"content\":\"La vie d\\u2019\\u00e9quipe\",\"content_en_gb\":\"The Team Life\",\"content_es_es\":\"Equipos\",\"link\":\"la-vie-d-equipe\\\/\",\"link_en_gb\":\"\\\/en\\\/la-vie-d-equipe\\\/\",\"link_es_es\":\"\\\/es\\\/la-vie-d-equipe\\\/\"}},{\"type\":\"subnav_item\",\"props\":{\"content\":\"La vie d'un Voluntas Dei\",\"content_en_gb\":\"The Life of a Voluntas Dei\",\"content_es_es\":\"La vida de un Voluntas Dei\",\"link\":\"la-vie-d-un-voluntas-dei\\\/\",\"link_en_gb\":\"\\\/en\\\/la-vie-d-un-voluntas-dei\\\/\",\"link_es_es\":\"\\\/es\\\/la-vie-d-un-voluntas-dei\\\/\"}}],\"name\":\"Sous-menu - La vie Voluntas Dei - Global 090122\"},{\"type\":\"text\",\"props\":{\"column_breakpoint\":\"m\",\"content\":\"\n\n<div class=\\\"texte\\\">\\n\n\n<div class=\\\"texte\\\" style=\\\"text-align: justify;\\\">\\n\n\n<h3 style=\\\"color: #ff6600;\\\"><span><strong>La formation Voluntas Dei se compose de cinq \\u00e9tapes :<\\\/strong> <\\\/span><\\\/h3>\\n\n\n<p><strong>1.<\\\/strong> Candidature ou p\\u00e9riode d\\u2019observation (six mois \\u00e0 deux ans)<\\\/p>\\n\n\n<p><strong>2.<\\\/strong> Aspirant (six mois \\u00e0 deux ans)<\\\/p>\\n\n\n<p><strong>3.<\\\/strong> Probation (deux \\u00e0 quatre ans)<\\\/p>\\n\n\n<p><strong>4.<\\\/strong> Profession \\\/ engagement (cinq \\u00e0 sept ans)<\\\/p>\\n\n\n<p><strong>5.<\\\/strong> Stabilit\\u00e9 (\\u00e9tape permanente)<\\\/p>\\n\n\n<p>Apr\\u00e8s la stabilit\\u00e9, chaque membre est appel\\u00e9 \\u00e0 renouveler ses v\\u0153ux \\\/ ses engagements chaque ann\\u00e9e \\u00e0 la date de ses v\\u0153ux ou ses engagements.<\\\/p>\\n\n\n<p>Il peut aussi les renouveler un mois avant ou apr\\u00e8s la date appropri\\u00e9e tout en gardant toujours la m\\u00eame date officielle de ses v\\u0153ux ou engagements.<\\\/p>\\n<\\\/div>\\n<\\\/div>\",\"content_en_gb\":\"\n\n<h5><span style=\\\"color: #ff6600;\\\"><strong>voluntas dei formation consists of five stages:<\\\/strong> <\\\/span><\\\/h5>\\n\n\n<div><strong>1.<\\\/strong>&nbsp;Candidacy or observation period (six months to two years)<\\\/div>\\n\n\n<div>&nbsp;<\\\/div>\\n\n\n<div><strong>2.<\\\/strong> Aspirancy (six months to two years)<\\\/div>\\n\n\n<div>&nbsp;<\\\/div>\\n\n\n<div><strong>3.<\\\/strong> Probation (two to four years)<\\\/div>\\n\n\n<div>&nbsp;<\\\/div>\\n\n\n<div><strong>4.<\\\/strong> Profession \\\/ Commitment (five to seven years)<\\\/div>\\n\n\n<div>&nbsp;<\\\/div>\\n\n\n<div><strong>5.<\\\/strong> Stability (permanent stage)<\\\/div>\\n\n\n<p>After the stability, every member is called to renew his\\\/her vows\\\/commitment (Five to seven years)<\\\/p>\\n\n\n<p>He can also renew them on month before or one month after the appropriate date keeping always the same official date of their vows or commitments.<\\\/p>\",\"content_es_es\":\"\n\n<h3><span style=\\\"color: #ff6600;\\\"><strong>La formaci\\u00f3n voluntas consiste en cinco etapas:<\\\/strong> <\\\/span><\\\/h3>\\n\n\n<div><strong>1.<\\\/strong>\\u00a0Candidatura o periodo de observaci\\u00f3n (seis meses a dos a\\u00f1os)<\\\/div>\\n\n\n<div>\\u00a0<\\\/div>\\n\n\n<div><strong>2.<\\\/strong> Aspirantado\\u00a0(seis meses a dos a\\u00f1os)<\\\/div>\\n\n\n<div>\\u00a0<\\\/div>\\n\n\n<div><strong>3.<\\\/strong> Probaci\\u00f3n (dos a\\u00f1os a cuatro a\\u00f1os)<\\\/div>\\n\n\n<div>\\u00a0<\\\/div>\\n\n\n<div><strong>4.<\\\/strong> Profesi\\u00f3n\\u00a0\\\/ Compromiso\\u00a0(cinco a siete a\\u00f1os)<\\\/div>\\n\n\n<div>\\u00a0<\\\/div>\\n\n\n<div><strong>5.<\\\/strong>\\u00a0Estabilidad (etapa permanente)<\\\/div>\\n\n\n<p>Despu\\u00e9s de la estabilidad, cada miembro est\\u00e1 llamado a renover sus votos \\\/ compromisos todos los a\\u00f1os en la fecha de sus votos o compromisos.<\\\/p>\\n\n\n<p>Puede tambi\\u00e9n renovarles un mes antes o un mes despu\\u00e9s de la fecha apropiada siempre guardando la fecha oficial de sus votos o compromisos.<\\\/p>\",\"dropcap\":false,\"margin\":\"medium\"}}]}]}]}],\"version\":\"3.0.23\",\"type\":\"layout\",\"yooessentialsVersion\":\"1.9.3\"} --><\/p>\n","protected":false},"excerpt":{"rendered":"<p>La formation Qui sommes-nous? Les membres Le charisme La spiritualit\u00e9 La cons\u00e9cration La vie d\u2019\u00e9quipe La vie d&#8217;un Voluntas Dei La formation Voluntas Dei se compose de cinq \u00e9tapes : 1. Candidature ou p\u00e9riode d\u2019observation (six mois \u00e0 deux ans) 2. Aspirant (six mois \u00e0 deux ans) 3. Probation (deux \u00e0 quatre ans) 4. Profession [&hellip;]<\/p>\n","protected":false},"author":1,"featured_media":0,"parent":0,"menu_order":1,"comment_status":"closed","ping_status":"closed","template":"","meta":{"footnotes":""},"class_list":["post-3844","page","type-page","status-publish","hentry"],"_links":{"self":[{"href":"https:\/\/www.voluntasdei.org\/en\/wp-json\/wp\/v2\/pages\/3844","targetHints":{"allow":["GET"]}}],"collection":[{"href":"https:\/\/www.voluntasdei.org\/en\/wp-json\/wp\/v2\/pages"}],"about":[{"href":"https:\/\/www.voluntasdei.org\/en\/wp-json\/wp\/v2\/types\/page"}],"author":[{"embeddable":true,"href":"https:\/\/www.voluntasdei.org\/en\/wp-json\/wp\/v2\/users\/1"}],"replies":[{"embeddable":true,"href":"https:\/\/www.voluntasdei.org\/en\/wp-json\/wp\/v2\/comments?post=3844"}],"version-history":[{"count":32,"href":"https:\/\/www.voluntasdei.org\/en\/wp-json\/wp\/v2\/pages\/3844\/revisions"}],"predecessor-version":[{"id":6796,"href":"https:\/\/www.voluntasdei.org\/en\/wp-json\/wp\/v2\/pages\/3844\/revisions\/6796"}],"wp:attachment":[{"href":"https:\/\/www.voluntasdei.org\/en\/wp-json\/wp\/v2\/media?parent=3844"}],"curies":[{"name":"wp","href":"https:\/\/api.w.org\/{rel}","templated":true}]}}