{"id":269,"date":"2009-06-06T20:45:55","date_gmt":"2009-06-06T18:45:55","guid":{"rendered":"https:\/\/www.voluntasdei.org\/le-charisme-fr\/"},"modified":"2023-02-03T17:18:21","modified_gmt":"2023-02-03T22:18:21","slug":"le-charisme-fr","status":"publish","type":"page","link":"https:\/\/www.voluntasdei.org\/en\/the-charism-en\/","title":{"rendered":"The charism"},"content":{"rendered":"<h2>Le charisme<\/h2>\n<ul>\n<li>\n        <a href=\"\/qui-sommes-nous-fr\/\">Qui sommes-nous?<\/a>\n    <\/li>\n<li>\n        <a href=\"\/les-membres-fr\/\">Les membres<\/a>\n    <\/li>\n<li>\n        <a href=\"\/la-spiritualite-2\/\">La spiritualit\u00e9<\/a>\n    <\/li>\n<li>\n        <a href=\"\/la-consecration\/\">La cons\u00e9cration<\/a>\n    <\/li>\n<li>\n        <a href=\"\/la-formation-fr-2\/\">La formation<\/a>\n    <\/li>\n<li>\n        <a href=\"\/la-vie-d-equipe\/\">La vie d\u2019\u00e9quipe<\/a>\n    <\/li>\n<li>\n        <a href=\"\/la-vie-d-un-voluntas-dei\/\">La vie d&#8217;un Voluntas Dei<\/a>\n    <\/li>\n<\/ul>\n<div>\n<div class=\"texte\">\n<div class=\"texte\" style=\"text-align: justify;\">\n<div class=\"texte\" style=\"text-align: justify;\">\n<div class=\"texte\" style=\"text-align: justify;\"><span style=\"color: #ff6600;\">L<\/span>e charisme est un cadeau sp\u00e9cial et une gr\u00e2ce particuli\u00e8re de Dieu qui invite les membres d\u2019une congr\u00e9gation religieuse donn\u00e9e ou d\u2019un institut donn\u00e9\u00a0pour vivre leur vie consacr\u00e9e. Chaque ordre religieux a son propre charisme avec lequel il contribue \u00e0 sa mani\u00e8re \u00e0 l\u2019\u00e9vang\u00e9lisation, avec l\u2019\u00c9glise, en vue de l\u2019\u00e9tablissement du R\u00e8gne de Dieu. Le charisme d\u00e9termine donc la mission.\u00a0<\/div>\n<div class=\"texte\">\n<p><strong>Ainsi le charisme d\u2019un Voluntas Dei est :<\/strong><\/p>\n<\/div>\n<\/div>\n<\/div>\n<\/div>\n<\/div>\n<p><img decoding=\"async\" src=\"\/wp-content\/uploads\/2021\/12\/mission-01-es.jpg\" alt=\"\"><\/p>\n<div>\n<p><strong>Pourquoi?<\/strong><\/p>\n<ul>\n<li>Pour cr\u00e9er la paix en J\u00e9sus-Christ<\/li>\n<li>Pour cr\u00e9er la fraternit\u00e9 en J\u00e9sus-Christ<\/li>\n<\/ul>\n<p><strong>Comment? \u00c0 travers<\/strong><\/p>\n<ul>\n<li>La mystique des 5-5-5<\/li>\n<li>L\u2019\u00e9quipe<\/li>\n<li>Le positif<\/li>\n<li>Le moment pr\u00e9sent<\/li>\n<li>Le contact chr\u00e9tien\u00a0<\/li>\n<\/ul>\n<\/div>\n<div>\n<p style=\"text-align: justify;\">Le charisme de l\u2019Institut invite nos membres \u00e0 participer comme la vierge Marie \u00e0 la mission de J\u00e9sus qui est venu dans le monde pour faire la volont\u00e9 du P\u00e8re. Comme Marie, les Voluntas renouvellent leur \u00ab oui \u00bb quotidiennement dans un esprit d\u2019abandon \u00e0 Dieu.<\/p>\n<p style=\"text-align: justify;\">Chaque jour, cette mission est v\u00e9cue dans la r\u00e9alit\u00e9 du moment pr\u00e9sent et au c\u0153ur du monde. C\u2019est dans les rapports humains et les activit\u00e9s quotidiennes que nos membres sont appel\u00e9s \u00e0 \u00eatre les instruments du Christ.<\/p>\n<p style=\"text-align: justify;\">Quelle que soit la situation, un esprit missionnaire doit animer les membres de l\u2019Institut puisque leur sph\u00e8re d\u2019activit\u00e9 devient le lieu o\u00f9 ils doivent \u00eatre t\u00e9moin, c\u2019est-\u00e0-dire partout o\u00f9 le Christ a ses droits. Ainsi, ils sont appel\u00e9s \u00e0 semer la paix, \u00e0 r\u00e9v\u00e9ler une authentique vie fraternelle et \u00e0 d\u00e9couvrir la solidarit\u00e9 avec tous ceux qu\u2019ils c\u00f4toient.<\/p>\n<\/div>\n<p><!--more--><br \/>\n<!-- {\"children\":[{\"type\":\"section\",\"props\":{\"header_transparent\":\"dark\",\"image\":\"wp-content\\\/uploads\\\/2023\\\/01\\\/Nouvelle-entete_IVD.jpg\",\"image_height\":\"auto\",\"image_loading\":true,\"image_position\":\"center-center\",\"image_size\":\"cover\",\"overlap\":false,\"padding\":\"xsmall\",\"style\":\"default\",\"title_breakpoint\":\"xl\",\"title_position\":\"top-left\",\"title_rotation\":\"left\",\"vertical_align\":\"middle\",\"width\":\"large\"},\"children\":[{\"type\":\"row\",\"children\":[{\"type\":\"column\",\"props\":{\"image_position\":\"center-center\",\"media_overlay_gradient\":\"\",\"position_sticky_breakpoint\":\"m\",\"width_medium\":\"1-1\"},\"children\":[{\"type\":\"headline\",\"props\":{\"content\":\"Le charisme\",\"content_en_gb\":\"The charism\",\"content_es_es\":\"El carisma\",\"css\":\".el-element{font-family:open sans,arial,sans serif;color:white;}\",\"text_align\":\"center\",\"title_color\":\"success\",\"title_element\":\"h2\"}}]}]}],\"name\":\"Accueil 051122\"},{\"type\":\"section\",\"props\":{\"image_position\":\"center-center\",\"padding\":\"xsmall\",\"style\":\"default\",\"title_breakpoint\":\"xl\",\"title_position\":\"top-left\",\"title_rotation\":\"left\",\"vertical_align\":\"middle\",\"width\":\"small\"},\"children\":[{\"type\":\"row\",\"children\":[{\"type\":\"column\",\"props\":{\"image_position\":\"center-center\",\"media_overlay_gradient\":\"\",\"position_sticky_breakpoint\":\"m\",\"width_medium\":\"1-1\"},\"children\":[{\"type\":\"subnav\",\"props\":{\"attributes\":\"\",\"margin_remove_top\":false,\"subnav_style\":\"divider\",\"text_align\":\"center\"},\"children\":[{\"type\":\"subnav_item\",\"props\":{\"active\":false,\"content\":\"Qui sommes-nous?\",\"content_en_gb\":\"Who we are?\",\"content_es_es\":\"\\u00bfQuienes somos?\",\"link\":\"qui-sommes-nous-fr\\\/\",\"link_en_gb\":\"\\\/en\\\/qui-sommes-nous-fr\\\/\",\"link_es_es\":\"\\\/es\\\/qui-sommes-nous-fr\\\/\"}},{\"type\":\"subnav_item\",\"props\":{\"active\":false,\"content\":\"Les membres\",\"content_en_gb\":\"The members\",\"content_es_es\":\"Los miembros\",\"link\":\"les-membres-fr\\\/\",\"link_en_gb\":\"\\\/en\\\/les-membres-fr\\\/\",\"link_es_es\":\"\\\/es\\\/les-membres-fr\\\/\",\"yooessentials_access_conditions\":[],\"yooessentials_access_mode\":\"AND\"}},{\"type\":\"subnav_item\",\"props\":{\"content\":\"La spiritualit\\u00e9\",\"content_en_gb\":\"The spirituality\",\"content_es_es\":\"La espiritualidad\",\"link\":\"la-spiritualite-2\\\/\",\"link_en_gb\":\"\\\/en\\\/la-spiritualite-2\\\/\",\"link_es_es\":\"\\\/es\\\/la-spiritualite-2\\\/\"}},{\"type\":\"subnav_item\",\"props\":{\"content\":\"La cons\\u00e9cration\",\"content_en_gb\":\"The consecration\",\"content_es_es\":\"La consagraci\\u00f3n\",\"link\":\"la-consecration\\\/\",\"link_en_gb\":\"\\\/en\\\/la-consecration\\\/\",\"link_es_es\":\"\\\/es\\\/la-consecration\\\/\"}},{\"type\":\"subnav_item\",\"props\":{\"content\":\"La formation\",\"content_en_gb\":\"The formation\",\"content_es_es\":\"La formaci\\u00f3n\",\"link\":\"la-formation-fr-2\\\/\",\"link_en_gb\":\"\\\/en\\\/la-formation-fr-2\\\/\",\"link_es_es\":\"\\\/es\\\/la-formation-fr-2\\\/\"}},{\"type\":\"subnav_item\",\"props\":{\"content\":\"La vie d\\u2019\\u00e9quipe\",\"content_en_gb\":\"The Team Life\",\"content_es_es\":\"Equipos\",\"link\":\"la-vie-d-equipe\\\/\",\"link_en_gb\":\"\\\/en\\\/la-vie-d-equipe\\\/\",\"link_es_es\":\"\\\/es\\\/la-vie-d-equipe\\\/\"}},{\"type\":\"subnav_item\",\"props\":{\"content\":\"La vie d'un Voluntas Dei\",\"content_en_gb\":\"The Life of a Voluntas Dei\",\"content_es_es\":\"La vida de un Voluntas Dei\",\"link\":\"la-vie-d-un-voluntas-dei\\\/\",\"link_en_gb\":\"\\\/en\\\/la-vie-d-un-voluntas-dei\\\/\",\"link_es_es\":\"\\\/es\\\/la-vie-d-un-voluntas-dei\\\/\"}}],\"name\":\"Sous-menu - La vie Voluntas Dei - Global 090122\"},{\"type\":\"text\",\"props\":{\"column_breakpoint\":\"m\",\"content\":\"\n\n<div class=\\\"texte\\\">\\n\n\n<div class=\\\"texte\\\" style=\\\"text-align: justify;\\\">\\n\n\n<div class=\\\"texte\\\" style=\\\"text-align: justify;\\\">\\n\n\n<div class=\\\"texte\\\" style=\\\"text-align: justify;\\\"><span style=\\\"color: #ff6600;\\\">L<\\\/span>e charisme est un cadeau sp\\u00e9cial et une gr\\u00e2ce particuli\\u00e8re de Dieu qui invite les membres d\\u2019une congr\\u00e9gation religieuse donn\\u00e9e ou d\\u2019un institut donn\\u00e9\\u00a0pour vivre leur vie consacr\\u00e9e. Chaque ordre religieux a son propre charisme avec lequel il contribue \\u00e0 sa mani\\u00e8re \\u00e0 l\\u2019\\u00e9vang\\u00e9lisation, avec l\\u2019\\u00c9glise, en vue de l\\u2019\\u00e9tablissement du R\\u00e8gne de Dieu. Le charisme d\\u00e9termine donc la mission.\\u00a0<\\\/div>\\n\n\n<div class=\\\"texte\\\">\\n\n\n<p><strong>Ainsi le charisme d\\u2019un Voluntas Dei est :<\\\/strong><\\\/p>\\n<\\\/div>\\n<\\\/div>\\n<\\\/div>\\n<\\\/div>\",\"content_en_gb\":\"\n\n<div class=\\\"texte\\\" style=\\\"text-align: justify;\\\"><span style=\\\"color: #ff6600;\\\">T<\\\/span>he charism is a special gift and grace from God inviting the members of a particular religious congregation or institute to live their consecrated life. Every religious group has its own charism with which it contributes with the Church and in its own way to evangelising, for the coming of God\\u2019s Kingdom. And so, the charism determines the mission.<\\\/div>\\n\n\n<div class=\\\"texte\\\">\\n\n\n<p><strong>The Voluntas Dei charism is:<\\\/strong><\\\/p>\\n<\\\/div>\",\"content_es_es\":\"\n\n<div class=\\\"texte\\\" style=\\\"text-align: justify;\\\"><span style=\\\"color: #ff6600;\\\">E<\\\/span>l carisma es un regalo especial y una gracia particular de Dios que invita a los miembros de una congregaci\\u00f3n religiosa dada o de un instituto dado, para vivir su vida consagrada. Cada orden religiosa tiene su propio carisma con el cual contribuye con la Iglesia, a su manera, a la evangelizaci\\u00f3n, con miras al establecimiento del Reino de Dios. El carisma determina, por tanto, la misi\\u00f3n.<\\\/div>\\n\n\n<div class=\\\"texte\\\">\\n\n\n<p><strong>As\\u00ed el carisma de un Voluntas Dei es:<\\\/strong><\\\/p>\\n<\\\/div>\",\"dropcap\":true,\"margin\":\"medium\"}}]}]},{\"type\":\"row\",\"props\":{\"layout\":\"1-2,1-2\"},\"children\":[{\"type\":\"column\",\"props\":{\"image_position\":\"center-center\",\"media_overlay_gradient\":\"\",\"position_sticky_breakpoint\":\"m\",\"width_medium\":\"1-2\"},\"children\":[{\"type\":\"image\",\"props\":{\"image\":\"wp-content\\\/uploads\\\/2021\\\/12\\\/mission-01-es.jpg\",\"image_en_gb\":\"wp-content\\\/uploads\\\/2021\\\/12\\\/mission-01-an.jpg\",\"image_es_es\":\"wp-content\\\/uploads\\\/2021\\\/12\\\/mission-01-es.jpg\",\"image_svg_color\":\"emphasis\",\"image_width\":\"70%\",\"margin\":\"default\",\"text_align\":\"right\"}}]},{\"type\":\"column\",\"props\":{\"image_position\":\"center-center\",\"media_overlay_gradient\":\"\",\"position_sticky_breakpoint\":\"m\",\"width_medium\":\"1-2\"},\"children\":[{\"type\":\"text\",\"props\":{\"column_breakpoint\":\"m\",\"content\":\"\n\n<p><strong>Pourquoi?<\\\/strong><\\\/p>\\n\n\n<ul>\\n\n\n<li>Pour cr\\u00e9er la paix en J\\u00e9sus-Christ<\\\/li>\\n\n\n<li>Pour cr\\u00e9er la fraternit\\u00e9 en J\\u00e9sus-Christ<\\\/li>\\n<\\\/ul>\\n\n\n<p><strong>Comment? \\u00c0 travers<\\\/strong><\\\/p>\\n\n\n<ul>\\n\n\n<li>La mystique des 5-5-5<\\\/li>\\n\n\n<li>L\\u2019\\u00e9quipe<\\\/li>\\n\n\n<li>Le positif<\\\/li>\\n\n\n<li>Le moment pr\\u00e9sent<\\\/li>\\n\n\n<li>Le contact chr\\u00e9tien\\u00a0<\\\/li>\\n<\\\/ul>\",\"content_en_gb\":\"\n\n<p><strong>Why?<\\\/strong><\\\/p>\\n\n\n<ul>\\n\n\n<li>To create peace in Jesus Christ<\\\/li>\\n\n\n<li>To create brotherhood in Jesus Christ<\\\/li>\\n<\\\/ul>\\n\n\n<p><strong>How? Through<\\\/strong><\\\/p>\\n\n\n<ul>\\n\n\n<li>The spirituality of the 5-5-5<\\\/li>\\n\n\n<li>The team<\\\/li>\\n\n\n<li>Positiveness<\\\/li>\\n\n\n<li>The present moment<\\\/li>\\n\n\n<li>Christian contacts<\\\/li>\\n<\\\/ul>\",\"content_es_es\":\"\n\n<p><strong>\\u00bfPara qu\\u00e9?<\\\/strong><\\\/p>\\n\n\n<ul>\\n\n\n<li>Para crear la paz en Jesucristo<\\\/li>\\n\n\n<li>Para crear la fraternidad en Jesucristo<\\\/li>\\n<\\\/ul>\\n\n\n<p><strong>\\u00bfC\\u00f3mo? A trav\\u00e9s<\\\/strong><\\\/p>\\n\n\n<ul>\\n\n\n<li>De la m\\u00edstica de los 5-5-5<\\\/li>\\n\n\n<li>Del equipo<\\\/li>\\n\n\n<li>De lo positivo<\\\/li>\\n\n\n<li>Del momento presente<\\\/li>\\n\n\n<li>Del contacto cristiano<\\\/li>\\n<\\\/ul>\",\"margin\":\"default\"}}]}]},{\"type\":\"row\",\"children\":[{\"type\":\"column\",\"props\":{\"image_position\":\"center-center\",\"media_overlay_gradient\":\"\",\"position_sticky_breakpoint\":\"m\"},\"children\":[{\"type\":\"text\",\"props\":{\"column_breakpoint\":\"m\",\"content\":\"\n\n<p style=\\\"text-align: justify;\\\">Le charisme de l\\u2019Institut invite nos membres \\u00e0 participer comme la vierge Marie \\u00e0 la mission de J\\u00e9sus qui est venu dans le monde pour faire la volont\\u00e9 du P\\u00e8re. Comme Marie, les Voluntas renouvellent leur \\u00ab oui \\u00bb quotidiennement dans un esprit d\\u2019abandon \\u00e0 Dieu.<\\\/p>\\n\n\n<p style=\\\"text-align: justify;\\\">Chaque jour, cette mission est v\\u00e9cue dans la r\\u00e9alit\\u00e9 du moment pr\\u00e9sent et au c\\u0153ur du monde. C\\u2019est dans les rapports humains et les activit\\u00e9s quotidiennes que nos membres sont appel\\u00e9s \\u00e0 \\u00eatre les instruments du Christ.<\\\/p>\\n\n\n<p style=\\\"text-align: justify;\\\">Quelle que soit la situation, un esprit missionnaire doit animer les membres de l\\u2019Institut puisque leur sph\\u00e8re d\\u2019activit\\u00e9 devient le lieu o\\u00f9 ils doivent \\u00eatre t\\u00e9moin, c\\u2019est-\\u00e0-dire partout o\\u00f9 le Christ a ses droits. Ainsi, ils sont appel\\u00e9s \\u00e0 semer la paix, \\u00e0 r\\u00e9v\\u00e9ler une authentique vie fraternelle et \\u00e0 d\\u00e9couvrir la solidarit\\u00e9 avec tous ceux qu\\u2019ils c\\u00f4toient.<\\\/p>\",\"content_en_gb\":\"\n\n<p style=\\\"text-align: justify;\\\">The charism of the Institute invites our members to share, as did the Virgin Mary, in the mission of Jesus who came into the world to do the will of the Father. Like Mary, the Voluntas Deis renew their \\u201cyes\\u201d daily in a spirit of spiritual surrender to God.<\\\/p>\\n\n\n<p style=\\\"text-align: justify;\\\">This mission is lived daily in the reality of the present moment and in the midst of the world. It is within human relationships and daily activity that our members are called to be the instruments of Christ.<\\\/p>\\n\n\n<p style=\\\"text-align: justify;\\\">Whatever the situation, the members of the Institute must be motivated by a missionary spirit, since its sphere of activity is where they must winess, that is, wherever Christ has his rights. In this way, the members are called to be peacemakers, to experience a true fraternal life, and to discover solidarity with everyone they come in contact with.<\\\/p>\",\"content_es_es\":\"\n\n<p><span>El carisma del Instituto invita a nuestros miembros a participar, como la Virgen Mar\\u00eda, en la misi\\u00f3n de Jes\\u00fas, quien vino al mundo para hacer la voluntad del Padre. Como Mar\\u00eda, los Voluntas Dei renuevan su \\u201cs\\u00ed\\u201d cotidianamente en un esp\\u00edritu de abandono a Dios.<\\\/span><br \\\/><br \\\/><span>Cada d\\u00eda, esta misi\\u00f3n es vivida en la realidad del momento presente y en pleno mundo. En las relaciones humanas y en las actividades cotidianas, nuestros miembros est\\u00e1n llamados a ser los instrumentos de Cristo.<\\\/span><br \\\/><br \\\/><span>Cualquiera que sea la situaci\\u00f3n, un esp\\u00edritu misionero debe animar a los miembros del Instituto, puesto que su esfera de actividad llega a ser el lugar donde deben ser testigos, es decir, en todas partes donde Cristo tiene sus derechos. As\\u00ed, ellos est\\u00e1n llamados a sembrar la paz, a revelar una aut\\u00e9ntica vida fraterna y a descubrir la solidaridad con los que viven.<\\\/span><\\\/p>\",\"margin\":\"default\"}}]}]}]}],\"version\":\"3.0.23\",\"type\":\"layout\",\"yooessentialsVersion\":\"1.9.3\"} --><\/p>\n","protected":false},"excerpt":{"rendered":"<p>Le charisme Qui sommes-nous? Les membres La spiritualit\u00e9 La cons\u00e9cration La formation La vie d\u2019\u00e9quipe La vie d&#8217;un Voluntas Dei Le charisme est un cadeau sp\u00e9cial et une gr\u00e2ce particuli\u00e8re de Dieu qui invite les membres d\u2019une congr\u00e9gation religieuse donn\u00e9e ou d\u2019un institut donn\u00e9\u00a0pour vivre leur vie consacr\u00e9e. Chaque ordre religieux a son propre charisme [&hellip;]<\/p>\n","protected":false},"author":1,"featured_media":0,"parent":0,"menu_order":1,"comment_status":"closed","ping_status":"closed","template":"","meta":{"footnotes":""},"class_list":["post-269","page","type-page","status-publish","hentry"],"_links":{"self":[{"href":"https:\/\/www.voluntasdei.org\/en\/wp-json\/wp\/v2\/pages\/269","targetHints":{"allow":["GET"]}}],"collection":[{"href":"https:\/\/www.voluntasdei.org\/en\/wp-json\/wp\/v2\/pages"}],"about":[{"href":"https:\/\/www.voluntasdei.org\/en\/wp-json\/wp\/v2\/types\/page"}],"author":[{"embeddable":true,"href":"https:\/\/www.voluntasdei.org\/en\/wp-json\/wp\/v2\/users\/1"}],"replies":[{"embeddable":true,"href":"https:\/\/www.voluntasdei.org\/en\/wp-json\/wp\/v2\/comments?post=269"}],"version-history":[{"count":66,"href":"https:\/\/www.voluntasdei.org\/en\/wp-json\/wp\/v2\/pages\/269\/revisions"}],"predecessor-version":[{"id":6793,"href":"https:\/\/www.voluntasdei.org\/en\/wp-json\/wp\/v2\/pages\/269\/revisions\/6793"}],"wp:attachment":[{"href":"https:\/\/www.voluntasdei.org\/en\/wp-json\/wp\/v2\/media?parent=269"}],"curies":[{"name":"wp","href":"https:\/\/api.w.org\/{rel}","templated":true}]}}